{"id":1121,"date":"2015-11-25T14:14:59","date_gmt":"2015-11-25T12:14:59","guid":{"rendered":"http:\/\/valokuvakeskusnykyaika.fi\/?page_id=1121"},"modified":"2026-03-26T14:32:15","modified_gmt":"2026-03-26T12:32:15","slug":"kuukauden-kuva","status":"publish","type":"page","link":"http:\/\/valokuvakeskusnykyaika.fi\/en\/kuukauden-kuva\/","title":{"rendered":"Photo of the month"},"content":{"rendered":"<p>&nbsp;<\/p>\n<p>The picture of the month is a photographic work on the wall of our library. The place is open to good suggestions! Suggest a picture of the month and a month that suits you. <strong>by contacting<\/strong> exhibition assistant. For more information, please call the gallery or email galleria.nykyaika (at) backlight.fi. Send us a photo attachment of your proposal by email.<\/p>\n<p>The picture of the month is worth suggesting if you are, for example.<\/p>\n<p>a photographer with an idea for a new project in the pipeline - here's a free test site<br \/>a photographer who has one great image but not yet a project to apply for an exhibition<br \/>a student of photography or a serious enthusiast, this is a great opportunity for you to showcase your skills.<\/p>\n<p>The picture of the month has its own place on the shelf of the Contemporary Library. The width of the shelf is 107 cm, which should be taken into account in the size of the photograph. We prefer framed or primed photos and high-quality prints. Please take care of the framing of the work yourself, as unfortunately we are unable to provide frames on behalf of the gallery.<\/p>\n<p><img loading=\"lazy\" decoding=\"async\" class=\"wp-image-6451  aligncenter\" src=\"https:\/\/valokuvakeskusnykyaika.fi\/wp-content\/uploads\/2025\/05\/valmis-9694-427x640.jpg\" alt=\"\" width=\"441\" height=\"661\" \/><\/p>\n<p>&nbsp;<\/p>\n<p><strong>Photo of the month\u00a0<\/strong><\/p>\n<p>March 2026 - Hannu Iso-Oja<\/p>\n<p>&nbsp;<\/p>\n<p><strong>Photo of the mont artists we've previously showcased: <\/strong><\/p>\n<p>2026: Jarmo Koponen, Satu Uskali<\/p>\n<p>2025: Oona Luiro, Maria Lindell, Johanna Hjorth<\/p>\n<p>2023: Raimo Dahl, Heikki Salonsaari, Olli Jaakkola, Maxime Vignaud, Saara Sillanp\u00e4\u00e4, Johanna Hjorth<\/p>\n<p>2022: Taika Oja, Anastasia Korpelainen, Maria Rannanheimo, Jenni H\u00e4m\u00e4l\u00e4inen, Nina Dannert, Jarno Heinonen<\/p>\n<p>2021: Juha Ruotsalainen, Heikki Kynsij\u00e4rvi, Aimo Hyv\u00e4rinen, Mariliina Valkama, Anne Tamminen, Jarno Heinonen, Liisa M\u00e4kinen, Jere Koutonen<\/p>\n<p>2020: Janne Laine, Petri Nuutinen, Karoliina Paappa, Maria Lukala, Miina Puolitaival, Nuutti P\u00e4\u00e4llysaho<\/p>\n<p>2019: Ari Jaaksi, Lauri Dammert, Nina Peltonen, Aki Vuorinen, Miska Allonen, Jouni Erola <em>(teos yo. kuvassa),<\/em> Santeri Sarkola<em><br \/><\/em><\/p>\n<p>2018: Ari Heinola, Johanna Hanka, Oona Luiro, Jenni Tuominen, Saara Sillanp\u00e4\u00e4, Eijaa Heikkinen, Johannes Joenper\u00e4, Laura Happo, Nina Peltonen, polaroideja SNAP lasten ja nuorten valokuvafestivaaleilta<\/p>\n<p>2017:\u00a0 Harri Heinonen, Marcus Sachse, Saija Saarenp\u00e4\u00e4, Antti Kujala, Nuno Rissanen, Nena Tirkkonen, Sylvester Kivel\u00e4, Sini Keskitalo, Heli Str\u00f6m, Pekka Nikula, Saara Sillanp\u00e4\u00e4<\/p>\n<p>2016: Mirja Muurimaa, Anne Tamminen, Seppo Aura, Sanna Roine, Nena Tirkkonen, Tomas Amos Kouba, Hans Viebrock, Aino Vuokola, Tiia Lahdelma, Jaana Tyrmi, Maarit Mustonen, Johannes Joenper\u00e4<\/p>\n<p>2015: Terhi Asumaniemi, Marja-Liisa Torniainen<\/p>\n\n\n<p><\/p>","protected":false},"excerpt":{"rendered":"<p>&nbsp; Kuukauden kuva on k\u00e4sikirjastomme sein\u00e4ll\u00e4 oleva valokuvateos. Paikka on avoin hyv\u00e4lle ehdotukselle! Ehdota kuukauden kuvaa ja sinulle sopivaa kuukautta ottamalla yhteys n\u00e4yttelyassistenttiin. Lis\u00e4tietoja voi kysy\u00e4 soittamalla galleriaan tai s\u00e4hk\u00f6postitse galleria.nykyaika (at) backlight.fi. L\u00e4het\u00e4 meille ehdotuksestasi kuvaliite s\u00e4hk\u00f6postitse. Kuukauden kuvaa kannattaa ehdottaa, jos olet esimerkiksi * valokuvataiteilija, jolla on uuden projektin ajatus aluillaan &#8211; t\u00e4ss\u00e4 [&hellip;]<\/p>\n","protected":false},"author":6,"featured_media":0,"parent":0,"menu_order":0,"comment_status":"closed","ping_status":"closed","template":"","meta":{"iawp_total_views":884,"footnotes":""},"class_list":["post-1121","page","type-page","status-publish","hentry"],"yoast_head":"<!-- This site is optimized with the Yoast SEO plugin v27.4 - https:\/\/yoast.com\/product\/yoast-seo-wordpress\/ -->\n<title>Kuukauden kuva - Valokuvakeskus Nykyaika<\/title>\n<meta name=\"robots\" content=\"index, follow, max-snippet:-1, max-image-preview:large, max-video-preview:-1\" \/>\n<link rel=\"canonical\" href=\"https:\/\/valokuvakeskusnykyaika.fi\/en\/kuukauden-kuva\/\" \/>\n<meta property=\"og:locale\" content=\"en_GB\" \/>\n<meta property=\"og:type\" content=\"article\" \/>\n<meta property=\"og:title\" content=\"Kuukauden kuva - Valokuvakeskus Nykyaika\" \/>\n<meta property=\"og:description\" content=\"&nbsp; Kuukauden kuva on k\u00e4sikirjastomme sein\u00e4ll\u00e4 oleva valokuvateos. Paikka on avoin hyv\u00e4lle ehdotukselle! Ehdota kuukauden kuvaa ja sinulle sopivaa kuukautta ottamalla yhteys n\u00e4yttelyassistenttiin. Lis\u00e4tietoja voi kysy\u00e4 soittamalla galleriaan tai s\u00e4hk\u00f6postitse galleria.nykyaika (at) backlight.fi. L\u00e4het\u00e4 meille ehdotuksestasi kuvaliite s\u00e4hk\u00f6postitse. Kuukauden kuvaa kannattaa ehdottaa, jos olet esimerkiksi * valokuvataiteilija, jolla on uuden projektin ajatus aluillaan &#8211; t\u00e4ss\u00e4 [&hellip;]\" \/>\n<meta property=\"og:url\" content=\"https:\/\/valokuvakeskusnykyaika.fi\/en\/kuukauden-kuva\/\" \/>\n<meta property=\"og:site_name\" content=\"Valokuvakeskus Nykyaika\" \/>\n<meta property=\"article:publisher\" content=\"https:\/\/www.facebook.com\/valokuvakeskus.nykyaika\/\" \/>\n<meta property=\"article:modified_time\" content=\"2026-03-26T12:32:15+00:00\" \/>\n<meta property=\"og:image\" content=\"https:\/\/valokuvakeskusnykyaika.fi\/wp-content\/uploads\/2025\/05\/valmis-9694-scaled.jpg\" \/>\n\t<meta property=\"og:image:width\" content=\"1707\" \/>\n\t<meta property=\"og:image:height\" content=\"2560\" \/>\n\t<meta property=\"og:image:type\" content=\"image\/jpeg\" \/>\n<meta name=\"twitter:card\" content=\"summary_large_image\" \/>\n<meta name=\"twitter:site\" content=\"@nykyaika\" \/>\n<meta name=\"twitter:label1\" content=\"Estimated reading time\" \/>\n\t<meta name=\"twitter:data1\" content=\"2 minutes\" \/>\n<script type=\"application\/ld+json\" class=\"yoast-schema-graph\">{\"@context\":\"https:\\\/\\\/schema.org\",\"@graph\":[{\"@type\":\"WebPage\",\"@id\":\"https:\\\/\\\/valokuvakeskusnykyaika.fi\\\/kuukauden-kuva\\\/\",\"url\":\"https:\\\/\\\/valokuvakeskusnykyaika.fi\\\/kuukauden-kuva\\\/\",\"name\":\"Kuukauden kuva - Valokuvakeskus Nykyaika\",\"isPartOf\":{\"@id\":\"https:\\\/\\\/valokuvakeskusnykyaika.fi\\\/#website\"},\"primaryImageOfPage\":{\"@id\":\"https:\\\/\\\/valokuvakeskusnykyaika.fi\\\/kuukauden-kuva\\\/#primaryimage\"},\"image\":{\"@id\":\"https:\\\/\\\/valokuvakeskusnykyaika.fi\\\/kuukauden-kuva\\\/#primaryimage\"},\"thumbnailUrl\":\"https:\\\/\\\/valokuvakeskusnykyaika.fi\\\/wp-content\\\/uploads\\\/2025\\\/05\\\/valmis-9694-427x640.jpg\",\"datePublished\":\"2015-11-25T12:14:59+00:00\",\"dateModified\":\"2026-03-26T12:32:15+00:00\",\"breadcrumb\":{\"@id\":\"https:\\\/\\\/valokuvakeskusnykyaika.fi\\\/kuukauden-kuva\\\/#breadcrumb\"},\"inLanguage\":\"en-GB\",\"potentialAction\":[{\"@type\":\"ReadAction\",\"target\":[\"https:\\\/\\\/valokuvakeskusnykyaika.fi\\\/kuukauden-kuva\\\/\"]}]},{\"@type\":\"ImageObject\",\"inLanguage\":\"en-GB\",\"@id\":\"https:\\\/\\\/valokuvakeskusnykyaika.fi\\\/kuukauden-kuva\\\/#primaryimage\",\"url\":\"https:\\\/\\\/valokuvakeskusnykyaika.fi\\\/wp-content\\\/uploads\\\/2025\\\/05\\\/valmis-9694-427x640.jpg\",\"contentUrl\":\"https:\\\/\\\/valokuvakeskusnykyaika.fi\\\/wp-content\\\/uploads\\\/2025\\\/05\\\/valmis-9694-427x640.jpg\"},{\"@type\":\"BreadcrumbList\",\"@id\":\"https:\\\/\\\/valokuvakeskusnykyaika.fi\\\/kuukauden-kuva\\\/#breadcrumb\",\"itemListElement\":[{\"@type\":\"ListItem\",\"position\":1,\"name\":\"Etusivu\",\"item\":\"https:\\\/\\\/valokuvakeskusnykyaika.fi\\\/\"},{\"@type\":\"ListItem\",\"position\":2,\"name\":\"Kuukauden kuva\"}]},{\"@type\":\"WebSite\",\"@id\":\"https:\\\/\\\/valokuvakeskusnykyaika.fi\\\/#website\",\"url\":\"https:\\\/\\\/valokuvakeskusnykyaika.fi\\\/\",\"name\":\"Valokuvakeskus Nykyaika\",\"description\":\"Nykyaika on avoin kohtaamispaikka kaikille valokuvataiteen yst\u00e4ville\",\"publisher\":{\"@id\":\"https:\\\/\\\/valokuvakeskusnykyaika.fi\\\/#organization\"},\"potentialAction\":[{\"@type\":\"SearchAction\",\"target\":{\"@type\":\"EntryPoint\",\"urlTemplate\":\"https:\\\/\\\/valokuvakeskusnykyaika.fi\\\/?s={search_term_string}\"},\"query-input\":{\"@type\":\"PropertyValueSpecification\",\"valueRequired\":true,\"valueName\":\"search_term_string\"}}],\"inLanguage\":\"en-GB\"},{\"@type\":\"Organization\",\"@id\":\"https:\\\/\\\/valokuvakeskusnykyaika.fi\\\/#organization\",\"name\":\"Valokuvakeskus Nykyaika\",\"url\":\"https:\\\/\\\/valokuvakeskusnykyaika.fi\\\/\",\"logo\":{\"@type\":\"ImageObject\",\"inLanguage\":\"en-GB\",\"@id\":\"https:\\\/\\\/valokuvakeskusnykyaika.fi\\\/#\\\/schema\\\/logo\\\/image\\\/\",\"url\":\"https:\\\/\\\/valokuvakeskusnykyaika.fi\\\/wp-content\\\/uploads\\\/2019\\\/01\\\/NY-Valokuvakeskus-logo-pieni.png\",\"contentUrl\":\"https:\\\/\\\/valokuvakeskusnykyaika.fi\\\/wp-content\\\/uploads\\\/2019\\\/01\\\/NY-Valokuvakeskus-logo-pieni.png\",\"width\":300,\"height\":314,\"caption\":\"Valokuvakeskus Nykyaika\"},\"image\":{\"@id\":\"https:\\\/\\\/valokuvakeskusnykyaika.fi\\\/#\\\/schema\\\/logo\\\/image\\\/\"},\"sameAs\":[\"https:\\\/\\\/www.facebook.com\\\/valokuvakeskus.nykyaika\\\/\",\"https:\\\/\\\/x.com\\\/nykyaika\",\"https:\\\/\\\/www.instagram.com\\\/nykyaika\\\/\"]}]}<\/script>\n<!-- \/ Yoast SEO plugin. -->","yoast_head_json":{"title":"Kuukauden kuva - Valokuvakeskus Nykyaika","robots":{"index":"index","follow":"follow","max-snippet":"max-snippet:-1","max-image-preview":"max-image-preview:large","max-video-preview":"max-video-preview:-1"},"canonical":"https:\/\/valokuvakeskusnykyaika.fi\/en\/kuukauden-kuva\/","og_locale":"en_GB","og_type":"article","og_title":"Kuukauden kuva - Valokuvakeskus Nykyaika","og_description":"&nbsp; Kuukauden kuva on k\u00e4sikirjastomme sein\u00e4ll\u00e4 oleva valokuvateos. Paikka on avoin hyv\u00e4lle ehdotukselle! Ehdota kuukauden kuvaa ja sinulle sopivaa kuukautta ottamalla yhteys n\u00e4yttelyassistenttiin. Lis\u00e4tietoja voi kysy\u00e4 soittamalla galleriaan tai s\u00e4hk\u00f6postitse galleria.nykyaika (at) backlight.fi. L\u00e4het\u00e4 meille ehdotuksestasi kuvaliite s\u00e4hk\u00f6postitse. Kuukauden kuvaa kannattaa ehdottaa, jos olet esimerkiksi * valokuvataiteilija, jolla on uuden projektin ajatus aluillaan &#8211; t\u00e4ss\u00e4 [&hellip;]","og_url":"https:\/\/valokuvakeskusnykyaika.fi\/en\/kuukauden-kuva\/","og_site_name":"Valokuvakeskus Nykyaika","article_publisher":"https:\/\/www.facebook.com\/valokuvakeskus.nykyaika\/","article_modified_time":"2026-03-26T12:32:15+00:00","og_image":[{"width":1707,"height":2560,"url":"https:\/\/valokuvakeskusnykyaika.fi\/wp-content\/uploads\/2025\/05\/valmis-9694-scaled.jpg","type":"image\/jpeg"}],"twitter_card":"summary_large_image","twitter_site":"@nykyaika","twitter_misc":{"Estimated reading time":"2 minutes"},"schema":{"@context":"https:\/\/schema.org","@graph":[{"@type":"WebPage","@id":"https:\/\/valokuvakeskusnykyaika.fi\/kuukauden-kuva\/","url":"https:\/\/valokuvakeskusnykyaika.fi\/kuukauden-kuva\/","name":"Kuukauden kuva - Valokuvakeskus Nykyaika","isPartOf":{"@id":"https:\/\/valokuvakeskusnykyaika.fi\/#website"},"primaryImageOfPage":{"@id":"https:\/\/valokuvakeskusnykyaika.fi\/kuukauden-kuva\/#primaryimage"},"image":{"@id":"https:\/\/valokuvakeskusnykyaika.fi\/kuukauden-kuva\/#primaryimage"},"thumbnailUrl":"https:\/\/valokuvakeskusnykyaika.fi\/wp-content\/uploads\/2025\/05\/valmis-9694-427x640.jpg","datePublished":"2015-11-25T12:14:59+00:00","dateModified":"2026-03-26T12:32:15+00:00","breadcrumb":{"@id":"https:\/\/valokuvakeskusnykyaika.fi\/kuukauden-kuva\/#breadcrumb"},"inLanguage":"en-GB","potentialAction":[{"@type":"ReadAction","target":["https:\/\/valokuvakeskusnykyaika.fi\/kuukauden-kuva\/"]}]},{"@type":"ImageObject","inLanguage":"en-GB","@id":"https:\/\/valokuvakeskusnykyaika.fi\/kuukauden-kuva\/#primaryimage","url":"https:\/\/valokuvakeskusnykyaika.fi\/wp-content\/uploads\/2025\/05\/valmis-9694-427x640.jpg","contentUrl":"https:\/\/valokuvakeskusnykyaika.fi\/wp-content\/uploads\/2025\/05\/valmis-9694-427x640.jpg"},{"@type":"BreadcrumbList","@id":"https:\/\/valokuvakeskusnykyaika.fi\/kuukauden-kuva\/#breadcrumb","itemListElement":[{"@type":"ListItem","position":1,"name":"Etusivu","item":"https:\/\/valokuvakeskusnykyaika.fi\/"},{"@type":"ListItem","position":2,"name":"Kuukauden kuva"}]},{"@type":"WebSite","@id":"https:\/\/valokuvakeskusnykyaika.fi\/#website","url":"https:\/\/valokuvakeskusnykyaika.fi\/","name":"Photographic Centre Nykyaika","description":"Nykyaika on avoin kohtaamispaikka kaikille valokuvataiteen yst\u00e4ville","publisher":{"@id":"https:\/\/valokuvakeskusnykyaika.fi\/#organization"},"potentialAction":[{"@type":"SearchAction","target":{"@type":"EntryPoint","urlTemplate":"https:\/\/valokuvakeskusnykyaika.fi\/?s={search_term_string}"},"query-input":{"@type":"PropertyValueSpecification","valueRequired":true,"valueName":"search_term_string"}}],"inLanguage":"en-GB"},{"@type":"Organization","@id":"https:\/\/valokuvakeskusnykyaika.fi\/#organization","name":"Photographic Centre Nykyaika","url":"https:\/\/valokuvakeskusnykyaika.fi\/","logo":{"@type":"ImageObject","inLanguage":"en-GB","@id":"https:\/\/valokuvakeskusnykyaika.fi\/#\/schema\/logo\/image\/","url":"https:\/\/valokuvakeskusnykyaika.fi\/wp-content\/uploads\/2019\/01\/NY-Valokuvakeskus-logo-pieni.png","contentUrl":"https:\/\/valokuvakeskusnykyaika.fi\/wp-content\/uploads\/2019\/01\/NY-Valokuvakeskus-logo-pieni.png","width":300,"height":314,"caption":"Valokuvakeskus Nykyaika"},"image":{"@id":"https:\/\/valokuvakeskusnykyaika.fi\/#\/schema\/logo\/image\/"},"sameAs":["https:\/\/www.facebook.com\/valokuvakeskus.nykyaika\/","https:\/\/x.com\/nykyaika","https:\/\/www.instagram.com\/nykyaika\/"]}]}},"_links":{"self":[{"href":"http:\/\/valokuvakeskusnykyaika.fi\/en\/wp-json\/wp\/v2\/pages\/1121","targetHints":{"allow":["GET"]}}],"collection":[{"href":"http:\/\/valokuvakeskusnykyaika.fi\/en\/wp-json\/wp\/v2\/pages"}],"about":[{"href":"http:\/\/valokuvakeskusnykyaika.fi\/en\/wp-json\/wp\/v2\/types\/page"}],"author":[{"embeddable":true,"href":"http:\/\/valokuvakeskusnykyaika.fi\/en\/wp-json\/wp\/v2\/users\/6"}],"replies":[{"embeddable":true,"href":"http:\/\/valokuvakeskusnykyaika.fi\/en\/wp-json\/wp\/v2\/comments?post=1121"}],"version-history":[{"count":91,"href":"http:\/\/valokuvakeskusnykyaika.fi\/en\/wp-json\/wp\/v2\/pages\/1121\/revisions"}],"predecessor-version":[{"id":6817,"href":"http:\/\/valokuvakeskusnykyaika.fi\/en\/wp-json\/wp\/v2\/pages\/1121\/revisions\/6817"}],"wp:attachment":[{"href":"http:\/\/valokuvakeskusnykyaika.fi\/en\/wp-json\/wp\/v2\/media?parent=1121"}],"curies":[{"name":"wp","href":"https:\/\/api.w.org\/{rel}","templated":true}]}}