{"id":1073,"date":"2015-11-18T10:16:11","date_gmt":"2015-11-18T08:16:11","guid":{"rendered":"http:\/\/valokuvakeskusnykyaika.fi\/?page_id=1073"},"modified":"2026-03-27T13:01:36","modified_gmt":"2026-03-27T11:01:36","slug":"saavutettavuus","status":"publish","type":"page","link":"https:\/\/valokuvakeskusnykyaika.fi\/en\/saavutettavuus\/","title":{"rendered":"Location and accessibility"},"content":{"rendered":"<p><iframe loading=\"lazy\" style=\"border: 0;\" src=\"https:\/\/www.google.com\/maps\/embed?pb=!1m18!1m12!1m3!1d8524.263197094288!2d23.749501723147606!3d61.49545734188949!2m3!1f0!2f0!3f0!3m2!1i1024!2i768!4f13.1!3m3!1m2!1s0x468ed8a90508620d%3A0xb0ce09ac0263b6da!2sValokuvakeskus%20Nykyaika!5e0!3m2!1sfi!2sfi!4v1618393354577!5m2!1sfi!2sfi\" width=\"1000\" height=\"600\" allowfullscreen=\"allowfullscreen\"><\/iframe><\/p>\n<h3><strong>\u00a0<\/strong><br \/><strong>How to visit photographic centre Nykyaika:<\/strong><\/h3>\n<p>You can easily reach us on foot, by bus or by tram, as the photo centre is located in Tampere city centre, just a few minutes walk from the central square, at. <strong>Kauppakatu 14<\/strong>. Nykyaika is only a block away from the western end of H\u00e4meenkatu and H\u00e4meenpuisto. The nearest tram station to us is the Tuulensuu station (tram line 1), and the closest bus stops are H\u00e4meenpuisto (0066 and 0053).<\/p>\n<p>If you are travelling by car, please note that Kauppakatu is a one-way street, starting from H\u00e4meenpuisto. Paid on-street parking is available on Kauppakatu.<\/p>\n<h3><strong><br \/>Accessibility:<\/strong><\/h3>\n<p>Photographic centre Nykyaika is located on two floors. The building is old valuable real estate and therefore not entirely accessible.<\/p>\n<p>The street level of the gallery hosts one exhibition space and our reference library. The front door has two steps, on which we can place a ramp for accessibility by wheelchair or rollator. The width of the door is 80cm. The street-level floor has two low thresholds that can be crossed with assistive devices.<\/p>\n<p>An alternative access to the Nykyaika premises, directly on the side of the library, is possible through the inner courtyard of the building, in which case the wheelchair or rollator must be lifted over one threshold, about 10 cm high. The door is 75cm wide. The gate leading to the inner courtyard is locked, so this route can only be used when a visit to Nykyaika is arranged in advance. The best time to go through the courtyard is on weekdays until around 3PM.<\/p>\n<p>The street-level floor has a narrow toilet with a high threshold that cannot fit mobility aids or an assistant.\n\nThe lower floor can only be accessed by stairs.<\/p>\n<p>Guide dogs, assistance dogs and other dogs are also welcome at Nykyaika.<\/p>\n\n\n<h3 class=\"wp-block-heading\"><strong>Principles for a safer space<\/strong><\/h3>\n\n\n\n<p>Nykyaika Photo Centre is committed to the principles of safer space. Our exhibitions and events will adhere to mutually agreed safer space principles to ensure that everyone who attends feels welcome and safe.<\/p>\n\n\n\n<p>We are polite and considerate to everyone. We do not use offensive language.<\/p>\n\n\n\n<p>Every person is equal. We respect everyone's right to self-determination and freedom to be themselves.<\/p>\n\n\n\n<p>We respect each other's boundaries and our own space. No one may be touched without permission or harassed verbally, non-verbally or physically.<\/p>\n\n\n\n<p>We do not tolerate discrimination, harassment or violent behaviour. Everyone has the right to enjoy exhibitions and events in peace.<\/p>\n\n\n\n<p>If you encounter harassment, discrimination or other inappropriate behaviour towards yourself or another person, tell the staff or the association's harassment contact person (Ville Kurki, ville1_kurki(at)gmail.com).<\/p>\n\n\n\n<p>If someone does not respect the safer space policy or continues to behave in an offensive way despite a ban, staff have the right to remove them from the premises.<\/p>\n\n\n\n<p><\/p>","protected":false},"excerpt":{"rendered":"<p>\u00a0Kuinka tulla Valokuvakeskus Nykyaikaan: K\u00e4vellen, bussilla ja ratikalla pist\u00e4ydyt meille helposti, sill\u00e4 valokuvakeskus sijaitsee Tampereen ydinkeskustassa, vain muutaman minuutin k\u00e4velymatkan p\u00e4\u00e4ss\u00e4 keskustorilta, osoitteessa Kauppakatu 14. H\u00e4meenkadun l\u00e4nsip\u00e4\u00e4st\u00e4 sek\u00e4 H\u00e4meenpuistosta on Nykyaikaan vain korttelin matka. Ratikalla matkatessa meit\u00e4 l\u00e4hin pys\u00e4kki on Tuulensuu (linja 1), ja bussilla l\u00e4himm\u00e4t pys\u00e4kit ovat H\u00e4meenpuistot (0066 ja 0053). Kun olet liikkeell\u00e4 [&hellip;]<\/p>\n","protected":false},"author":6,"featured_media":0,"parent":0,"menu_order":0,"comment_status":"closed","ping_status":"closed","template":"","meta":{"iawp_total_views":1105,"footnotes":""},"class_list":["post-1073","page","type-page","status-publish","hentry"],"yoast_head":"<!-- This site is optimized with the Yoast SEO plugin v27.4 - https:\/\/yoast.com\/product\/yoast-seo-wordpress\/ -->\n<title>Sijainti ja saavutettavuus - Valokuvakeskus Nykyaika<\/title>\n<meta name=\"robots\" content=\"index, follow, max-snippet:-1, max-image-preview:large, max-video-preview:-1\" \/>\n<link rel=\"canonical\" href=\"https:\/\/valokuvakeskusnykyaika.fi\/en\/saavutettavuus\/\" \/>\n<meta property=\"og:locale\" content=\"en_GB\" \/>\n<meta property=\"og:type\" content=\"article\" \/>\n<meta property=\"og:title\" content=\"Sijainti ja saavutettavuus - Valokuvakeskus Nykyaika\" \/>\n<meta property=\"og:description\" content=\"\u00a0Kuinka tulla Valokuvakeskus Nykyaikaan: K\u00e4vellen, bussilla ja ratikalla pist\u00e4ydyt meille helposti, sill\u00e4 valokuvakeskus sijaitsee Tampereen ydinkeskustassa, vain muutaman minuutin k\u00e4velymatkan p\u00e4\u00e4ss\u00e4 keskustorilta, osoitteessa Kauppakatu 14. H\u00e4meenkadun l\u00e4nsip\u00e4\u00e4st\u00e4 sek\u00e4 H\u00e4meenpuistosta on Nykyaikaan vain korttelin matka. Ratikalla matkatessa meit\u00e4 l\u00e4hin pys\u00e4kki on Tuulensuu (linja 1), ja bussilla l\u00e4himm\u00e4t pys\u00e4kit ovat H\u00e4meenpuistot (0066 ja 0053). Kun olet liikkeell\u00e4 [&hellip;]\" \/>\n<meta property=\"og:url\" content=\"https:\/\/valokuvakeskusnykyaika.fi\/en\/saavutettavuus\/\" \/>\n<meta property=\"og:site_name\" content=\"Valokuvakeskus Nykyaika\" \/>\n<meta property=\"article:publisher\" content=\"https:\/\/www.facebook.com\/valokuvakeskus.nykyaika\/\" \/>\n<meta property=\"article:modified_time\" content=\"2026-03-27T11:01:36+00:00\" \/>\n<meta name=\"twitter:card\" content=\"summary_large_image\" \/>\n<meta name=\"twitter:site\" content=\"@nykyaika\" \/>\n<meta name=\"twitter:label1\" content=\"Estimated reading time\" \/>\n\t<meta name=\"twitter:data1\" content=\"2 minutes\" \/>\n<script type=\"application\/ld+json\" class=\"yoast-schema-graph\">{\"@context\":\"https:\\\/\\\/schema.org\",\"@graph\":[{\"@type\":\"WebPage\",\"@id\":\"https:\\\/\\\/valokuvakeskusnykyaika.fi\\\/saavutettavuus\\\/\",\"url\":\"https:\\\/\\\/valokuvakeskusnykyaika.fi\\\/saavutettavuus\\\/\",\"name\":\"Sijainti ja saavutettavuus - Valokuvakeskus Nykyaika\",\"isPartOf\":{\"@id\":\"https:\\\/\\\/valokuvakeskusnykyaika.fi\\\/#website\"},\"datePublished\":\"2015-11-18T08:16:11+00:00\",\"dateModified\":\"2026-03-27T11:01:36+00:00\",\"breadcrumb\":{\"@id\":\"https:\\\/\\\/valokuvakeskusnykyaika.fi\\\/saavutettavuus\\\/#breadcrumb\"},\"inLanguage\":\"en-GB\",\"potentialAction\":[{\"@type\":\"ReadAction\",\"target\":[\"https:\\\/\\\/valokuvakeskusnykyaika.fi\\\/saavutettavuus\\\/\"]}]},{\"@type\":\"BreadcrumbList\",\"@id\":\"https:\\\/\\\/valokuvakeskusnykyaika.fi\\\/saavutettavuus\\\/#breadcrumb\",\"itemListElement\":[{\"@type\":\"ListItem\",\"position\":1,\"name\":\"Etusivu\",\"item\":\"https:\\\/\\\/valokuvakeskusnykyaika.fi\\\/\"},{\"@type\":\"ListItem\",\"position\":2,\"name\":\"Sijainti ja saavutettavuus\"}]},{\"@type\":\"WebSite\",\"@id\":\"https:\\\/\\\/valokuvakeskusnykyaika.fi\\\/#website\",\"url\":\"https:\\\/\\\/valokuvakeskusnykyaika.fi\\\/\",\"name\":\"Valokuvakeskus Nykyaika\",\"description\":\"Nykyaika on avoin kohtaamispaikka kaikille valokuvataiteen yst\u00e4ville\",\"publisher\":{\"@id\":\"https:\\\/\\\/valokuvakeskusnykyaika.fi\\\/#organization\"},\"potentialAction\":[{\"@type\":\"SearchAction\",\"target\":{\"@type\":\"EntryPoint\",\"urlTemplate\":\"https:\\\/\\\/valokuvakeskusnykyaika.fi\\\/?s={search_term_string}\"},\"query-input\":{\"@type\":\"PropertyValueSpecification\",\"valueRequired\":true,\"valueName\":\"search_term_string\"}}],\"inLanguage\":\"en-GB\"},{\"@type\":\"Organization\",\"@id\":\"https:\\\/\\\/valokuvakeskusnykyaika.fi\\\/#organization\",\"name\":\"Valokuvakeskus Nykyaika\",\"url\":\"https:\\\/\\\/valokuvakeskusnykyaika.fi\\\/\",\"logo\":{\"@type\":\"ImageObject\",\"inLanguage\":\"en-GB\",\"@id\":\"https:\\\/\\\/valokuvakeskusnykyaika.fi\\\/#\\\/schema\\\/logo\\\/image\\\/\",\"url\":\"https:\\\/\\\/valokuvakeskusnykyaika.fi\\\/wp-content\\\/uploads\\\/2019\\\/01\\\/NY-Valokuvakeskus-logo-pieni.png\",\"contentUrl\":\"https:\\\/\\\/valokuvakeskusnykyaika.fi\\\/wp-content\\\/uploads\\\/2019\\\/01\\\/NY-Valokuvakeskus-logo-pieni.png\",\"width\":300,\"height\":314,\"caption\":\"Valokuvakeskus Nykyaika\"},\"image\":{\"@id\":\"https:\\\/\\\/valokuvakeskusnykyaika.fi\\\/#\\\/schema\\\/logo\\\/image\\\/\"},\"sameAs\":[\"https:\\\/\\\/www.facebook.com\\\/valokuvakeskus.nykyaika\\\/\",\"https:\\\/\\\/x.com\\\/nykyaika\",\"https:\\\/\\\/www.instagram.com\\\/nykyaika\\\/\"]}]}<\/script>\n<!-- \/ Yoast SEO plugin. -->","yoast_head_json":{"title":"Sijainti ja saavutettavuus - Valokuvakeskus Nykyaika","robots":{"index":"index","follow":"follow","max-snippet":"max-snippet:-1","max-image-preview":"max-image-preview:large","max-video-preview":"max-video-preview:-1"},"canonical":"https:\/\/valokuvakeskusnykyaika.fi\/en\/saavutettavuus\/","og_locale":"en_GB","og_type":"article","og_title":"Sijainti ja saavutettavuus - Valokuvakeskus Nykyaika","og_description":"\u00a0Kuinka tulla Valokuvakeskus Nykyaikaan: K\u00e4vellen, bussilla ja ratikalla pist\u00e4ydyt meille helposti, sill\u00e4 valokuvakeskus sijaitsee Tampereen ydinkeskustassa, vain muutaman minuutin k\u00e4velymatkan p\u00e4\u00e4ss\u00e4 keskustorilta, osoitteessa Kauppakatu 14. H\u00e4meenkadun l\u00e4nsip\u00e4\u00e4st\u00e4 sek\u00e4 H\u00e4meenpuistosta on Nykyaikaan vain korttelin matka. Ratikalla matkatessa meit\u00e4 l\u00e4hin pys\u00e4kki on Tuulensuu (linja 1), ja bussilla l\u00e4himm\u00e4t pys\u00e4kit ovat H\u00e4meenpuistot (0066 ja 0053). Kun olet liikkeell\u00e4 [&hellip;]","og_url":"https:\/\/valokuvakeskusnykyaika.fi\/en\/saavutettavuus\/","og_site_name":"Valokuvakeskus Nykyaika","article_publisher":"https:\/\/www.facebook.com\/valokuvakeskus.nykyaika\/","article_modified_time":"2026-03-27T11:01:36+00:00","twitter_card":"summary_large_image","twitter_site":"@nykyaika","twitter_misc":{"Estimated reading time":"2 minutes"},"schema":{"@context":"https:\/\/schema.org","@graph":[{"@type":"WebPage","@id":"https:\/\/valokuvakeskusnykyaika.fi\/saavutettavuus\/","url":"https:\/\/valokuvakeskusnykyaika.fi\/saavutettavuus\/","name":"Sijainti ja saavutettavuus - Valokuvakeskus Nykyaika","isPartOf":{"@id":"https:\/\/valokuvakeskusnykyaika.fi\/#website"},"datePublished":"2015-11-18T08:16:11+00:00","dateModified":"2026-03-27T11:01:36+00:00","breadcrumb":{"@id":"https:\/\/valokuvakeskusnykyaika.fi\/saavutettavuus\/#breadcrumb"},"inLanguage":"en-GB","potentialAction":[{"@type":"ReadAction","target":["https:\/\/valokuvakeskusnykyaika.fi\/saavutettavuus\/"]}]},{"@type":"BreadcrumbList","@id":"https:\/\/valokuvakeskusnykyaika.fi\/saavutettavuus\/#breadcrumb","itemListElement":[{"@type":"ListItem","position":1,"name":"Etusivu","item":"https:\/\/valokuvakeskusnykyaika.fi\/"},{"@type":"ListItem","position":2,"name":"Sijainti ja saavutettavuus"}]},{"@type":"WebSite","@id":"https:\/\/valokuvakeskusnykyaika.fi\/#website","url":"https:\/\/valokuvakeskusnykyaika.fi\/","name":"Photographic Centre Nykyaika","description":"Nykyaika on avoin kohtaamispaikka kaikille valokuvataiteen yst\u00e4ville","publisher":{"@id":"https:\/\/valokuvakeskusnykyaika.fi\/#organization"},"potentialAction":[{"@type":"SearchAction","target":{"@type":"EntryPoint","urlTemplate":"https:\/\/valokuvakeskusnykyaika.fi\/?s={search_term_string}"},"query-input":{"@type":"PropertyValueSpecification","valueRequired":true,"valueName":"search_term_string"}}],"inLanguage":"en-GB"},{"@type":"Organization","@id":"https:\/\/valokuvakeskusnykyaika.fi\/#organization","name":"Photographic Centre Nykyaika","url":"https:\/\/valokuvakeskusnykyaika.fi\/","logo":{"@type":"ImageObject","inLanguage":"en-GB","@id":"https:\/\/valokuvakeskusnykyaika.fi\/#\/schema\/logo\/image\/","url":"https:\/\/valokuvakeskusnykyaika.fi\/wp-content\/uploads\/2019\/01\/NY-Valokuvakeskus-logo-pieni.png","contentUrl":"https:\/\/valokuvakeskusnykyaika.fi\/wp-content\/uploads\/2019\/01\/NY-Valokuvakeskus-logo-pieni.png","width":300,"height":314,"caption":"Valokuvakeskus Nykyaika"},"image":{"@id":"https:\/\/valokuvakeskusnykyaika.fi\/#\/schema\/logo\/image\/"},"sameAs":["https:\/\/www.facebook.com\/valokuvakeskus.nykyaika\/","https:\/\/x.com\/nykyaika","https:\/\/www.instagram.com\/nykyaika\/"]}]}},"_links":{"self":[{"href":"https:\/\/valokuvakeskusnykyaika.fi\/en\/wp-json\/wp\/v2\/pages\/1073","targetHints":{"allow":["GET"]}}],"collection":[{"href":"https:\/\/valokuvakeskusnykyaika.fi\/en\/wp-json\/wp\/v2\/pages"}],"about":[{"href":"https:\/\/valokuvakeskusnykyaika.fi\/en\/wp-json\/wp\/v2\/types\/page"}],"author":[{"embeddable":true,"href":"https:\/\/valokuvakeskusnykyaika.fi\/en\/wp-json\/wp\/v2\/users\/6"}],"replies":[{"embeddable":true,"href":"https:\/\/valokuvakeskusnykyaika.fi\/en\/wp-json\/wp\/v2\/comments?post=1073"}],"version-history":[{"count":30,"href":"https:\/\/valokuvakeskusnykyaika.fi\/en\/wp-json\/wp\/v2\/pages\/1073\/revisions"}],"predecessor-version":[{"id":6826,"href":"https:\/\/valokuvakeskusnykyaika.fi\/en\/wp-json\/wp\/v2\/pages\/1073\/revisions\/6826"}],"wp:attachment":[{"href":"https:\/\/valokuvakeskusnykyaika.fi\/en\/wp-json\/wp\/v2\/media?parent=1073"}],"curies":[{"name":"wp","href":"https:\/\/api.w.org\/{rel}","templated":true}]}}