{"id":1159,"date":"2015-12-03T12:31:47","date_gmt":"2015-12-03T10:31:47","guid":{"rendered":"http:\/\/valokuvakeskusnykyaika.fi\/?page_id=1159"},"modified":"2025-11-08T12:03:14","modified_gmt":"2025-11-08T10:03:14","slug":"tyopaikat","status":"publish","type":"page","link":"https:\/\/valokuvakeskusnykyaika.fi\/en\/tyopaikat\/","title":{"rendered":"Jobs and volunteers"},"content":{"rendered":"<h2><\/h2>\n<h3>Gallery assistant entitled to pay subsidy<\/h3>\n<p>Every year we are looking for an Gallery Assistant for a fixed-term contract. The job is part-time (65%) and includes evening and weekend shifts. Duties include customer service and supervision of the gallery, social media, website maintenance, hanging and opening of exhibitions. Knowledge of the arts and cultural training would be an advantage.<\/p>\n<p>For more information about the positions, please contact Terhi Asumaniemi, Director: director.nykyaika(at)backlight.fi<\/p>\n<h3>Volunteering<\/h3>\n<p>Do you have a lot of spare time, and wish to do something new every now and then? Would you like to help for a few hours or on a couple of days? Or do you have something else in mind - your own project, to which you'd like a partner? Volunteering may be physically active such as delivering posters around the city, helping during opening night, technical work related to building or taking down exhibitions, or translator work (for our website, for example). Or something else - what would you like or know how to do? Tell us!<\/p>\n<p>Go ahead and contact us and tell us how you'd like to participate!<\/p>\n<p><span style=\"color: #008000;\"><a style=\"color: #008000;\" href=\"http:\/\/valokuvakeskusnykyaika.fi\/en\/henkilokunta\/\"><span style=\"color: #008080;\">All contact info of our executive director<\/span><\/a><\/span><\/p>","protected":false},"excerpt":{"rendered":"<p>Palkkatukeen oikeutettu n\u00e4yttelyassistentti Vuosittain haemme n\u00e4yttelyassistenttia m\u00e4\u00e4r\u00e4aikaiseen ty\u00f6suhteeseen. N\u00e4yttelyassistentin ty\u00f6 on osa-aikainen (65%) ja sis\u00e4lt\u00e4\u00e4 ilta- ja viikonloppuvuoroja. Teht\u00e4viin kuuluu mm. gallerian asiakaspalvelua ja valvontaa, some-tiedottamista, nettisivujen yll\u00e4pitoa, sek\u00e4 n\u00e4yttelyiden ripustamiseen ja avajaisiin liittyvi\u00e4 teht\u00e4vi\u00e4. Taidealan tuntemus ja kulttuurialan koulutus katsotaan eduksi. Lis\u00e4tietoja teht\u00e4vist\u00e4 antaa toiminnanjohtaja Terhi Asumaniemi: director.nykyaika(at)backlight.fi Vapaaehtoiseksi Onko sinulla paljon vapaa-aikaa, johon [&hellip;]<\/p>\n","protected":false},"author":6,"featured_media":0,"parent":0,"menu_order":0,"comment_status":"closed","ping_status":"closed","template":"","meta":{"iawp_total_views":660,"footnotes":""},"class_list":["post-1159","page","type-page","status-publish","hentry"],"yoast_head":"<!-- This site is optimized with the Yoast SEO plugin v27.3 - https:\/\/yoast.com\/product\/yoast-seo-wordpress\/ -->\n<title>Ty\u00f6paikat ja vapaaehtoiset - Valokuvakeskus Nykyaika<\/title>\n<meta name=\"robots\" content=\"index, follow, max-snippet:-1, max-image-preview:large, max-video-preview:-1\" \/>\n<link rel=\"canonical\" href=\"https:\/\/valokuvakeskusnykyaika.fi\/en\/tyopaikat\/\" \/>\n<meta property=\"og:locale\" content=\"en_GB\" \/>\n<meta property=\"og:type\" content=\"article\" \/>\n<meta property=\"og:title\" content=\"Ty\u00f6paikat ja vapaaehtoiset - Valokuvakeskus Nykyaika\" \/>\n<meta property=\"og:description\" content=\"Palkkatukeen oikeutettu n\u00e4yttelyassistentti Vuosittain haemme n\u00e4yttelyassistenttia m\u00e4\u00e4r\u00e4aikaiseen ty\u00f6suhteeseen. N\u00e4yttelyassistentin ty\u00f6 on osa-aikainen (65%) ja sis\u00e4lt\u00e4\u00e4 ilta- ja viikonloppuvuoroja. Teht\u00e4viin kuuluu mm. gallerian asiakaspalvelua ja valvontaa, some-tiedottamista, nettisivujen yll\u00e4pitoa, sek\u00e4 n\u00e4yttelyiden ripustamiseen ja avajaisiin liittyvi\u00e4 teht\u00e4vi\u00e4. Taidealan tuntemus ja kulttuurialan koulutus katsotaan eduksi. Lis\u00e4tietoja teht\u00e4vist\u00e4 antaa toiminnanjohtaja Terhi Asumaniemi: director.nykyaika(at)backlight.fi Vapaaehtoiseksi Onko sinulla paljon vapaa-aikaa, johon [&hellip;]\" \/>\n<meta property=\"og:url\" content=\"https:\/\/valokuvakeskusnykyaika.fi\/en\/tyopaikat\/\" \/>\n<meta property=\"og:site_name\" content=\"Valokuvakeskus Nykyaika\" \/>\n<meta property=\"article:publisher\" content=\"https:\/\/www.facebook.com\/valokuvakeskus.nykyaika\/\" \/>\n<meta property=\"article:modified_time\" content=\"2025-11-08T10:03:14+00:00\" \/>\n<meta name=\"twitter:card\" content=\"summary_large_image\" \/>\n<meta name=\"twitter:site\" content=\"@nykyaika\" \/>\n<meta name=\"twitter:label1\" content=\"Estimated reading time\" \/>\n\t<meta name=\"twitter:data1\" content=\"1 minute\" \/>\n<script type=\"application\/ld+json\" class=\"yoast-schema-graph\">{\"@context\":\"https:\\\/\\\/schema.org\",\"@graph\":[{\"@type\":\"WebPage\",\"@id\":\"https:\\\/\\\/valokuvakeskusnykyaika.fi\\\/tyopaikat\\\/\",\"url\":\"https:\\\/\\\/valokuvakeskusnykyaika.fi\\\/tyopaikat\\\/\",\"name\":\"Ty\u00f6paikat ja vapaaehtoiset - Valokuvakeskus Nykyaika\",\"isPartOf\":{\"@id\":\"https:\\\/\\\/valokuvakeskusnykyaika.fi\\\/#website\"},\"datePublished\":\"2015-12-03T10:31:47+00:00\",\"dateModified\":\"2025-11-08T10:03:14+00:00\",\"breadcrumb\":{\"@id\":\"https:\\\/\\\/valokuvakeskusnykyaika.fi\\\/tyopaikat\\\/#breadcrumb\"},\"inLanguage\":\"en-GB\",\"potentialAction\":[{\"@type\":\"ReadAction\",\"target\":[\"https:\\\/\\\/valokuvakeskusnykyaika.fi\\\/tyopaikat\\\/\"]}]},{\"@type\":\"BreadcrumbList\",\"@id\":\"https:\\\/\\\/valokuvakeskusnykyaika.fi\\\/tyopaikat\\\/#breadcrumb\",\"itemListElement\":[{\"@type\":\"ListItem\",\"position\":1,\"name\":\"Etusivu\",\"item\":\"https:\\\/\\\/valokuvakeskusnykyaika.fi\\\/\"},{\"@type\":\"ListItem\",\"position\":2,\"name\":\"Ty\u00f6paikat ja vapaaehtoiset\"}]},{\"@type\":\"WebSite\",\"@id\":\"https:\\\/\\\/valokuvakeskusnykyaika.fi\\\/#website\",\"url\":\"https:\\\/\\\/valokuvakeskusnykyaika.fi\\\/\",\"name\":\"Valokuvakeskus Nykyaika\",\"description\":\"Nykyaika on avoin kohtaamispaikka kaikille valokuvataiteen yst\u00e4ville\",\"publisher\":{\"@id\":\"https:\\\/\\\/valokuvakeskusnykyaika.fi\\\/#organization\"},\"potentialAction\":[{\"@type\":\"SearchAction\",\"target\":{\"@type\":\"EntryPoint\",\"urlTemplate\":\"https:\\\/\\\/valokuvakeskusnykyaika.fi\\\/?s={search_term_string}\"},\"query-input\":{\"@type\":\"PropertyValueSpecification\",\"valueRequired\":true,\"valueName\":\"search_term_string\"}}],\"inLanguage\":\"en-GB\"},{\"@type\":\"Organization\",\"@id\":\"https:\\\/\\\/valokuvakeskusnykyaika.fi\\\/#organization\",\"name\":\"Valokuvakeskus Nykyaika\",\"url\":\"https:\\\/\\\/valokuvakeskusnykyaika.fi\\\/\",\"logo\":{\"@type\":\"ImageObject\",\"inLanguage\":\"en-GB\",\"@id\":\"https:\\\/\\\/valokuvakeskusnykyaika.fi\\\/#\\\/schema\\\/logo\\\/image\\\/\",\"url\":\"https:\\\/\\\/valokuvakeskusnykyaika.fi\\\/wp-content\\\/uploads\\\/2019\\\/01\\\/NY-Valokuvakeskus-logo-pieni.png\",\"contentUrl\":\"https:\\\/\\\/valokuvakeskusnykyaika.fi\\\/wp-content\\\/uploads\\\/2019\\\/01\\\/NY-Valokuvakeskus-logo-pieni.png\",\"width\":300,\"height\":314,\"caption\":\"Valokuvakeskus Nykyaika\"},\"image\":{\"@id\":\"https:\\\/\\\/valokuvakeskusnykyaika.fi\\\/#\\\/schema\\\/logo\\\/image\\\/\"},\"sameAs\":[\"https:\\\/\\\/www.facebook.com\\\/valokuvakeskus.nykyaika\\\/\",\"https:\\\/\\\/x.com\\\/nykyaika\",\"https:\\\/\\\/www.instagram.com\\\/nykyaika\\\/\"]}]}<\/script>\n<!-- \/ Yoast SEO plugin. -->","yoast_head_json":{"title":"Ty\u00f6paikat ja vapaaehtoiset - Valokuvakeskus Nykyaika","robots":{"index":"index","follow":"follow","max-snippet":"max-snippet:-1","max-image-preview":"max-image-preview:large","max-video-preview":"max-video-preview:-1"},"canonical":"https:\/\/valokuvakeskusnykyaika.fi\/en\/tyopaikat\/","og_locale":"en_GB","og_type":"article","og_title":"Ty\u00f6paikat ja vapaaehtoiset - Valokuvakeskus Nykyaika","og_description":"Palkkatukeen oikeutettu n\u00e4yttelyassistentti Vuosittain haemme n\u00e4yttelyassistenttia m\u00e4\u00e4r\u00e4aikaiseen ty\u00f6suhteeseen. N\u00e4yttelyassistentin ty\u00f6 on osa-aikainen (65%) ja sis\u00e4lt\u00e4\u00e4 ilta- ja viikonloppuvuoroja. Teht\u00e4viin kuuluu mm. gallerian asiakaspalvelua ja valvontaa, some-tiedottamista, nettisivujen yll\u00e4pitoa, sek\u00e4 n\u00e4yttelyiden ripustamiseen ja avajaisiin liittyvi\u00e4 teht\u00e4vi\u00e4. Taidealan tuntemus ja kulttuurialan koulutus katsotaan eduksi. Lis\u00e4tietoja teht\u00e4vist\u00e4 antaa toiminnanjohtaja Terhi Asumaniemi: director.nykyaika(at)backlight.fi Vapaaehtoiseksi Onko sinulla paljon vapaa-aikaa, johon [&hellip;]","og_url":"https:\/\/valokuvakeskusnykyaika.fi\/en\/tyopaikat\/","og_site_name":"Valokuvakeskus Nykyaika","article_publisher":"https:\/\/www.facebook.com\/valokuvakeskus.nykyaika\/","article_modified_time":"2025-11-08T10:03:14+00:00","twitter_card":"summary_large_image","twitter_site":"@nykyaika","twitter_misc":{"Estimated reading time":"1 minute"},"schema":{"@context":"https:\/\/schema.org","@graph":[{"@type":"WebPage","@id":"https:\/\/valokuvakeskusnykyaika.fi\/tyopaikat\/","url":"https:\/\/valokuvakeskusnykyaika.fi\/tyopaikat\/","name":"Ty\u00f6paikat ja vapaaehtoiset - Valokuvakeskus Nykyaika","isPartOf":{"@id":"https:\/\/valokuvakeskusnykyaika.fi\/#website"},"datePublished":"2015-12-03T10:31:47+00:00","dateModified":"2025-11-08T10:03:14+00:00","breadcrumb":{"@id":"https:\/\/valokuvakeskusnykyaika.fi\/tyopaikat\/#breadcrumb"},"inLanguage":"en-GB","potentialAction":[{"@type":"ReadAction","target":["https:\/\/valokuvakeskusnykyaika.fi\/tyopaikat\/"]}]},{"@type":"BreadcrumbList","@id":"https:\/\/valokuvakeskusnykyaika.fi\/tyopaikat\/#breadcrumb","itemListElement":[{"@type":"ListItem","position":1,"name":"Etusivu","item":"https:\/\/valokuvakeskusnykyaika.fi\/"},{"@type":"ListItem","position":2,"name":"Ty\u00f6paikat ja vapaaehtoiset"}]},{"@type":"WebSite","@id":"https:\/\/valokuvakeskusnykyaika.fi\/#website","url":"https:\/\/valokuvakeskusnykyaika.fi\/","name":"Photographic Centre Nykyaika","description":"Nykyaika on avoin kohtaamispaikka kaikille valokuvataiteen yst\u00e4ville","publisher":{"@id":"https:\/\/valokuvakeskusnykyaika.fi\/#organization"},"potentialAction":[{"@type":"SearchAction","target":{"@type":"EntryPoint","urlTemplate":"https:\/\/valokuvakeskusnykyaika.fi\/?s={search_term_string}"},"query-input":{"@type":"PropertyValueSpecification","valueRequired":true,"valueName":"search_term_string"}}],"inLanguage":"en-GB"},{"@type":"Organization","@id":"https:\/\/valokuvakeskusnykyaika.fi\/#organization","name":"Photographic Centre Nykyaika","url":"https:\/\/valokuvakeskusnykyaika.fi\/","logo":{"@type":"ImageObject","inLanguage":"en-GB","@id":"https:\/\/valokuvakeskusnykyaika.fi\/#\/schema\/logo\/image\/","url":"https:\/\/valokuvakeskusnykyaika.fi\/wp-content\/uploads\/2019\/01\/NY-Valokuvakeskus-logo-pieni.png","contentUrl":"https:\/\/valokuvakeskusnykyaika.fi\/wp-content\/uploads\/2019\/01\/NY-Valokuvakeskus-logo-pieni.png","width":300,"height":314,"caption":"Valokuvakeskus Nykyaika"},"image":{"@id":"https:\/\/valokuvakeskusnykyaika.fi\/#\/schema\/logo\/image\/"},"sameAs":["https:\/\/www.facebook.com\/valokuvakeskus.nykyaika\/","https:\/\/x.com\/nykyaika","https:\/\/www.instagram.com\/nykyaika\/"]}]}},"_links":{"self":[{"href":"https:\/\/valokuvakeskusnykyaika.fi\/en\/wp-json\/wp\/v2\/pages\/1159","targetHints":{"allow":["GET"]}}],"collection":[{"href":"https:\/\/valokuvakeskusnykyaika.fi\/en\/wp-json\/wp\/v2\/pages"}],"about":[{"href":"https:\/\/valokuvakeskusnykyaika.fi\/en\/wp-json\/wp\/v2\/types\/page"}],"author":[{"embeddable":true,"href":"https:\/\/valokuvakeskusnykyaika.fi\/en\/wp-json\/wp\/v2\/users\/6"}],"replies":[{"embeddable":true,"href":"https:\/\/valokuvakeskusnykyaika.fi\/en\/wp-json\/wp\/v2\/comments?post=1159"}],"version-history":[{"count":31,"href":"https:\/\/valokuvakeskusnykyaika.fi\/en\/wp-json\/wp\/v2\/pages\/1159\/revisions"}],"predecessor-version":[{"id":6682,"href":"https:\/\/valokuvakeskusnykyaika.fi\/en\/wp-json\/wp\/v2\/pages\/1159\/revisions\/6682"}],"wp:attachment":[{"href":"https:\/\/valokuvakeskusnykyaika.fi\/en\/wp-json\/wp\/v2\/media?parent=1159"}],"curies":[{"name":"wp","href":"https:\/\/api.w.org\/{rel}","templated":true}]}}