{"id":129,"date":"2013-01-23T15:50:10","date_gmt":"2013-01-23T15:50:10","guid":{"rendered":"http:\/\/valokuvakeskusnykyaika.fi\/wp\/?page_id=129"},"modified":"2025-01-13T13:24:01","modified_gmt":"2025-01-13T11:24:01","slug":"hallitus","status":"publish","type":"page","link":"https:\/\/valokuvakeskusnykyaika.fi\/en\/yhdistys\/hallitus\/","title":{"rendered":"Board"},"content":{"rendered":"<p><strong>2025<br \/><\/strong><\/p>\n<p>Ville Kurki (pj)<\/p>\n<p>Petri Ihanus (vpj)<\/p>\n<p>Juha Vakkilainen<\/p>\n<p>Hans Viebrock<\/p>\n<p>Anu Plym<\/p>\n<p>Miina Puolitaival<\/p>\n<p><strong>\u00a0<\/strong><\/p>\n<p><strong>2024<\/strong><\/p>\n<p>Ville Kurki (pj)<\/p>\n<p>Petri Ihanus (vpj)<\/p>\n<p>Aimo Hyv\u00e4rinen<\/p>\n<p>Helin\u00e4 Hukkataival<\/p>\n<p>Hans Viebrock<\/p>\n<p>Miina Puolitaival<\/p>\n<p><strong>2023<\/strong><\/p>\n<p>Ville Kurki (pj)<\/p>\n<p>Aimo Hyv\u00e4rinen (vpj)<\/p>\n<p>Helin\u00e4 Hukkataival<\/p>\n<p>Hans Viebrock<\/p>\n<p>Jaana Trymi<\/p>\n<p>Miina Puolitaival<\/p>\n<p><strong>2022<\/strong><\/p>\n<p>Kristiina Alatalo (pj)<\/p>\n<p>Aimo Hyv\u00e4rinen (vpj)<\/p>\n<p>Helin\u00e4 Hukkataival<\/p>\n<p>Hans Viebrock<\/p>\n<p>Jaana Tyrmi<\/p>\n<p>Ville Kurki<\/p>\n<p><strong>2021<\/strong><\/p>\n<p>Kristiina Alatalo (pj)<\/p>\n<p>Aimo Hyv\u00e4rinen (vpj)<\/p>\n<p>Petri Ihanus<\/p>\n<p>Helin\u00e4 Hukkataival<\/p>\n<p>Liisa M\u00e4kinen<\/p>\n<p>Hans Viebrock<\/p>\n<p>\u00a0<\/p>\n\n\n<hr class=\"wp-block-separator has-alpha-channel-opacity\"\/>\n\n\n\n<p><\/p>\n\n\n\n<p><em>Perehdytyslinkit:<\/em><\/p>\n\n\n\n<p><\/p>\n\n\n\n<p>Perustietoa yhdistystoiminnasta: <a href=\"http:\/\/www.yhdistystoimijat.fi\/?page_id=432\" target=\"_blank\" rel=\"noreferrer noopener\">linkki hallitusty\u00f6h\u00f6n ja yhdistystoimintaan yleisesti.<\/a><\/p>\n\n\n\n<p>Yhdistysten hyv\u00e4 hallintotapa -suositus: <a href=\"http:\/\/Linkki julkaisuun: http:\/\/www.soste.fi\/media\/pdf\/julkaisut\/hh-opas_nettiin.pdf\" target=\"_blank\" rel=\"noreferrer noopener\">linkki julkaisuun<\/a>.<\/p>\n\n\n\n<p><a href=\"http:\/\/valokuvakeskusnykyaika.fi\/wp-content\/uploads\/2013\/01\/Yhdistysten-strategiaopas.pdf\">Yhdistysten strategiaopas, Kolmas L\u00e4hde -hanke.<\/a><\/p>\n\n\n\n<p>Yhdistys ty\u00f6nantajana: linkki <a href=\"http:\/\/www.tyosuojelu.fi\/\" target=\"_blank\" rel=\"noreferrer noopener\">Ty\u00f6suojeluhallintoon<\/a><\/p>\n\n\n\n<p><a href=\"http:\/\/www.finlex.fi\/fi\/laki\/ajantasa\/1989\/19890503\" target=\"_blank\" rel=\"noreferrer noopener\">Yhdistyslaki<\/a>.<\/p>","protected":false},"excerpt":{"rendered":"<p>2025 Ville Kurki (pj) Petri Ihanus (vpj) Juha Vakkilainen Hans Viebrock Anu Plym Miina Puolitaival \u00a0 2024 Ville Kurki (pj) Petri Ihanus (vpj) Aimo Hyv\u00e4rinen Helin\u00e4 Hukkataival Hans Viebrock Miina Puolitaival 2023 Ville Kurki (pj) Aimo Hyv\u00e4rinen (vpj) Helin\u00e4 Hukkataival Hans Viebrock Jaana Trymi Miina Puolitaival 2022 Kristiina Alatalo (pj) Aimo Hyv\u00e4rinen (vpj) Helin\u00e4 Hukkataival [&hellip;]<\/p>\n","protected":false},"author":6,"featured_media":0,"parent":125,"menu_order":1,"comment_status":"closed","ping_status":"open","template":"","meta":{"iawp_total_views":310,"footnotes":""},"class_list":["post-129","page","type-page","status-publish","hentry"],"yoast_head":"<!-- This site is optimized with the Yoast SEO plugin v27.3 - https:\/\/yoast.com\/product\/yoast-seo-wordpress\/ -->\n<title>Hallitus - Valokuvakeskus Nykyaika<\/title>\n<meta name=\"robots\" content=\"index, follow, max-snippet:-1, max-image-preview:large, max-video-preview:-1\" \/>\n<link rel=\"canonical\" href=\"https:\/\/valokuvakeskusnykyaika.fi\/en\/yhdistys\/hallitus\/\" \/>\n<meta property=\"og:locale\" content=\"en_GB\" \/>\n<meta property=\"og:type\" content=\"article\" \/>\n<meta property=\"og:title\" content=\"Hallitus - Valokuvakeskus Nykyaika\" \/>\n<meta property=\"og:description\" content=\"2025 Ville Kurki (pj) Petri Ihanus (vpj) Juha Vakkilainen Hans Viebrock Anu Plym Miina Puolitaival \u00a0 2024 Ville Kurki (pj) Petri Ihanus (vpj) Aimo Hyv\u00e4rinen Helin\u00e4 Hukkataival Hans Viebrock Miina Puolitaival 2023 Ville Kurki (pj) Aimo Hyv\u00e4rinen (vpj) Helin\u00e4 Hukkataival Hans Viebrock Jaana Trymi Miina Puolitaival 2022 Kristiina Alatalo (pj) Aimo Hyv\u00e4rinen (vpj) Helin\u00e4 Hukkataival [&hellip;]\" \/>\n<meta property=\"og:url\" content=\"https:\/\/valokuvakeskusnykyaika.fi\/en\/yhdistys\/hallitus\/\" \/>\n<meta property=\"og:site_name\" content=\"Valokuvakeskus Nykyaika\" \/>\n<meta property=\"article:publisher\" content=\"https:\/\/www.facebook.com\/valokuvakeskus.nykyaika\/\" \/>\n<meta property=\"article:modified_time\" content=\"2025-01-13T11:24:01+00:00\" \/>\n<meta name=\"twitter:card\" content=\"summary_large_image\" \/>\n<meta name=\"twitter:site\" content=\"@nykyaika\" \/>\n<meta name=\"twitter:label1\" content=\"Estimated reading time\" \/>\n\t<meta name=\"twitter:data1\" content=\"1 minute\" \/>\n<script type=\"application\/ld+json\" class=\"yoast-schema-graph\">{\"@context\":\"https:\\\/\\\/schema.org\",\"@graph\":[{\"@type\":\"WebPage\",\"@id\":\"https:\\\/\\\/valokuvakeskusnykyaika.fi\\\/yhdistys\\\/hallitus\\\/\",\"url\":\"https:\\\/\\\/valokuvakeskusnykyaika.fi\\\/yhdistys\\\/hallitus\\\/\",\"name\":\"Hallitus - Valokuvakeskus Nykyaika\",\"isPartOf\":{\"@id\":\"https:\\\/\\\/valokuvakeskusnykyaika.fi\\\/#website\"},\"datePublished\":\"2013-01-23T15:50:10+00:00\",\"dateModified\":\"2025-01-13T11:24:01+00:00\",\"breadcrumb\":{\"@id\":\"https:\\\/\\\/valokuvakeskusnykyaika.fi\\\/yhdistys\\\/hallitus\\\/#breadcrumb\"},\"inLanguage\":\"en-GB\",\"potentialAction\":[{\"@type\":\"ReadAction\",\"target\":[\"https:\\\/\\\/valokuvakeskusnykyaika.fi\\\/yhdistys\\\/hallitus\\\/\"]}]},{\"@type\":\"BreadcrumbList\",\"@id\":\"https:\\\/\\\/valokuvakeskusnykyaika.fi\\\/yhdistys\\\/hallitus\\\/#breadcrumb\",\"itemListElement\":[{\"@type\":\"ListItem\",\"position\":1,\"name\":\"Etusivu\",\"item\":\"https:\\\/\\\/valokuvakeskusnykyaika.fi\\\/\"},{\"@type\":\"ListItem\",\"position\":2,\"name\":\"Yhdistys\",\"item\":\"https:\\\/\\\/valokuvakeskusnykyaika.fi\\\/yhdistys\\\/\"},{\"@type\":\"ListItem\",\"position\":3,\"name\":\"Hallitus\"}]},{\"@type\":\"WebSite\",\"@id\":\"https:\\\/\\\/valokuvakeskusnykyaika.fi\\\/#website\",\"url\":\"https:\\\/\\\/valokuvakeskusnykyaika.fi\\\/\",\"name\":\"Valokuvakeskus Nykyaika\",\"description\":\"Nykyaika on avoin kohtaamispaikka kaikille valokuvataiteen yst\u00e4ville\",\"publisher\":{\"@id\":\"https:\\\/\\\/valokuvakeskusnykyaika.fi\\\/#organization\"},\"potentialAction\":[{\"@type\":\"SearchAction\",\"target\":{\"@type\":\"EntryPoint\",\"urlTemplate\":\"https:\\\/\\\/valokuvakeskusnykyaika.fi\\\/?s={search_term_string}\"},\"query-input\":{\"@type\":\"PropertyValueSpecification\",\"valueRequired\":true,\"valueName\":\"search_term_string\"}}],\"inLanguage\":\"en-GB\"},{\"@type\":\"Organization\",\"@id\":\"https:\\\/\\\/valokuvakeskusnykyaika.fi\\\/#organization\",\"name\":\"Valokuvakeskus Nykyaika\",\"url\":\"https:\\\/\\\/valokuvakeskusnykyaika.fi\\\/\",\"logo\":{\"@type\":\"ImageObject\",\"inLanguage\":\"en-GB\",\"@id\":\"https:\\\/\\\/valokuvakeskusnykyaika.fi\\\/#\\\/schema\\\/logo\\\/image\\\/\",\"url\":\"https:\\\/\\\/valokuvakeskusnykyaika.fi\\\/wp-content\\\/uploads\\\/2019\\\/01\\\/NY-Valokuvakeskus-logo-pieni.png\",\"contentUrl\":\"https:\\\/\\\/valokuvakeskusnykyaika.fi\\\/wp-content\\\/uploads\\\/2019\\\/01\\\/NY-Valokuvakeskus-logo-pieni.png\",\"width\":300,\"height\":314,\"caption\":\"Valokuvakeskus Nykyaika\"},\"image\":{\"@id\":\"https:\\\/\\\/valokuvakeskusnykyaika.fi\\\/#\\\/schema\\\/logo\\\/image\\\/\"},\"sameAs\":[\"https:\\\/\\\/www.facebook.com\\\/valokuvakeskus.nykyaika\\\/\",\"https:\\\/\\\/x.com\\\/nykyaika\",\"https:\\\/\\\/www.instagram.com\\\/nykyaika\\\/\"]}]}<\/script>\n<!-- \/ Yoast SEO plugin. -->","yoast_head_json":{"title":"Hallitus - Valokuvakeskus Nykyaika","robots":{"index":"index","follow":"follow","max-snippet":"max-snippet:-1","max-image-preview":"max-image-preview:large","max-video-preview":"max-video-preview:-1"},"canonical":"https:\/\/valokuvakeskusnykyaika.fi\/en\/yhdistys\/hallitus\/","og_locale":"en_GB","og_type":"article","og_title":"Hallitus - Valokuvakeskus Nykyaika","og_description":"2025 Ville Kurki (pj) Petri Ihanus (vpj) Juha Vakkilainen Hans Viebrock Anu Plym Miina Puolitaival \u00a0 2024 Ville Kurki (pj) Petri Ihanus (vpj) Aimo Hyv\u00e4rinen Helin\u00e4 Hukkataival Hans Viebrock Miina Puolitaival 2023 Ville Kurki (pj) Aimo Hyv\u00e4rinen (vpj) Helin\u00e4 Hukkataival Hans Viebrock Jaana Trymi Miina Puolitaival 2022 Kristiina Alatalo (pj) Aimo Hyv\u00e4rinen (vpj) Helin\u00e4 Hukkataival [&hellip;]","og_url":"https:\/\/valokuvakeskusnykyaika.fi\/en\/yhdistys\/hallitus\/","og_site_name":"Valokuvakeskus Nykyaika","article_publisher":"https:\/\/www.facebook.com\/valokuvakeskus.nykyaika\/","article_modified_time":"2025-01-13T11:24:01+00:00","twitter_card":"summary_large_image","twitter_site":"@nykyaika","twitter_misc":{"Estimated reading time":"1 minute"},"schema":{"@context":"https:\/\/schema.org","@graph":[{"@type":"WebPage","@id":"https:\/\/valokuvakeskusnykyaika.fi\/yhdistys\/hallitus\/","url":"https:\/\/valokuvakeskusnykyaika.fi\/yhdistys\/hallitus\/","name":"Hallitus - Valokuvakeskus Nykyaika","isPartOf":{"@id":"https:\/\/valokuvakeskusnykyaika.fi\/#website"},"datePublished":"2013-01-23T15:50:10+00:00","dateModified":"2025-01-13T11:24:01+00:00","breadcrumb":{"@id":"https:\/\/valokuvakeskusnykyaika.fi\/yhdistys\/hallitus\/#breadcrumb"},"inLanguage":"en-GB","potentialAction":[{"@type":"ReadAction","target":["https:\/\/valokuvakeskusnykyaika.fi\/yhdistys\/hallitus\/"]}]},{"@type":"BreadcrumbList","@id":"https:\/\/valokuvakeskusnykyaika.fi\/yhdistys\/hallitus\/#breadcrumb","itemListElement":[{"@type":"ListItem","position":1,"name":"Etusivu","item":"https:\/\/valokuvakeskusnykyaika.fi\/"},{"@type":"ListItem","position":2,"name":"Yhdistys","item":"https:\/\/valokuvakeskusnykyaika.fi\/yhdistys\/"},{"@type":"ListItem","position":3,"name":"Hallitus"}]},{"@type":"WebSite","@id":"https:\/\/valokuvakeskusnykyaika.fi\/#website","url":"https:\/\/valokuvakeskusnykyaika.fi\/","name":"Photographic Centre Nykyaika","description":"Nykyaika on avoin kohtaamispaikka kaikille valokuvataiteen yst\u00e4ville","publisher":{"@id":"https:\/\/valokuvakeskusnykyaika.fi\/#organization"},"potentialAction":[{"@type":"SearchAction","target":{"@type":"EntryPoint","urlTemplate":"https:\/\/valokuvakeskusnykyaika.fi\/?s={search_term_string}"},"query-input":{"@type":"PropertyValueSpecification","valueRequired":true,"valueName":"search_term_string"}}],"inLanguage":"en-GB"},{"@type":"Organization","@id":"https:\/\/valokuvakeskusnykyaika.fi\/#organization","name":"Photographic Centre Nykyaika","url":"https:\/\/valokuvakeskusnykyaika.fi\/","logo":{"@type":"ImageObject","inLanguage":"en-GB","@id":"https:\/\/valokuvakeskusnykyaika.fi\/#\/schema\/logo\/image\/","url":"https:\/\/valokuvakeskusnykyaika.fi\/wp-content\/uploads\/2019\/01\/NY-Valokuvakeskus-logo-pieni.png","contentUrl":"https:\/\/valokuvakeskusnykyaika.fi\/wp-content\/uploads\/2019\/01\/NY-Valokuvakeskus-logo-pieni.png","width":300,"height":314,"caption":"Valokuvakeskus Nykyaika"},"image":{"@id":"https:\/\/valokuvakeskusnykyaika.fi\/#\/schema\/logo\/image\/"},"sameAs":["https:\/\/www.facebook.com\/valokuvakeskus.nykyaika\/","https:\/\/x.com\/nykyaika","https:\/\/www.instagram.com\/nykyaika\/"]}]}},"_links":{"self":[{"href":"https:\/\/valokuvakeskusnykyaika.fi\/en\/wp-json\/wp\/v2\/pages\/129","targetHints":{"allow":["GET"]}}],"collection":[{"href":"https:\/\/valokuvakeskusnykyaika.fi\/en\/wp-json\/wp\/v2\/pages"}],"about":[{"href":"https:\/\/valokuvakeskusnykyaika.fi\/en\/wp-json\/wp\/v2\/types\/page"}],"author":[{"embeddable":true,"href":"https:\/\/valokuvakeskusnykyaika.fi\/en\/wp-json\/wp\/v2\/users\/6"}],"replies":[{"embeddable":true,"href":"https:\/\/valokuvakeskusnykyaika.fi\/en\/wp-json\/wp\/v2\/comments?post=129"}],"version-history":[{"count":33,"href":"https:\/\/valokuvakeskusnykyaika.fi\/en\/wp-json\/wp\/v2\/pages\/129\/revisions"}],"predecessor-version":[{"id":6280,"href":"https:\/\/valokuvakeskusnykyaika.fi\/en\/wp-json\/wp\/v2\/pages\/129\/revisions\/6280"}],"up":[{"embeddable":true,"href":"https:\/\/valokuvakeskusnykyaika.fi\/en\/wp-json\/wp\/v2\/pages\/125"}],"wp:attachment":[{"href":"https:\/\/valokuvakeskusnykyaika.fi\/en\/wp-json\/wp\/v2\/media?parent=129"}],"curies":[{"name":"wp","href":"https:\/\/api.w.org\/{rel}","templated":true}]}}