{"id":134,"date":"2013-01-23T15:57:07","date_gmt":"2013-01-23T15:57:07","guid":{"rendered":"http:\/\/valokuvakeskusnykyaika.fi\/wp\/?page_id=134"},"modified":"2025-04-10T13:34:23","modified_gmt":"2025-04-10T10:34:23","slug":"jasenyys","status":"publish","type":"page","link":"https:\/\/valokuvakeskusnykyaika.fi\/en\/yhdistys\/jasenyys\/","title":{"rendered":"Membership"},"content":{"rendered":"\n<p><\/p>\n\n\n<p>Valokuvakeskus Nykyaika ry toivottaa kaikki j\u00e4senet tervetulleeksi ideoimaan ja kehitt\u00e4m\u00e4\u00e4n toimintaamme. Kannatusj\u00e4senyys on avoin kaikille toiminnastamme kiinnostuneille. Kannatusj\u00e4senell\u00e4 ei ole velvoitteita, eik\u00e4 vastuuta yhdistyksess\u00e4. Varsinaisina j\u00e4senin\u00e4 meill\u00e4 on p\u00e4\u00e4s\u00e4\u00e4nt\u00f6isesti valokuva- ja kuvataiteilijoita, tutkijoita ja alalla toimivia henkil\u00f6it\u00e4.<\/p>\n<h2><strong>Varsinaiseksi j\u00e4seneksi hakeminen:<\/strong><\/h2>\n<p>Yhdistyksen varsinaiseksi j\u00e4seneksi voi hakea sen tarkoituksen hyv\u00e4ksyv\u00e4 henkil\u00f6. Varsinaisilla j\u00e4senill\u00e4, jotka ovat t\u00e4ytt\u00e4neet 15 vuotta, on \u00e4\u00e4nioikeus yhdistyksen kokouksissa. Varsinaiset j\u00e4senet hyv\u00e4ksyy hallitus kirjallisesta hakemuksesta.<\/p>\n<p>Voit hakea j\u00e4senyytt\u00e4 t\u00e4ytt\u00e4m\u00e4ll\u00e4 <span style=\"text-decoration: underline;\"><a href=\"https:\/\/nykyaika.gruppo.fi\/online-applications\/index.php\/survey\/index\/sid\/938786\/newtest\/Y\/lang\/fi\"><span style=\"color: #008000; text-decoration: underline;\"><span style=\"color: #008080; text-decoration: underline;\">s\u00e4hk\u00f6isen lomakkeen<\/span><\/span><\/a><\/span> tai tulostamalla ja t\u00e4ytt\u00e4m\u00e4ll\u00e4 oheisen <span style=\"text-decoration: underline;\"><a title=\"J\u00e4senhakemus\" href=\"https:\/\/valokuvakeskusnykyaika.fi\/wp-content\/uploads\/2020\/05\/Jasenhakemus_ValokuvakeskusNykyaika.pdf\" target=\"_blank\" rel=\"noopener noreferrer\"><span style=\"color: #008000; text-decoration: underline;\"><span style=\"color: #008080; text-decoration: underline;\">j\u00e4senhakemuslomakkeen<\/span><\/span><\/a><\/span>. Palauta se allekirjoitettuna toimistoomme. Hakemuslomakkeen lis\u00e4ksi hakijoita pyydet\u00e4\u00e4n liitt\u00e4m\u00e4\u00e4n hakemukseen 1) vapaamuotoinen kirjelm\u00e4, jossa ilmaistaan miksi hakeutuu j\u00e4seneksi 2)\u00a0 linkki kotisivuille tai s\u00e4hk\u00f6inen portfolio.<\/p>\n<p>Hallitus k\u00e4sittelee j\u00e4senhakemuksen seuraavassa kokouksessaan.<\/p>\n<p>J\u00e4senmaksu 2025: Varsinainen j\u00e4sen 30 \u20ac<br \/>Yhdistyksen j\u00e4senen\u00e4 saat halutessasi Nykyajan sivuille linkin omille kotisivuillesi, s\u00e4hk\u00f6isen j\u00e4sentiedotteen kerran kuukaudessa, mahdollisuuden tarjota teoksiasi seuran omiin n\u00e4yttelyihin ja lis\u00e4ksi alennuksia alan liikkeist\u00e4.<\/p>\n<h2><strong>Kannattajaj\u00e4seneksi liittyminen: <\/strong><\/h2>\n<p>Yhdistyksen kannattajaj\u00e4seneksi voi hakea sen tarkoitusta kannattava henkil\u00f6 tai oikeuskelpoinen yhteis\u00f6. Kannattajaj\u00e4senill\u00e4 ei ole \u00e4\u00e4nioikeutta yhdistyksen kokouksissa. Pyyd\u00e4mme l\u00e4hett\u00e4m\u00e4\u00e4n vapaamuotoisen viestin toiminnanjohtajalle (director.nykyaika [at] backlight.fi). Hallitus hyv\u00e4ksyy j\u00e4senhakemuksen seuraavassa kokouksessaan.<\/p>\n<p>Kannatusj\u00e4senyysmaksu:<\/p>\n<ul>\n<li>henkil\u00f6t: 50 \u20ac<\/li>\n<li>1-5 henkil\u00f6n yritykset ja yhteis\u00f6t: 150 \u20ac<\/li>\n<li>yli 5 henkil\u00f6n yritykset ja yhteis\u00f6t: 250 \u20ac<\/li>\n<\/ul>\n<p><strong>Yksi vapaavalintainen vedos lahjoitetaan uusille kannatusj\u00e4senille<\/strong><\/p>\n<p>Valokuvakeskus Nykyaika ry on julkaissut <em>kuvasalkun<\/em>, joka sis\u00e4lt\u00e4\u00e4 16 erillist\u00e4 valokuvateosta. Uusi kannatusj\u00e4sen saa liittym\u00e4lahjakseen valita kansiosta yhden pigmenttivedoksen (30&#215;43 cm) suoritettuaan kannatusj\u00e4senmaksun.<\/p>\n<p><img loading=\"lazy\" decoding=\"async\" width=\"640\" height=\"453\" class=\"wp-image-1661 size-large\" src=\"http:\/\/valokuvakeskusnykyaika.fi\/wp-content\/uploads\/2013\/01\/kuvasalkku_kaikki-640x453.jpg\" alt=\"Valokuvakeskus Nykyaika ry:n 16 vedoksen kuvasalkku\" \/><\/p>\n<p>Salkun kuvatiedostot on saatu lahjoituksena seuraavilta yhdistyksen j\u00e4senilt\u00e4:<br \/><em>Terhi Asumaniemi \u2013 Helin\u00e4 Hukkataival \u2013 Aimo Hyv\u00e4rinen \u2013 Petri Ihanus \u2013 Soile Iivonen \u2013 Riitta J\u00e4rvel\u00e4 \u2013 Janne Laine \u2013 Mirja Paljakka \u2013 Marja Piril\u00e4 \u2013 Asko Salminen \u2013 Saara Sillanp\u00e4\u00e4 \u2013 Merja Tanhua \u2013 Marja-Liisa Torniainen \u2013 Jaana Tyrmi \u2013 Risto Vainio \u2013 Hans Viebrock.<\/em> <em><br \/><\/em><\/p>\n<p>Kannatusj\u00e4senill\u00e4 on tulevaisuudessa my\u00f6s mahdollisuus hankkia lis\u00e4\u00e4 kuvasalkun vedoksia myyntiv\u00e4lityksell\u00e4 vaikkapa yrityksen henkil\u00f6kunta- tai asiakaslahjoiksi.<\/p>\n<h2><strong>Valokuvakeskusten yhteisj\u00e4senyys:<\/strong><\/h2>\n<p>Vuoden 2024 alusta l\u00e4htien Suomen seitsem\u00e4n alueellista valokuvakeskusta ottavat k\u00e4ytt\u00f6\u00f6ns\u00e4 valokuvakeskusten yhteisj\u00e4senyyden. Valokuvakeskusten yhteisj\u00e4senyys antaa valokuvataiteen yst\u00e4ville mahdollisuuksia hy\u00f6dynt\u00e4\u00e4 useampien valokuvakeskusten j\u00e4senetuja yhden j\u00e4senmaksun hinnalla.\u00a0<\/p>\n<p>Yhteisj\u00e4senyydess\u00e4 mukana olevat valokuvakeskukset tarjoavat j\u00e4senilleen etuja mm. analogisten ja digitaalisten valokuvalaboratorioiden k\u00e4yt\u00f6st\u00e4, alennuksia alueellisten yhteisty\u00f6kumppanien liikkeiss\u00e4, asiantuntijapalveluita sek\u00e4 mahdollisuuksia osallistua j\u00e4senn\u00e4yttelyihin.<\/p>\n<p>Alla luetellut yhteisj\u00e4senyyden edut kuuluvat kaikille valokuvakeskuksien j\u00e4senille valokuvakeskuksesta riippumatta. Henkil\u00f6 voi olla vain yhden valokuvakeskuksen j\u00e4sen, mutta hy\u00f6dynt\u00e4\u00e4 yhteisj\u00e4senyyden etuja liikkuessaan eri paikkakunnilla.\u00a0<\/p>\n<p>Mukana olevat valokuvakeskukset: Valokuvakeskus Raasepori &#8211; Fotocentrum Raseborg rf (Raasepori), Luovan valokuvauksen keskus ry (Jyv\u00e4skyl\u00e4), Pohjoinen valokuvakeskus \u2013 Nordliga fotocentret ry (Oulu), Pohjanmaan valokuvakeskus Lakeus ry (POVA) (Lapua), Valokuvakeskus Nykyaika ry (Tampere), Valokuvakeskus Peri ry (Turku) ja VB-valokuvakeskus (Victor Barsokevitsch -Seura ry) (Kuopio). Yhteisj\u00e4senyys astuu voimaan 1.3.2024.<\/p>\n<p><strong>Yhteisj\u00e4senyyden edut<\/strong><\/p>\n<p><strong><br \/><\/strong><strong>Valokuvakeskus Nykyaika ry (Tampere)<\/strong><\/p>\n<ul>\n<li>\n<p>J\u00e4senn\u00e4yttely<\/p>\n<\/li>\n<li>\n<p>J\u00e4senhinnoilla ty\u00f6pajoihin<\/p>\n<\/li>\n<li>\n<p>Laaja k\u00e4sikirjasto<\/p>\n<\/li>\n<li>\n<p>-20% alennus kehystyksist\u00e4 Kehysliike Malkin Tampereen ja Helsingin toimipisteiss\u00e4\u00a0<\/p>\n<\/li>\n<li>\n<p>-20% alennus vedoksista Ninan kuvamaailmassa<\/p>\n<\/li>\n<\/ul>\n<p>.<\/p>\n<p><strong>Fotocentrum Raseborg Valokuvakeskus rf (Karjaa)<\/strong><\/p>\n<ul>\n<li>\n<p>J\u00e4seniltoja (luentoja ja taiteilijatapaamisia)<\/p>\n<\/li>\n<li>\n<p>-15% alennus Taidekehyst\u00e4m\u00f6 Elevantiin, \u00c5minnefors, Raasepori<\/p>\n<\/li>\n<\/ul>\n<p>.<\/p>\n<p><strong>Luovan valokuvauksen keskus ry (Jyv\u00e4skyl\u00e4)<\/strong><\/p>\n<ul>\n<li>\n<p>J\u00e4senhinnoilla ty\u00f6pajoihin, SPARRI-mentorointiryhm\u00e4\u00e4n ja muihin tapahtumiin<\/p>\n<\/li>\n<li>\n<p>Analogisen pimi\u00f6n sek\u00e4 digitaalisen labran k\u00e4ytt\u00f6oikeudet<\/p>\n<\/li>\n<li>\n<p>Laaja k\u00e4sikirjasto<\/p>\n<\/li>\n<\/ul>\n<p>.<\/p>\n<p><strong>Pohjoinen valokuvakeskus &#8211; Nordliga fotocentret ry (Oulu)<\/strong><\/p>\n<ul>\n<li>\n<p>Ilmaiset klinikka-asiantuntijatapaamiset Oulussa tai et\u00e4n\u00e4 (yhteys info@photonorth.fi)<\/p>\n<\/li>\n<li>\n<p>Osallistuminen ty\u00f6pajoihin, kursseille ja muihin maksullisiin tapahtumiin j\u00e4senhinnoin<\/p>\n<\/li>\n<li>\n<p>Alennuskoodit Fotonordicin verkkokaupassa ja Hotelli Helkassa (Helsinki) (yhteys: info@photonorth.fi)<\/p>\n<\/li>\n<li>\n<p>Yhteisty\u00f6pimi\u00f6n k\u00e4ytt\u00f6mahdollisuus j\u00e4senhinnoin (Pikimusta Pimi\u00f6, Oulu)<\/p>\n<\/li>\n<\/ul>\n<p>.<\/p>\n<p><strong>Pohjanmaan valokuvakeskus Lakeus ry (POVA) (Lapua)<\/strong><\/p>\n<ul>\n<li>\n<p>Digitaalisen labran k\u00e4ytt\u00f6oikeudet<\/p>\n<\/li>\n<li>\n<p>Analogisen pimi\u00f6n k\u00e4ytt\u00f6oikeudet<\/p>\n<\/li>\n<\/ul>\n<p>.<\/p>\n<p><strong>Valokuvakeskus Peri ry (Turku)<\/strong><\/p>\n<ul>\n<li>\n<p>J\u00e4senn\u00e4yttely<\/p>\n<\/li>\n<li>\n<p>Digitaalinen ty\u00f6huone Perilab<\/p>\n<\/li>\n<li>\n<p>K\u00e4sikirjasto<\/p>\n<\/li>\n<\/ul>\n<p>.<\/p>\n<p><strong>Victor Barsokevitsch-Seura ry \/ VB-valokuvakeskus (Kuopio)<\/strong><\/p>\n<ul>\n<li>\n<p>Kutsu avajaisiin + avec<\/p>\n<\/li>\n<li>\n<p>-2 \u20ac alennus normaalihintaisesta sis\u00e4\u00e4np\u00e4\u00e4syst\u00e4<\/p>\n<\/li>\n<li>\n<p>Laaja k\u00e4sikirjasto<\/p>\n<\/li>\n<\/ul>","protected":false},"excerpt":{"rendered":"<p>Valokuvakeskus Nykyaika ry toivottaa kaikki j\u00e4senet tervetulleeksi ideoimaan ja kehitt\u00e4m\u00e4\u00e4n toimintaamme. Kannatusj\u00e4senyys on avoin kaikille toiminnastamme kiinnostuneille. Kannatusj\u00e4senell\u00e4 ei ole velvoitteita, eik\u00e4 vastuuta yhdistyksess\u00e4. Varsinaisina j\u00e4senin\u00e4 meill\u00e4 on p\u00e4\u00e4s\u00e4\u00e4nt\u00f6isesti valokuva- ja kuvataiteilijoita, tutkijoita ja alalla toimivia henkil\u00f6it\u00e4. Varsinaiseksi j\u00e4seneksi hakeminen: Yhdistyksen varsinaiseksi j\u00e4seneksi voi hakea sen tarkoituksen hyv\u00e4ksyv\u00e4 henkil\u00f6. Varsinaisilla j\u00e4senill\u00e4, jotka ovat t\u00e4ytt\u00e4neet 15 [&hellip;]<\/p>\n","protected":false},"author":6,"featured_media":0,"parent":125,"menu_order":0,"comment_status":"closed","ping_status":"open","template":"","meta":{"iawp_total_views":335,"footnotes":""},"class_list":["post-134","page","type-page","status-publish","hentry"],"yoast_head":"<!-- This site is optimized with the Yoast SEO plugin v27.4 - https:\/\/yoast.com\/product\/yoast-seo-wordpress\/ -->\n<title>J\u00e4senyys - Valokuvakeskus Nykyaika<\/title>\n<meta name=\"robots\" content=\"index, follow, max-snippet:-1, max-image-preview:large, max-video-preview:-1\" \/>\n<link rel=\"canonical\" href=\"https:\/\/valokuvakeskusnykyaika.fi\/en\/yhdistys\/jasenyys\/\" \/>\n<meta property=\"og:locale\" content=\"en_GB\" \/>\n<meta property=\"og:type\" content=\"article\" \/>\n<meta property=\"og:title\" content=\"J\u00e4senyys - Valokuvakeskus Nykyaika\" \/>\n<meta property=\"og:description\" content=\"Valokuvakeskus Nykyaika ry toivottaa kaikki j\u00e4senet tervetulleeksi ideoimaan ja kehitt\u00e4m\u00e4\u00e4n toimintaamme. Kannatusj\u00e4senyys on avoin kaikille toiminnastamme kiinnostuneille. Kannatusj\u00e4senell\u00e4 ei ole velvoitteita, eik\u00e4 vastuuta yhdistyksess\u00e4. Varsinaisina j\u00e4senin\u00e4 meill\u00e4 on p\u00e4\u00e4s\u00e4\u00e4nt\u00f6isesti valokuva- ja kuvataiteilijoita, tutkijoita ja alalla toimivia henkil\u00f6it\u00e4. Varsinaiseksi j\u00e4seneksi hakeminen: Yhdistyksen varsinaiseksi j\u00e4seneksi voi hakea sen tarkoituksen hyv\u00e4ksyv\u00e4 henkil\u00f6. Varsinaisilla j\u00e4senill\u00e4, jotka ovat t\u00e4ytt\u00e4neet 15 [&hellip;]\" \/>\n<meta property=\"og:url\" content=\"https:\/\/valokuvakeskusnykyaika.fi\/en\/yhdistys\/jasenyys\/\" \/>\n<meta property=\"og:site_name\" content=\"Valokuvakeskus Nykyaika\" \/>\n<meta property=\"article:publisher\" content=\"https:\/\/www.facebook.com\/valokuvakeskus.nykyaika\/\" \/>\n<meta property=\"article:modified_time\" content=\"2025-04-10T10:34:23+00:00\" \/>\n<meta property=\"og:image\" content=\"https:\/\/valokuvakeskusnykyaika.fi\/wp-content\/uploads\/2013\/01\/kuvasalkku_kaikki.jpg\" \/>\n\t<meta property=\"og:image:width\" content=\"1528\" \/>\n\t<meta property=\"og:image:height\" content=\"1081\" \/>\n\t<meta property=\"og:image:type\" content=\"image\/jpeg\" \/>\n<meta name=\"twitter:card\" content=\"summary_large_image\" \/>\n<meta name=\"twitter:site\" content=\"@nykyaika\" \/>\n<meta name=\"twitter:label1\" content=\"Estimated reading time\" \/>\n\t<meta name=\"twitter:data1\" content=\"3 minutes\" \/>\n<script type=\"application\/ld+json\" class=\"yoast-schema-graph\">{\"@context\":\"https:\\\/\\\/schema.org\",\"@graph\":[{\"@type\":\"WebPage\",\"@id\":\"https:\\\/\\\/valokuvakeskusnykyaika.fi\\\/yhdistys\\\/jasenyys\\\/\",\"url\":\"https:\\\/\\\/valokuvakeskusnykyaika.fi\\\/yhdistys\\\/jasenyys\\\/\",\"name\":\"J\u00e4senyys - Valokuvakeskus Nykyaika\",\"isPartOf\":{\"@id\":\"https:\\\/\\\/valokuvakeskusnykyaika.fi\\\/#website\"},\"primaryImageOfPage\":{\"@id\":\"https:\\\/\\\/valokuvakeskusnykyaika.fi\\\/yhdistys\\\/jasenyys\\\/#primaryimage\"},\"image\":{\"@id\":\"https:\\\/\\\/valokuvakeskusnykyaika.fi\\\/yhdistys\\\/jasenyys\\\/#primaryimage\"},\"thumbnailUrl\":\"http:\\\/\\\/valokuvakeskusnykyaika.fi\\\/wp-content\\\/uploads\\\/2013\\\/01\\\/kuvasalkku_kaikki-640x453.jpg\",\"datePublished\":\"2013-01-23T15:57:07+00:00\",\"dateModified\":\"2025-04-10T10:34:23+00:00\",\"breadcrumb\":{\"@id\":\"https:\\\/\\\/valokuvakeskusnykyaika.fi\\\/yhdistys\\\/jasenyys\\\/#breadcrumb\"},\"inLanguage\":\"en-GB\",\"potentialAction\":[{\"@type\":\"ReadAction\",\"target\":[\"https:\\\/\\\/valokuvakeskusnykyaika.fi\\\/yhdistys\\\/jasenyys\\\/\"]}]},{\"@type\":\"ImageObject\",\"inLanguage\":\"en-GB\",\"@id\":\"https:\\\/\\\/valokuvakeskusnykyaika.fi\\\/yhdistys\\\/jasenyys\\\/#primaryimage\",\"url\":\"http:\\\/\\\/valokuvakeskusnykyaika.fi\\\/wp-content\\\/uploads\\\/2013\\\/01\\\/kuvasalkku_kaikki-640x453.jpg\",\"contentUrl\":\"http:\\\/\\\/valokuvakeskusnykyaika.fi\\\/wp-content\\\/uploads\\\/2013\\\/01\\\/kuvasalkku_kaikki-640x453.jpg\"},{\"@type\":\"BreadcrumbList\",\"@id\":\"https:\\\/\\\/valokuvakeskusnykyaika.fi\\\/yhdistys\\\/jasenyys\\\/#breadcrumb\",\"itemListElement\":[{\"@type\":\"ListItem\",\"position\":1,\"name\":\"Etusivu\",\"item\":\"https:\\\/\\\/valokuvakeskusnykyaika.fi\\\/\"},{\"@type\":\"ListItem\",\"position\":2,\"name\":\"Yhdistys\",\"item\":\"https:\\\/\\\/valokuvakeskusnykyaika.fi\\\/yhdistys\\\/\"},{\"@type\":\"ListItem\",\"position\":3,\"name\":\"J\u00e4senyys\"}]},{\"@type\":\"WebSite\",\"@id\":\"https:\\\/\\\/valokuvakeskusnykyaika.fi\\\/#website\",\"url\":\"https:\\\/\\\/valokuvakeskusnykyaika.fi\\\/\",\"name\":\"Valokuvakeskus Nykyaika\",\"description\":\"Nykyaika on avoin kohtaamispaikka kaikille valokuvataiteen yst\u00e4ville\",\"publisher\":{\"@id\":\"https:\\\/\\\/valokuvakeskusnykyaika.fi\\\/#organization\"},\"potentialAction\":[{\"@type\":\"SearchAction\",\"target\":{\"@type\":\"EntryPoint\",\"urlTemplate\":\"https:\\\/\\\/valokuvakeskusnykyaika.fi\\\/?s={search_term_string}\"},\"query-input\":{\"@type\":\"PropertyValueSpecification\",\"valueRequired\":true,\"valueName\":\"search_term_string\"}}],\"inLanguage\":\"en-GB\"},{\"@type\":\"Organization\",\"@id\":\"https:\\\/\\\/valokuvakeskusnykyaika.fi\\\/#organization\",\"name\":\"Valokuvakeskus Nykyaika\",\"url\":\"https:\\\/\\\/valokuvakeskusnykyaika.fi\\\/\",\"logo\":{\"@type\":\"ImageObject\",\"inLanguage\":\"en-GB\",\"@id\":\"https:\\\/\\\/valokuvakeskusnykyaika.fi\\\/#\\\/schema\\\/logo\\\/image\\\/\",\"url\":\"https:\\\/\\\/valokuvakeskusnykyaika.fi\\\/wp-content\\\/uploads\\\/2019\\\/01\\\/NY-Valokuvakeskus-logo-pieni.png\",\"contentUrl\":\"https:\\\/\\\/valokuvakeskusnykyaika.fi\\\/wp-content\\\/uploads\\\/2019\\\/01\\\/NY-Valokuvakeskus-logo-pieni.png\",\"width\":300,\"height\":314,\"caption\":\"Valokuvakeskus Nykyaika\"},\"image\":{\"@id\":\"https:\\\/\\\/valokuvakeskusnykyaika.fi\\\/#\\\/schema\\\/logo\\\/image\\\/\"},\"sameAs\":[\"https:\\\/\\\/www.facebook.com\\\/valokuvakeskus.nykyaika\\\/\",\"https:\\\/\\\/x.com\\\/nykyaika\",\"https:\\\/\\\/www.instagram.com\\\/nykyaika\\\/\"]}]}<\/script>\n<!-- \/ Yoast SEO plugin. -->","yoast_head_json":{"title":"J\u00e4senyys - Valokuvakeskus Nykyaika","robots":{"index":"index","follow":"follow","max-snippet":"max-snippet:-1","max-image-preview":"max-image-preview:large","max-video-preview":"max-video-preview:-1"},"canonical":"https:\/\/valokuvakeskusnykyaika.fi\/en\/yhdistys\/jasenyys\/","og_locale":"en_GB","og_type":"article","og_title":"J\u00e4senyys - Valokuvakeskus Nykyaika","og_description":"Valokuvakeskus Nykyaika ry toivottaa kaikki j\u00e4senet tervetulleeksi ideoimaan ja kehitt\u00e4m\u00e4\u00e4n toimintaamme. Kannatusj\u00e4senyys on avoin kaikille toiminnastamme kiinnostuneille. Kannatusj\u00e4senell\u00e4 ei ole velvoitteita, eik\u00e4 vastuuta yhdistyksess\u00e4. Varsinaisina j\u00e4senin\u00e4 meill\u00e4 on p\u00e4\u00e4s\u00e4\u00e4nt\u00f6isesti valokuva- ja kuvataiteilijoita, tutkijoita ja alalla toimivia henkil\u00f6it\u00e4. Varsinaiseksi j\u00e4seneksi hakeminen: Yhdistyksen varsinaiseksi j\u00e4seneksi voi hakea sen tarkoituksen hyv\u00e4ksyv\u00e4 henkil\u00f6. Varsinaisilla j\u00e4senill\u00e4, jotka ovat t\u00e4ytt\u00e4neet 15 [&hellip;]","og_url":"https:\/\/valokuvakeskusnykyaika.fi\/en\/yhdistys\/jasenyys\/","og_site_name":"Valokuvakeskus Nykyaika","article_publisher":"https:\/\/www.facebook.com\/valokuvakeskus.nykyaika\/","article_modified_time":"2025-04-10T10:34:23+00:00","og_image":[{"width":1528,"height":1081,"url":"https:\/\/valokuvakeskusnykyaika.fi\/wp-content\/uploads\/2013\/01\/kuvasalkku_kaikki.jpg","type":"image\/jpeg"}],"twitter_card":"summary_large_image","twitter_site":"@nykyaika","twitter_misc":{"Estimated reading time":"3 minutes"},"schema":{"@context":"https:\/\/schema.org","@graph":[{"@type":"WebPage","@id":"https:\/\/valokuvakeskusnykyaika.fi\/yhdistys\/jasenyys\/","url":"https:\/\/valokuvakeskusnykyaika.fi\/yhdistys\/jasenyys\/","name":"J\u00e4senyys - Valokuvakeskus Nykyaika","isPartOf":{"@id":"https:\/\/valokuvakeskusnykyaika.fi\/#website"},"primaryImageOfPage":{"@id":"https:\/\/valokuvakeskusnykyaika.fi\/yhdistys\/jasenyys\/#primaryimage"},"image":{"@id":"https:\/\/valokuvakeskusnykyaika.fi\/yhdistys\/jasenyys\/#primaryimage"},"thumbnailUrl":"http:\/\/valokuvakeskusnykyaika.fi\/wp-content\/uploads\/2013\/01\/kuvasalkku_kaikki-640x453.jpg","datePublished":"2013-01-23T15:57:07+00:00","dateModified":"2025-04-10T10:34:23+00:00","breadcrumb":{"@id":"https:\/\/valokuvakeskusnykyaika.fi\/yhdistys\/jasenyys\/#breadcrumb"},"inLanguage":"en-GB","potentialAction":[{"@type":"ReadAction","target":["https:\/\/valokuvakeskusnykyaika.fi\/yhdistys\/jasenyys\/"]}]},{"@type":"ImageObject","inLanguage":"en-GB","@id":"https:\/\/valokuvakeskusnykyaika.fi\/yhdistys\/jasenyys\/#primaryimage","url":"http:\/\/valokuvakeskusnykyaika.fi\/wp-content\/uploads\/2013\/01\/kuvasalkku_kaikki-640x453.jpg","contentUrl":"http:\/\/valokuvakeskusnykyaika.fi\/wp-content\/uploads\/2013\/01\/kuvasalkku_kaikki-640x453.jpg"},{"@type":"BreadcrumbList","@id":"https:\/\/valokuvakeskusnykyaika.fi\/yhdistys\/jasenyys\/#breadcrumb","itemListElement":[{"@type":"ListItem","position":1,"name":"Etusivu","item":"https:\/\/valokuvakeskusnykyaika.fi\/"},{"@type":"ListItem","position":2,"name":"Yhdistys","item":"https:\/\/valokuvakeskusnykyaika.fi\/yhdistys\/"},{"@type":"ListItem","position":3,"name":"J\u00e4senyys"}]},{"@type":"WebSite","@id":"https:\/\/valokuvakeskusnykyaika.fi\/#website","url":"https:\/\/valokuvakeskusnykyaika.fi\/","name":"Photographic Centre Nykyaika","description":"Nykyaika on avoin kohtaamispaikka kaikille valokuvataiteen yst\u00e4ville","publisher":{"@id":"https:\/\/valokuvakeskusnykyaika.fi\/#organization"},"potentialAction":[{"@type":"SearchAction","target":{"@type":"EntryPoint","urlTemplate":"https:\/\/valokuvakeskusnykyaika.fi\/?s={search_term_string}"},"query-input":{"@type":"PropertyValueSpecification","valueRequired":true,"valueName":"search_term_string"}}],"inLanguage":"en-GB"},{"@type":"Organization","@id":"https:\/\/valokuvakeskusnykyaika.fi\/#organization","name":"Photographic Centre Nykyaika","url":"https:\/\/valokuvakeskusnykyaika.fi\/","logo":{"@type":"ImageObject","inLanguage":"en-GB","@id":"https:\/\/valokuvakeskusnykyaika.fi\/#\/schema\/logo\/image\/","url":"https:\/\/valokuvakeskusnykyaika.fi\/wp-content\/uploads\/2019\/01\/NY-Valokuvakeskus-logo-pieni.png","contentUrl":"https:\/\/valokuvakeskusnykyaika.fi\/wp-content\/uploads\/2019\/01\/NY-Valokuvakeskus-logo-pieni.png","width":300,"height":314,"caption":"Valokuvakeskus Nykyaika"},"image":{"@id":"https:\/\/valokuvakeskusnykyaika.fi\/#\/schema\/logo\/image\/"},"sameAs":["https:\/\/www.facebook.com\/valokuvakeskus.nykyaika\/","https:\/\/x.com\/nykyaika","https:\/\/www.instagram.com\/nykyaika\/"]}]}},"_links":{"self":[{"href":"https:\/\/valokuvakeskusnykyaika.fi\/en\/wp-json\/wp\/v2\/pages\/134","targetHints":{"allow":["GET"]}}],"collection":[{"href":"https:\/\/valokuvakeskusnykyaika.fi\/en\/wp-json\/wp\/v2\/pages"}],"about":[{"href":"https:\/\/valokuvakeskusnykyaika.fi\/en\/wp-json\/wp\/v2\/types\/page"}],"author":[{"embeddable":true,"href":"https:\/\/valokuvakeskusnykyaika.fi\/en\/wp-json\/wp\/v2\/users\/6"}],"replies":[{"embeddable":true,"href":"https:\/\/valokuvakeskusnykyaika.fi\/en\/wp-json\/wp\/v2\/comments?post=134"}],"version-history":[{"count":57,"href":"https:\/\/valokuvakeskusnykyaika.fi\/en\/wp-json\/wp\/v2\/pages\/134\/revisions"}],"predecessor-version":[{"id":6385,"href":"https:\/\/valokuvakeskusnykyaika.fi\/en\/wp-json\/wp\/v2\/pages\/134\/revisions\/6385"}],"up":[{"embeddable":true,"href":"https:\/\/valokuvakeskusnykyaika.fi\/en\/wp-json\/wp\/v2\/pages\/125"}],"wp:attachment":[{"href":"https:\/\/valokuvakeskusnykyaika.fi\/en\/wp-json\/wp\/v2\/media?parent=134"}],"curies":[{"name":"wp","href":"https:\/\/api.w.org\/{rel}","templated":true}]}}