{"id":165,"date":"2013-01-24T15:11:30","date_gmt":"2013-01-24T15:11:30","guid":{"rendered":"http:\/\/valokuvakeskusnykyaika.fi\/wp\/?page_id=165"},"modified":"2026-04-01T16:53:43","modified_gmt":"2026-04-01T13:53:43","slug":"nayttelyhaku","status":"publish","type":"page","link":"https:\/\/valokuvakeskusnykyaika.fi\/en\/nayttelyt\/nayttelyhaku\/","title":{"rendered":"Open call"},"content":{"rendered":"<p><\/p>\n\n\n<h3>Nykyaika Valokuvakeskuksen n\u00e4yttelyhaku vuodelle 2027 on avoinna 1.4.-17.5.<\/h3>\n<p>Photographic Centre Nykyaika is located in the centre of Tampere. Nykyaika has two exhibition spaces: a street-level Gallery and a Studio downstairs. The Studio will be smaller in 2025 when the space under the stairs will be used for other purposes. The future change is shown in the floor plan. <a href=\"https:\/\/valokuvakeskusnykyaika.fi\/wp-content\/uploads\/2024\/04\/Nykyaika_pohjapiirros_alakerta-muokattu.pdf\"><span style=\"color: #008080;\">pohjapiirros_alakerta<\/span><\/a>.<\/p>\n<p>Open call for exhibitions is held once a year, when you can apply for the following year's exhibition dates. The call is open to all professional photographers and video artists. Applications from working groups are also welcome.<\/p>\n<p><strong>Application<\/strong><\/p>\n<p>Exhibition periods are applied with an electronic form available here <a href=\"https:\/\/survey.gruppo.fi\/nykyaika\/index.php\/476677?lang=en\" target=\"_blank\" rel=\"noopener\">&gt;&gt;Survey Gruppo Form&lt;&lt;<\/a><span style=\"color: #008080;\">\u00a0<\/span>and with an informal application that must include:<\/p>\n<ul>\n<li>exhibition proposal<span class=\"Apple-converted-space\">\u00a0<\/span><\/li>\n<li>Photo examples (approx. 10, videos with a link to e.g. Vimeo)<\/li>\n<li>resume<span class=\"Apple-converted-space\">\u00a0<\/span><\/li>\n<\/ul>\n<p>Save the informal application as a PDF file in the format LastName_FirstName_NameOfExhibition, using your information, and attach it to the electronic from. Maximum size of the PDF file is 4MB.<\/p>\n<p>Applications that arrive past the due date are not taken into account.<\/p>\n<div class=\"x_elementToProof\">We also hope that the public will meet the artist in person, so we ask applicants to propose a public programme to accompany their exhibition. This could be a workshop, an artist's meeting, a work exhibition or a photographic tour. You can propose a programme that suits your own work and personality, whether it is aimed at a large audience or a small group. The organisation of an accompanying programme is optional. The gallery staff will help you to plan and organise the event if necessary.<\/div>\n<p>Exhibitions are chosen by the board of Nykyaika.<\/p>\n<p><strong>Premises<\/strong><\/p>\n<p>Photographic Centre Nykyaika is located at Kauppakatu 14 in the city centre of Tampere. The real estate where the gallery is situated is over a hundred years old.<\/p>\n<p>The spaces for holding exhibitions are on two floors. You can apply for one or both.<\/p>\n<ul>\n<li>Gallery at street level: Right at the main entrance. Space has large windows, through which you can see the high exhibition space from the street. The floor of the space is about 48 m2 and the walls are about 90 m2 with 19 linear meters. The space can not be blacked out.<\/li>\n<li>Studio in downstairs: The floor space is about 28 m2. The downstairs space is accessible only via a staircase (no elevator). The space has no windows.\u00a0<\/li>\n<\/ul>\n<p>The floor plan, pictures of the exhibition spaces and a 360 degree virtual tour of the gallery, as well as additional information about the techinical equipment can be found <span style=\"color: #008080;\"><a style=\"color: #008080;\" href=\"https:\/\/valokuvakeskusnykyaika.fi\/en\/nayttelyt\/tilat\/\">Premises page<\/a><\/span><\/p>\n<p>Exhibitions at Nykyaika are free of charge for visitors. In addition to gallery activity, Nykyaika also hosts a reference library for the public and has an office, storage and social space for the association. The estate was built in 1926 and it is not completely accessible for people using a walker or a wheelchair. There are two steps to climb from street level to the main door and the downstairs space is only accessible via a staircase.<\/p>\n<p><strong>Exhibition period<\/strong><\/p>\n<p>The exhibition period is about 4 weeks. The exhibition will be built on Thursday (and Friday if needed), the opening will take place on Friday evening and the exhibition will be dismantled at the end of the exhibition on Tuesday. The exact dates will be specified in the exhibition contract.<\/p>\n<p><strong>Services<\/strong><\/p>\n<p>Having an exhibition at Nykyaika is free of charge for the artist.<\/p>\n<p><strong>The services provided by the gallery:<\/strong><\/p>\n<ul>\n<li>Renting and supervising the gallery space<\/li>\n<li>Designing and printing the exhibition poster as well as distributing it to nearby areas<\/li>\n<li>Sending a press release and an electronic invitation about the vernissage via Nykyaika\u2019s mailing lists<\/li>\n<li>Composing a statement about the exhibition and a catalogue of the art works together with the artist<\/li>\n<li>Informing public about the exhibition through gallery\u2019s web page, social media and local event calenders<\/li>\n<li>Designing, printing and posting a seasonal exhibition leaflet<\/li>\n<li>Assisting the artist when setting up and taking down the exhibition if needed<\/li>\n<li>Providing commonly used equipment for setting up exhibition<\/li>\n<li>Selling art works and other material related to the exhibition (25% comission fee)<\/li>\n<\/ul>\n<p><strong>Responsibilities of the artist:<\/strong><\/p>\n<ul>\n<li>Providing the gallery with press material<\/li>\n<li>Transportation of the art works and covering the insurance for them during the exhibition<\/li>\n<li>Setting up and taking down the exhibition and leaving the space clean afterwards<\/li>\n<li>Covering the cost of travel and accomodation for oneself and possible assistants<\/li>\n<li>Providing snacks and drinks at the vernissage<\/li>\n<li>Organising a side programme (optional)<\/li>\n<li>Any deviations in presentation techniques (equipment rental) or exhibition structures, and the costs incurred, and the restoration of the premises. The walls of the gallery may not be painted.<\/li>\n<\/ul>","protected":false},"excerpt":{"rendered":"<p>Nykyaika Valokuvakeskuksen n\u00e4yttelyhaku vuodelle 2027 on avoinna 1.4.-17.5. Valokuvakeskus Nykyaika sijaitsee Tampereen keskustassa Kauppakadulla. Valokuvakeskuksessa on kaksi n\u00e4yttelytilaa: katutason Galleria ja alakerran Studio. Studion n\u00e4yttelytila pienenee vuonna 2025 kun rappusten alla oleva tila otetaan muuhun k\u00e4ytt\u00f6\u00f6n. Tuleva muutos n\u00e4kyy pohjapiirroksessa pohjapiirros_alakerta. Nykyajan n\u00e4yttelyhaku j\u00e4rjestet\u00e4\u00e4n kerran vuodessa, jolloin haetaan seuraavan vuoden n\u00e4yttelyaikoja. Haku on avoin kaikille [&hellip;]<\/p>\n","protected":false},"author":6,"featured_media":0,"parent":41,"menu_order":4,"comment_status":"closed","ping_status":"closed","template":"","meta":{"iawp_total_views":2788,"footnotes":""},"class_list":["post-165","page","type-page","status-publish","hentry"],"yoast_head":"<!-- This site is optimized with the Yoast SEO plugin v27.3 - https:\/\/yoast.com\/product\/yoast-seo-wordpress\/ -->\n<title>N\u00e4yttelyhaku - Valokuvakeskus Nykyaika<\/title>\n<meta name=\"robots\" content=\"index, follow, max-snippet:-1, max-image-preview:large, max-video-preview:-1\" \/>\n<link rel=\"canonical\" href=\"https:\/\/valokuvakeskusnykyaika.fi\/en\/nayttelyt\/nayttelyhaku\/\" \/>\n<meta property=\"og:locale\" content=\"en_GB\" \/>\n<meta property=\"og:type\" content=\"article\" \/>\n<meta property=\"og:title\" content=\"N\u00e4yttelyhaku - Valokuvakeskus Nykyaika\" \/>\n<meta property=\"og:description\" content=\"Nykyaika Valokuvakeskuksen n\u00e4yttelyhaku vuodelle 2027 on avoinna 1.4.-17.5. Valokuvakeskus Nykyaika sijaitsee Tampereen keskustassa Kauppakadulla. Valokuvakeskuksessa on kaksi n\u00e4yttelytilaa: katutason Galleria ja alakerran Studio. Studion n\u00e4yttelytila pienenee vuonna 2025 kun rappusten alla oleva tila otetaan muuhun k\u00e4ytt\u00f6\u00f6n. Tuleva muutos n\u00e4kyy pohjapiirroksessa pohjapiirros_alakerta. Nykyajan n\u00e4yttelyhaku j\u00e4rjestet\u00e4\u00e4n kerran vuodessa, jolloin haetaan seuraavan vuoden n\u00e4yttelyaikoja. Haku on avoin kaikille [&hellip;]\" \/>\n<meta property=\"og:url\" content=\"https:\/\/valokuvakeskusnykyaika.fi\/en\/nayttelyt\/nayttelyhaku\/\" \/>\n<meta property=\"og:site_name\" content=\"Valokuvakeskus Nykyaika\" \/>\n<meta property=\"article:publisher\" content=\"https:\/\/www.facebook.com\/valokuvakeskus.nykyaika\/\" \/>\n<meta property=\"article:modified_time\" content=\"2026-04-01T13:53:43+00:00\" \/>\n<meta name=\"twitter:card\" content=\"summary_large_image\" \/>\n<meta name=\"twitter:site\" content=\"@nykyaika\" \/>\n<meta name=\"twitter:label1\" content=\"Estimated reading time\" \/>\n\t<meta name=\"twitter:data1\" content=\"2 minutes\" \/>\n<script type=\"application\/ld+json\" class=\"yoast-schema-graph\">{\"@context\":\"https:\\\/\\\/schema.org\",\"@graph\":[{\"@type\":\"WebPage\",\"@id\":\"https:\\\/\\\/valokuvakeskusnykyaika.fi\\\/nayttelyt\\\/nayttelyhaku\\\/\",\"url\":\"https:\\\/\\\/valokuvakeskusnykyaika.fi\\\/nayttelyt\\\/nayttelyhaku\\\/\",\"name\":\"N\u00e4yttelyhaku - Valokuvakeskus Nykyaika\",\"isPartOf\":{\"@id\":\"https:\\\/\\\/valokuvakeskusnykyaika.fi\\\/#website\"},\"datePublished\":\"2013-01-24T15:11:30+00:00\",\"dateModified\":\"2026-04-01T13:53:43+00:00\",\"breadcrumb\":{\"@id\":\"https:\\\/\\\/valokuvakeskusnykyaika.fi\\\/nayttelyt\\\/nayttelyhaku\\\/#breadcrumb\"},\"inLanguage\":\"en-GB\",\"potentialAction\":[{\"@type\":\"ReadAction\",\"target\":[\"https:\\\/\\\/valokuvakeskusnykyaika.fi\\\/nayttelyt\\\/nayttelyhaku\\\/\"]}]},{\"@type\":\"BreadcrumbList\",\"@id\":\"https:\\\/\\\/valokuvakeskusnykyaika.fi\\\/nayttelyt\\\/nayttelyhaku\\\/#breadcrumb\",\"itemListElement\":[{\"@type\":\"ListItem\",\"position\":1,\"name\":\"Etusivu\",\"item\":\"https:\\\/\\\/valokuvakeskusnykyaika.fi\\\/\"},{\"@type\":\"ListItem\",\"position\":2,\"name\":\"N\u00e4yttelyt\",\"item\":\"https:\\\/\\\/valokuvakeskusnykyaika.fi\\\/nayttelyt\\\/\"},{\"@type\":\"ListItem\",\"position\":3,\"name\":\"N\u00e4yttelyhaku\"}]},{\"@type\":\"WebSite\",\"@id\":\"https:\\\/\\\/valokuvakeskusnykyaika.fi\\\/#website\",\"url\":\"https:\\\/\\\/valokuvakeskusnykyaika.fi\\\/\",\"name\":\"Valokuvakeskus Nykyaika\",\"description\":\"Nykyaika on avoin kohtaamispaikka kaikille valokuvataiteen yst\u00e4ville\",\"publisher\":{\"@id\":\"https:\\\/\\\/valokuvakeskusnykyaika.fi\\\/#organization\"},\"potentialAction\":[{\"@type\":\"SearchAction\",\"target\":{\"@type\":\"EntryPoint\",\"urlTemplate\":\"https:\\\/\\\/valokuvakeskusnykyaika.fi\\\/?s={search_term_string}\"},\"query-input\":{\"@type\":\"PropertyValueSpecification\",\"valueRequired\":true,\"valueName\":\"search_term_string\"}}],\"inLanguage\":\"en-GB\"},{\"@type\":\"Organization\",\"@id\":\"https:\\\/\\\/valokuvakeskusnykyaika.fi\\\/#organization\",\"name\":\"Valokuvakeskus Nykyaika\",\"url\":\"https:\\\/\\\/valokuvakeskusnykyaika.fi\\\/\",\"logo\":{\"@type\":\"ImageObject\",\"inLanguage\":\"en-GB\",\"@id\":\"https:\\\/\\\/valokuvakeskusnykyaika.fi\\\/#\\\/schema\\\/logo\\\/image\\\/\",\"url\":\"https:\\\/\\\/valokuvakeskusnykyaika.fi\\\/wp-content\\\/uploads\\\/2019\\\/01\\\/NY-Valokuvakeskus-logo-pieni.png\",\"contentUrl\":\"https:\\\/\\\/valokuvakeskusnykyaika.fi\\\/wp-content\\\/uploads\\\/2019\\\/01\\\/NY-Valokuvakeskus-logo-pieni.png\",\"width\":300,\"height\":314,\"caption\":\"Valokuvakeskus Nykyaika\"},\"image\":{\"@id\":\"https:\\\/\\\/valokuvakeskusnykyaika.fi\\\/#\\\/schema\\\/logo\\\/image\\\/\"},\"sameAs\":[\"https:\\\/\\\/www.facebook.com\\\/valokuvakeskus.nykyaika\\\/\",\"https:\\\/\\\/x.com\\\/nykyaika\",\"https:\\\/\\\/www.instagram.com\\\/nykyaika\\\/\"]}]}<\/script>\n<!-- \/ Yoast SEO plugin. -->","yoast_head_json":{"title":"N\u00e4yttelyhaku - Valokuvakeskus Nykyaika","robots":{"index":"index","follow":"follow","max-snippet":"max-snippet:-1","max-image-preview":"max-image-preview:large","max-video-preview":"max-video-preview:-1"},"canonical":"https:\/\/valokuvakeskusnykyaika.fi\/en\/nayttelyt\/nayttelyhaku\/","og_locale":"en_GB","og_type":"article","og_title":"N\u00e4yttelyhaku - Valokuvakeskus Nykyaika","og_description":"Nykyaika Valokuvakeskuksen n\u00e4yttelyhaku vuodelle 2027 on avoinna 1.4.-17.5. Valokuvakeskus Nykyaika sijaitsee Tampereen keskustassa Kauppakadulla. Valokuvakeskuksessa on kaksi n\u00e4yttelytilaa: katutason Galleria ja alakerran Studio. Studion n\u00e4yttelytila pienenee vuonna 2025 kun rappusten alla oleva tila otetaan muuhun k\u00e4ytt\u00f6\u00f6n. Tuleva muutos n\u00e4kyy pohjapiirroksessa pohjapiirros_alakerta. Nykyajan n\u00e4yttelyhaku j\u00e4rjestet\u00e4\u00e4n kerran vuodessa, jolloin haetaan seuraavan vuoden n\u00e4yttelyaikoja. Haku on avoin kaikille [&hellip;]","og_url":"https:\/\/valokuvakeskusnykyaika.fi\/en\/nayttelyt\/nayttelyhaku\/","og_site_name":"Valokuvakeskus Nykyaika","article_publisher":"https:\/\/www.facebook.com\/valokuvakeskus.nykyaika\/","article_modified_time":"2026-04-01T13:53:43+00:00","twitter_card":"summary_large_image","twitter_site":"@nykyaika","twitter_misc":{"Estimated reading time":"2 minutes"},"schema":{"@context":"https:\/\/schema.org","@graph":[{"@type":"WebPage","@id":"https:\/\/valokuvakeskusnykyaika.fi\/nayttelyt\/nayttelyhaku\/","url":"https:\/\/valokuvakeskusnykyaika.fi\/nayttelyt\/nayttelyhaku\/","name":"N\u00e4yttelyhaku - Valokuvakeskus Nykyaika","isPartOf":{"@id":"https:\/\/valokuvakeskusnykyaika.fi\/#website"},"datePublished":"2013-01-24T15:11:30+00:00","dateModified":"2026-04-01T13:53:43+00:00","breadcrumb":{"@id":"https:\/\/valokuvakeskusnykyaika.fi\/nayttelyt\/nayttelyhaku\/#breadcrumb"},"inLanguage":"en-GB","potentialAction":[{"@type":"ReadAction","target":["https:\/\/valokuvakeskusnykyaika.fi\/nayttelyt\/nayttelyhaku\/"]}]},{"@type":"BreadcrumbList","@id":"https:\/\/valokuvakeskusnykyaika.fi\/nayttelyt\/nayttelyhaku\/#breadcrumb","itemListElement":[{"@type":"ListItem","position":1,"name":"Etusivu","item":"https:\/\/valokuvakeskusnykyaika.fi\/"},{"@type":"ListItem","position":2,"name":"N\u00e4yttelyt","item":"https:\/\/valokuvakeskusnykyaika.fi\/nayttelyt\/"},{"@type":"ListItem","position":3,"name":"N\u00e4yttelyhaku"}]},{"@type":"WebSite","@id":"https:\/\/valokuvakeskusnykyaika.fi\/#website","url":"https:\/\/valokuvakeskusnykyaika.fi\/","name":"Photographic Centre Nykyaika","description":"Nykyaika on avoin kohtaamispaikka kaikille valokuvataiteen yst\u00e4ville","publisher":{"@id":"https:\/\/valokuvakeskusnykyaika.fi\/#organization"},"potentialAction":[{"@type":"SearchAction","target":{"@type":"EntryPoint","urlTemplate":"https:\/\/valokuvakeskusnykyaika.fi\/?s={search_term_string}"},"query-input":{"@type":"PropertyValueSpecification","valueRequired":true,"valueName":"search_term_string"}}],"inLanguage":"en-GB"},{"@type":"Organization","@id":"https:\/\/valokuvakeskusnykyaika.fi\/#organization","name":"Photographic Centre Nykyaika","url":"https:\/\/valokuvakeskusnykyaika.fi\/","logo":{"@type":"ImageObject","inLanguage":"en-GB","@id":"https:\/\/valokuvakeskusnykyaika.fi\/#\/schema\/logo\/image\/","url":"https:\/\/valokuvakeskusnykyaika.fi\/wp-content\/uploads\/2019\/01\/NY-Valokuvakeskus-logo-pieni.png","contentUrl":"https:\/\/valokuvakeskusnykyaika.fi\/wp-content\/uploads\/2019\/01\/NY-Valokuvakeskus-logo-pieni.png","width":300,"height":314,"caption":"Valokuvakeskus Nykyaika"},"image":{"@id":"https:\/\/valokuvakeskusnykyaika.fi\/#\/schema\/logo\/image\/"},"sameAs":["https:\/\/www.facebook.com\/valokuvakeskus.nykyaika\/","https:\/\/x.com\/nykyaika","https:\/\/www.instagram.com\/nykyaika\/"]}]}},"_links":{"self":[{"href":"https:\/\/valokuvakeskusnykyaika.fi\/en\/wp-json\/wp\/v2\/pages\/165","targetHints":{"allow":["GET"]}}],"collection":[{"href":"https:\/\/valokuvakeskusnykyaika.fi\/en\/wp-json\/wp\/v2\/pages"}],"about":[{"href":"https:\/\/valokuvakeskusnykyaika.fi\/en\/wp-json\/wp\/v2\/types\/page"}],"author":[{"embeddable":true,"href":"https:\/\/valokuvakeskusnykyaika.fi\/en\/wp-json\/wp\/v2\/users\/6"}],"replies":[{"embeddable":true,"href":"https:\/\/valokuvakeskusnykyaika.fi\/en\/wp-json\/wp\/v2\/comments?post=165"}],"version-history":[{"count":250,"href":"https:\/\/valokuvakeskusnykyaika.fi\/en\/wp-json\/wp\/v2\/pages\/165\/revisions"}],"predecessor-version":[{"id":6831,"href":"https:\/\/valokuvakeskusnykyaika.fi\/en\/wp-json\/wp\/v2\/pages\/165\/revisions\/6831"}],"up":[{"embeddable":true,"href":"https:\/\/valokuvakeskusnykyaika.fi\/en\/wp-json\/wp\/v2\/pages\/41"}],"wp:attachment":[{"href":"https:\/\/valokuvakeskusnykyaika.fi\/en\/wp-json\/wp\/v2\/media?parent=165"}],"curies":[{"name":"wp","href":"https:\/\/api.w.org\/{rel}","templated":true}]}}