{"id":167,"date":"2013-01-24T15:14:31","date_gmt":"2013-01-24T15:14:31","guid":{"rendered":"http:\/\/valokuvakeskusnykyaika.fi\/wp\/?page_id=167"},"modified":"2025-05-07T12:23:43","modified_gmt":"2025-05-07T09:23:43","slug":"tilat","status":"publish","type":"page","link":"https:\/\/valokuvakeskusnykyaika.fi\/en\/nayttelyt\/tilat\/","title":{"rendered":"Premises"},"content":{"rendered":"<h3><span style=\"color: #008080;\"><a style=\"color: #008080;\" href=\"http:\/\/www.virtualtampere.com\/valokuvakeskus-nykyaika\/\" target=\"_blank\" rel=\"noopener noreferrer\">VIRTUAL TOUR<\/a><\/span><\/h3>\n<p>Get to know Nykyaika from the link above and roll the camera around from floor to ceiling. The photographs are taken in January 2016 from the exhibition of Lasse Lecklin. VirtualTampere shooting: Jouni Kiiskinen, JJ-Net Group Oy.<\/p>\n<p><strong>ARTIST,<\/strong> download floorplan here (not in proportion):<\/p>\n<p>* Floor plan and measurements of gallery at street level: <span style=\"color: #008080;\"><a style=\"color: #008080;\" href=\"https:\/\/valokuvakeskusnykyaika.fi\/wp-content\/uploads\/2019\/11\/Nykkyaika_pohjapiirros_katutaso.pdf\">Galleria &#8211; Katutaso<\/a><\/span><\/p>\n<p>* Floor plan and measurements of studio: <span style=\"color: #008080;\"><a style=\"color: #008080;\" href=\"https:\/\/valokuvakeskusnykyaika.fi\/wp-content\/uploads\/2024\/04\/Nykyaika_pohjapiirros_alakerta-muokattu.pdf\" rel=\"noopener\">Galleria \u2013 Alakerta<\/a><\/span><\/p>\n<p><strong>Hanging<\/strong><\/p>\n<p>In the street-level gallery, the walls are covered with MDF board: the works are fixed with screws or steel nails. There are also some stone walls, see the floor plan for more details.<\/p>\n<p>Downstairs, the walls are covered with MDF board: the works are fixed with screws or steel nails. Hanging rails and hooks are also available.<\/p>\n<p>The equipment needed is provided at Nykyaika.<\/p>\n<p><strong>AV-technology at the gallery<\/strong><\/p>\n<p>Projector: Optoma HD50 Full HD 3D <em>(recommended format mp4, mov)<\/em><\/p>\n<p>Multimediaplayer: WD TV<\/p>\n<p>Speakers: Jamo P 404<\/p>\n<p>Earphones: AKG K 273 Pro<\/p>\n<p>Monitor: Sony KDL-50W809C<\/p>\n<p>There are stands for the monitor and projector.<\/p>\n<p><strong>Gallery lighting<\/strong><\/p>\n<p>Spotlights are available on both floors. Each spotlight has an ability to adjust the size and brightness of the light. In the spotlights (Sylvania Beacon Muse) the source of light is 26W led, temperature of the light 3000K (warm white).<\/p>\n<p>On the street level gallery there are additionally so-called wallwashers (Erco Pantrac Lens wallwasher), where the source of light is 24W led, temperature 4000K (cold white).<\/p>\n<p>Exhebition by Lasse Lecklin at Nykyaika Gallery:<\/p>\n<p><img loading=\"lazy\" decoding=\"async\" width=\"640\" height=\"427\" class=\"size-large wp-image-6420 aligncenter\" src=\"https:\/\/valokuvakeskusnykyaika.fi\/wp-content\/uploads\/2025\/04\/galleria-9614-640x427.jpg\" alt=\"\" \/><\/p>\n<p><img loading=\"lazy\" decoding=\"async\" width=\"640\" height=\"427\" class=\"size-large wp-image-6421 aligncenter\" src=\"https:\/\/valokuvakeskusnykyaika.fi\/wp-content\/uploads\/2025\/04\/galleria-9616-640x427.jpg\" alt=\"\" \/><\/p>\n<p><img loading=\"lazy\" decoding=\"async\" width=\"640\" height=\"427\" class=\"size-large wp-image-6419 aligncenter\" src=\"https:\/\/valokuvakeskusnykyaika.fi\/wp-content\/uploads\/2025\/04\/galleria-9611-640x427.jpg\" alt=\"\" \/><\/p>\n<p><img loading=\"lazy\" decoding=\"async\" width=\"640\" height=\"427\" class=\"size-large wp-image-6416 aligncenter\" src=\"https:\/\/valokuvakeskusnykyaika.fi\/wp-content\/uploads\/2025\/04\/galleria-9605-640x427.jpg\" alt=\"\" \/><\/p>\n<p>Nykyaika Studio:<\/p>\n<p><img loading=\"lazy\" decoding=\"async\" width=\"640\" height=\"427\" class=\"size-large wp-image-6423 aligncenter\" src=\"https:\/\/valokuvakeskusnykyaika.fi\/wp-content\/uploads\/2025\/04\/galleria-9620-640x427.jpg\" alt=\"\" \/><\/p>\n<p><img loading=\"lazy\" decoding=\"async\" width=\"640\" height=\"427\" class=\"size-large wp-image-6426 aligncenter\" src=\"https:\/\/valokuvakeskusnykyaika.fi\/wp-content\/uploads\/2025\/04\/galleria-9629-640x427.jpg\" alt=\"\" \/><\/p>\n<p>Iiu Susirajan n\u00e4yttely esill\u00e4 Nykyajan Galleriassa:<\/p>\n<p><img loading=\"lazy\" decoding=\"async\" width=\"640\" height=\"427\" class=\"wp-image-1240 size-large aligncenter\" src=\"http:\/\/valokuvakeskusnykyaika.fi\/wp-content\/uploads\/2013\/01\/Susiraja1www-640x427.jpg\" alt=\"Nykyaika_katutaso_n\u00e4yttelyn Iiu Susiraja. Kuva: Marja-Liisa Torniainen.\" \/><\/p>\n<p><img loading=\"lazy\" decoding=\"async\" width=\"640\" height=\"427\" class=\"wp-image-1235 size-large aligncenter\" src=\"http:\/\/valokuvakeskusnykyaika.fi\/wp-content\/uploads\/2013\/01\/Susiraja4www-640x427.jpg\" alt=\"Nykyaika_katutaso_n\u00e4yttelyn Iiu Susiraja. Ovi kirjastoon. Kuva: Marja-Liisa Torniainen.\" \/><\/p>\n\n\n<p><\/p>","protected":false},"excerpt":{"rendered":"<p>VIRTUAALIKIERROS Tutustu Nykyaikaan yll\u00e4olevasta linkist\u00e4 ja py\u00f6rittele kameraa katosta lattiaan. Kuvat on otettu tammikuussa 2016 Lasse Lecklinin n\u00e4yttelyst\u00e4. VirtualTampere kuvaus: Jouni Kiiskinen, JJ-Net Group Oy. TAITEILIJA, lataa t\u00e4st\u00e4 pohjapiirrokset (ei mittasuhteessa): * Katutason pohja ja mitat: Galleria &#8211; Katutaso * Alakerran pohja ja mitat: Galleria \u2013 Alakerta Ripustus Katutason galleriassa sein\u00e4t on p\u00e4\u00e4llystetty MDF-levyll\u00e4: teokset [&hellip;]<\/p>\n","protected":false},"author":6,"featured_media":0,"parent":41,"menu_order":5,"comment_status":"closed","ping_status":"closed","template":"","meta":{"iawp_total_views":1220,"footnotes":""},"class_list":["post-167","page","type-page","status-publish","hentry"],"yoast_head":"<!-- This site is optimized with the Yoast SEO plugin v27.3 - https:\/\/yoast.com\/product\/yoast-seo-wordpress\/ -->\n<title>Tilat - Valokuvakeskus Nykyaika<\/title>\n<meta name=\"robots\" content=\"index, follow, max-snippet:-1, max-image-preview:large, max-video-preview:-1\" \/>\n<link rel=\"canonical\" href=\"https:\/\/valokuvakeskusnykyaika.fi\/en\/nayttelyt\/tilat\/\" \/>\n<meta property=\"og:locale\" content=\"en_GB\" \/>\n<meta property=\"og:type\" content=\"article\" \/>\n<meta property=\"og:title\" content=\"Tilat - Valokuvakeskus Nykyaika\" \/>\n<meta property=\"og:description\" content=\"VIRTUAALIKIERROS Tutustu Nykyaikaan yll\u00e4olevasta linkist\u00e4 ja py\u00f6rittele kameraa katosta lattiaan. Kuvat on otettu tammikuussa 2016 Lasse Lecklinin n\u00e4yttelyst\u00e4. VirtualTampere kuvaus: Jouni Kiiskinen, JJ-Net Group Oy. TAITEILIJA, lataa t\u00e4st\u00e4 pohjapiirrokset (ei mittasuhteessa): * Katutason pohja ja mitat: Galleria &#8211; Katutaso * Alakerran pohja ja mitat: Galleria \u2013 Alakerta Ripustus Katutason galleriassa sein\u00e4t on p\u00e4\u00e4llystetty MDF-levyll\u00e4: teokset [&hellip;]\" \/>\n<meta property=\"og:url\" content=\"https:\/\/valokuvakeskusnykyaika.fi\/en\/nayttelyt\/tilat\/\" \/>\n<meta property=\"og:site_name\" content=\"Valokuvakeskus Nykyaika\" \/>\n<meta property=\"article:publisher\" content=\"https:\/\/www.facebook.com\/valokuvakeskus.nykyaika\/\" \/>\n<meta property=\"article:modified_time\" content=\"2025-05-07T09:23:43+00:00\" \/>\n<meta property=\"og:image\" content=\"https:\/\/valokuvakeskusnykyaika.fi\/wp-content\/uploads\/2025\/04\/galleria-9614.jpg\" \/>\n\t<meta property=\"og:image:width\" content=\"2000\" \/>\n\t<meta property=\"og:image:height\" content=\"1333\" \/>\n\t<meta property=\"og:image:type\" content=\"image\/jpeg\" \/>\n<meta name=\"twitter:card\" content=\"summary_large_image\" \/>\n<meta name=\"twitter:site\" content=\"@nykyaika\" \/>\n<meta name=\"twitter:label1\" content=\"Estimated reading time\" \/>\n\t<meta name=\"twitter:data1\" content=\"3 minutes\" \/>\n<script type=\"application\/ld+json\" class=\"yoast-schema-graph\">{\"@context\":\"https:\\\/\\\/schema.org\",\"@graph\":[{\"@type\":\"WebPage\",\"@id\":\"https:\\\/\\\/valokuvakeskusnykyaika.fi\\\/nayttelyt\\\/tilat\\\/\",\"url\":\"https:\\\/\\\/valokuvakeskusnykyaika.fi\\\/nayttelyt\\\/tilat\\\/\",\"name\":\"Tilat - Valokuvakeskus Nykyaika\",\"isPartOf\":{\"@id\":\"https:\\\/\\\/valokuvakeskusnykyaika.fi\\\/#website\"},\"primaryImageOfPage\":{\"@id\":\"https:\\\/\\\/valokuvakeskusnykyaika.fi\\\/nayttelyt\\\/tilat\\\/#primaryimage\"},\"image\":{\"@id\":\"https:\\\/\\\/valokuvakeskusnykyaika.fi\\\/nayttelyt\\\/tilat\\\/#primaryimage\"},\"thumbnailUrl\":\"https:\\\/\\\/valokuvakeskusnykyaika.fi\\\/wp-content\\\/uploads\\\/2025\\\/04\\\/galleria-9614-640x427.jpg\",\"datePublished\":\"2013-01-24T15:14:31+00:00\",\"dateModified\":\"2025-05-07T09:23:43+00:00\",\"breadcrumb\":{\"@id\":\"https:\\\/\\\/valokuvakeskusnykyaika.fi\\\/nayttelyt\\\/tilat\\\/#breadcrumb\"},\"inLanguage\":\"en-GB\",\"potentialAction\":[{\"@type\":\"ReadAction\",\"target\":[\"https:\\\/\\\/valokuvakeskusnykyaika.fi\\\/nayttelyt\\\/tilat\\\/\"]}]},{\"@type\":\"ImageObject\",\"inLanguage\":\"en-GB\",\"@id\":\"https:\\\/\\\/valokuvakeskusnykyaika.fi\\\/nayttelyt\\\/tilat\\\/#primaryimage\",\"url\":\"https:\\\/\\\/valokuvakeskusnykyaika.fi\\\/wp-content\\\/uploads\\\/2025\\\/04\\\/galleria-9614-640x427.jpg\",\"contentUrl\":\"https:\\\/\\\/valokuvakeskusnykyaika.fi\\\/wp-content\\\/uploads\\\/2025\\\/04\\\/galleria-9614-640x427.jpg\"},{\"@type\":\"BreadcrumbList\",\"@id\":\"https:\\\/\\\/valokuvakeskusnykyaika.fi\\\/nayttelyt\\\/tilat\\\/#breadcrumb\",\"itemListElement\":[{\"@type\":\"ListItem\",\"position\":1,\"name\":\"Etusivu\",\"item\":\"https:\\\/\\\/valokuvakeskusnykyaika.fi\\\/\"},{\"@type\":\"ListItem\",\"position\":2,\"name\":\"N\u00e4yttelyt\",\"item\":\"https:\\\/\\\/valokuvakeskusnykyaika.fi\\\/nayttelyt\\\/\"},{\"@type\":\"ListItem\",\"position\":3,\"name\":\"Tilat\"}]},{\"@type\":\"WebSite\",\"@id\":\"https:\\\/\\\/valokuvakeskusnykyaika.fi\\\/#website\",\"url\":\"https:\\\/\\\/valokuvakeskusnykyaika.fi\\\/\",\"name\":\"Valokuvakeskus Nykyaika\",\"description\":\"Nykyaika on avoin kohtaamispaikka kaikille valokuvataiteen yst\u00e4ville\",\"publisher\":{\"@id\":\"https:\\\/\\\/valokuvakeskusnykyaika.fi\\\/#organization\"},\"potentialAction\":[{\"@type\":\"SearchAction\",\"target\":{\"@type\":\"EntryPoint\",\"urlTemplate\":\"https:\\\/\\\/valokuvakeskusnykyaika.fi\\\/?s={search_term_string}\"},\"query-input\":{\"@type\":\"PropertyValueSpecification\",\"valueRequired\":true,\"valueName\":\"search_term_string\"}}],\"inLanguage\":\"en-GB\"},{\"@type\":\"Organization\",\"@id\":\"https:\\\/\\\/valokuvakeskusnykyaika.fi\\\/#organization\",\"name\":\"Valokuvakeskus Nykyaika\",\"url\":\"https:\\\/\\\/valokuvakeskusnykyaika.fi\\\/\",\"logo\":{\"@type\":\"ImageObject\",\"inLanguage\":\"en-GB\",\"@id\":\"https:\\\/\\\/valokuvakeskusnykyaika.fi\\\/#\\\/schema\\\/logo\\\/image\\\/\",\"url\":\"https:\\\/\\\/valokuvakeskusnykyaika.fi\\\/wp-content\\\/uploads\\\/2019\\\/01\\\/NY-Valokuvakeskus-logo-pieni.png\",\"contentUrl\":\"https:\\\/\\\/valokuvakeskusnykyaika.fi\\\/wp-content\\\/uploads\\\/2019\\\/01\\\/NY-Valokuvakeskus-logo-pieni.png\",\"width\":300,\"height\":314,\"caption\":\"Valokuvakeskus Nykyaika\"},\"image\":{\"@id\":\"https:\\\/\\\/valokuvakeskusnykyaika.fi\\\/#\\\/schema\\\/logo\\\/image\\\/\"},\"sameAs\":[\"https:\\\/\\\/www.facebook.com\\\/valokuvakeskus.nykyaika\\\/\",\"https:\\\/\\\/x.com\\\/nykyaika\",\"https:\\\/\\\/www.instagram.com\\\/nykyaika\\\/\"]}]}<\/script>\n<!-- \/ Yoast SEO plugin. -->","yoast_head_json":{"title":"Tilat - Valokuvakeskus Nykyaika","robots":{"index":"index","follow":"follow","max-snippet":"max-snippet:-1","max-image-preview":"max-image-preview:large","max-video-preview":"max-video-preview:-1"},"canonical":"https:\/\/valokuvakeskusnykyaika.fi\/en\/nayttelyt\/tilat\/","og_locale":"en_GB","og_type":"article","og_title":"Tilat - Valokuvakeskus Nykyaika","og_description":"VIRTUAALIKIERROS Tutustu Nykyaikaan yll\u00e4olevasta linkist\u00e4 ja py\u00f6rittele kameraa katosta lattiaan. Kuvat on otettu tammikuussa 2016 Lasse Lecklinin n\u00e4yttelyst\u00e4. VirtualTampere kuvaus: Jouni Kiiskinen, JJ-Net Group Oy. TAITEILIJA, lataa t\u00e4st\u00e4 pohjapiirrokset (ei mittasuhteessa): * Katutason pohja ja mitat: Galleria &#8211; Katutaso * Alakerran pohja ja mitat: Galleria \u2013 Alakerta Ripustus Katutason galleriassa sein\u00e4t on p\u00e4\u00e4llystetty MDF-levyll\u00e4: teokset [&hellip;]","og_url":"https:\/\/valokuvakeskusnykyaika.fi\/en\/nayttelyt\/tilat\/","og_site_name":"Valokuvakeskus Nykyaika","article_publisher":"https:\/\/www.facebook.com\/valokuvakeskus.nykyaika\/","article_modified_time":"2025-05-07T09:23:43+00:00","og_image":[{"width":2000,"height":1333,"url":"https:\/\/valokuvakeskusnykyaika.fi\/wp-content\/uploads\/2025\/04\/galleria-9614.jpg","type":"image\/jpeg"}],"twitter_card":"summary_large_image","twitter_site":"@nykyaika","twitter_misc":{"Estimated reading time":"3 minutes"},"schema":{"@context":"https:\/\/schema.org","@graph":[{"@type":"WebPage","@id":"https:\/\/valokuvakeskusnykyaika.fi\/nayttelyt\/tilat\/","url":"https:\/\/valokuvakeskusnykyaika.fi\/nayttelyt\/tilat\/","name":"Tilat - Valokuvakeskus Nykyaika","isPartOf":{"@id":"https:\/\/valokuvakeskusnykyaika.fi\/#website"},"primaryImageOfPage":{"@id":"https:\/\/valokuvakeskusnykyaika.fi\/nayttelyt\/tilat\/#primaryimage"},"image":{"@id":"https:\/\/valokuvakeskusnykyaika.fi\/nayttelyt\/tilat\/#primaryimage"},"thumbnailUrl":"https:\/\/valokuvakeskusnykyaika.fi\/wp-content\/uploads\/2025\/04\/galleria-9614-640x427.jpg","datePublished":"2013-01-24T15:14:31+00:00","dateModified":"2025-05-07T09:23:43+00:00","breadcrumb":{"@id":"https:\/\/valokuvakeskusnykyaika.fi\/nayttelyt\/tilat\/#breadcrumb"},"inLanguage":"en-GB","potentialAction":[{"@type":"ReadAction","target":["https:\/\/valokuvakeskusnykyaika.fi\/nayttelyt\/tilat\/"]}]},{"@type":"ImageObject","inLanguage":"en-GB","@id":"https:\/\/valokuvakeskusnykyaika.fi\/nayttelyt\/tilat\/#primaryimage","url":"https:\/\/valokuvakeskusnykyaika.fi\/wp-content\/uploads\/2025\/04\/galleria-9614-640x427.jpg","contentUrl":"https:\/\/valokuvakeskusnykyaika.fi\/wp-content\/uploads\/2025\/04\/galleria-9614-640x427.jpg"},{"@type":"BreadcrumbList","@id":"https:\/\/valokuvakeskusnykyaika.fi\/nayttelyt\/tilat\/#breadcrumb","itemListElement":[{"@type":"ListItem","position":1,"name":"Etusivu","item":"https:\/\/valokuvakeskusnykyaika.fi\/"},{"@type":"ListItem","position":2,"name":"N\u00e4yttelyt","item":"https:\/\/valokuvakeskusnykyaika.fi\/nayttelyt\/"},{"@type":"ListItem","position":3,"name":"Tilat"}]},{"@type":"WebSite","@id":"https:\/\/valokuvakeskusnykyaika.fi\/#website","url":"https:\/\/valokuvakeskusnykyaika.fi\/","name":"Photographic Centre Nykyaika","description":"Nykyaika on avoin kohtaamispaikka kaikille valokuvataiteen yst\u00e4ville","publisher":{"@id":"https:\/\/valokuvakeskusnykyaika.fi\/#organization"},"potentialAction":[{"@type":"SearchAction","target":{"@type":"EntryPoint","urlTemplate":"https:\/\/valokuvakeskusnykyaika.fi\/?s={search_term_string}"},"query-input":{"@type":"PropertyValueSpecification","valueRequired":true,"valueName":"search_term_string"}}],"inLanguage":"en-GB"},{"@type":"Organization","@id":"https:\/\/valokuvakeskusnykyaika.fi\/#organization","name":"Photographic Centre Nykyaika","url":"https:\/\/valokuvakeskusnykyaika.fi\/","logo":{"@type":"ImageObject","inLanguage":"en-GB","@id":"https:\/\/valokuvakeskusnykyaika.fi\/#\/schema\/logo\/image\/","url":"https:\/\/valokuvakeskusnykyaika.fi\/wp-content\/uploads\/2019\/01\/NY-Valokuvakeskus-logo-pieni.png","contentUrl":"https:\/\/valokuvakeskusnykyaika.fi\/wp-content\/uploads\/2019\/01\/NY-Valokuvakeskus-logo-pieni.png","width":300,"height":314,"caption":"Valokuvakeskus Nykyaika"},"image":{"@id":"https:\/\/valokuvakeskusnykyaika.fi\/#\/schema\/logo\/image\/"},"sameAs":["https:\/\/www.facebook.com\/valokuvakeskus.nykyaika\/","https:\/\/x.com\/nykyaika","https:\/\/www.instagram.com\/nykyaika\/"]}]}},"_links":{"self":[{"href":"https:\/\/valokuvakeskusnykyaika.fi\/en\/wp-json\/wp\/v2\/pages\/167","targetHints":{"allow":["GET"]}}],"collection":[{"href":"https:\/\/valokuvakeskusnykyaika.fi\/en\/wp-json\/wp\/v2\/pages"}],"about":[{"href":"https:\/\/valokuvakeskusnykyaika.fi\/en\/wp-json\/wp\/v2\/types\/page"}],"author":[{"embeddable":true,"href":"https:\/\/valokuvakeskusnykyaika.fi\/en\/wp-json\/wp\/v2\/users\/6"}],"replies":[{"embeddable":true,"href":"https:\/\/valokuvakeskusnykyaika.fi\/en\/wp-json\/wp\/v2\/comments?post=167"}],"version-history":[{"count":73,"href":"https:\/\/valokuvakeskusnykyaika.fi\/en\/wp-json\/wp\/v2\/pages\/167\/revisions"}],"predecessor-version":[{"id":6464,"href":"https:\/\/valokuvakeskusnykyaika.fi\/en\/wp-json\/wp\/v2\/pages\/167\/revisions\/6464"}],"up":[{"embeddable":true,"href":"https:\/\/valokuvakeskusnykyaika.fi\/en\/wp-json\/wp\/v2\/pages\/41"}],"wp:attachment":[{"href":"https:\/\/valokuvakeskusnykyaika.fi\/en\/wp-json\/wp\/v2\/media?parent=167"}],"curies":[{"name":"wp","href":"https:\/\/api.w.org\/{rel}","templated":true}]}}