{"id":1972,"date":"2017-05-09T12:58:19","date_gmt":"2017-05-09T09:58:19","guid":{"rendered":"http:\/\/valokuvakeskusnykyaika.fi\/?page_id=1972"},"modified":"2026-03-27T12:45:58","modified_gmt":"2026-03-27T10:45:58","slug":"tulevat-nayttelyt","status":"publish","type":"page","link":"https:\/\/valokuvakeskusnykyaika.fi\/en\/tulevat-nayttelyt\/","title":{"rendered":"Upcoming exhibitions"},"content":{"rendered":"<h2 class=\"wp-block-heading\"><strong>N\u00c4YTTELYT 2026<\/strong><\/h2>\n\n\n\n<h3 class=\"wp-block-heading\"><strong>Current exhibitions<\/strong><\/h3>\n\n\n\n<p>Maaliskuu-huhtikuu<br>21.3.\u201319.4.<br>Mari Hokkanen: The Grand Tour<br>Jahanz Haroon: Phisherman Dreams of Squander<br><\/p>\n\n\n\n<div class=\"wp-block-group\"><div class=\"wp-block-group__inner-container is-layout-constrained wp-block-group-is-layout-constrained\">\n<h3 class=\"wp-block-heading\"><strong>Tulossa:<\/strong><\/h3>\n\n\n\n<p>April-May<br>25.4.\u201325.5.<br>Sari Soininen: Shallow Waters, Misty Waves<br>Miia Autio: Kirjeet<\/p>\n\n\n\n<p>May-June<br>31.5.\u201328.6.<br>Matleena J\u00e4nis: Saaren aika<\/p>\n\n\n\n<p>Hein\u00e4-Elokuu<br>4.7.-23.8.<br>Marja Piril\u00e4<\/p>\n\n\n\n<p><\/p>\n\n\n\n<div class=\"wp-block-group is-vertical is-layout-flex wp-container-core-group-is-layout-8cf370e7 wp-block-group-is-layout-flex\">\n<div class=\"wp-block-group is-vertical is-layout-flex wp-container-core-group-is-layout-8cf370e7 wp-block-group-is-layout-flex\">\n<p><br><\/p>\n<\/div>\n<\/div>\n\n\n\n<div class=\"wp-block-group is-vertical is-layout-flex wp-container-core-group-is-layout-8cf370e7 wp-block-group-is-layout-flex\">\n<div class=\"wp-block-group is-vertical is-layout-flex wp-container-core-group-is-layout-8cf370e7 wp-block-group-is-layout-flex\">\n<p><\/p>\n<\/div>\n<\/div>\n<\/div><\/div>\n\n\n\n<p><\/p>","protected":false},"excerpt":{"rendered":"<p>N\u00c4YTTELYT 2026 Nyt esill\u00e4: Maaliskuu-huhtikuu21.3.\u201319.4.Mari Hokkanen: The Grand TourJahanz Haroon: Phisherman Dreams of Squander Tulossa: Huhti-toukokuu25.4.\u201325.5.Sari Soininen: Shallow Waters, Misty WavesMiia Autio: Kirjeet Touko-kes\u00e4kuu31.5.\u201328.6.Matleena J\u00e4nis: Saaren aika Hein\u00e4-Elokuu4.7.-23.8.Marja Piril\u00e4<\/p>","protected":false},"author":6,"featured_media":0,"parent":0,"menu_order":0,"comment_status":"closed","ping_status":"closed","template":"","meta":{"iawp_total_views":3708,"footnotes":""},"class_list":["post-1972","page","type-page","status-publish","hentry"],"yoast_head":"<!-- This site is optimized with the Yoast SEO plugin v27.4 - https:\/\/yoast.com\/product\/yoast-seo-wordpress\/ -->\n<title>Tulevat n\u00e4yttelyt - Valokuvakeskus Nykyaika<\/title>\n<meta name=\"robots\" content=\"index, follow, max-snippet:-1, max-image-preview:large, max-video-preview:-1\" \/>\n<link rel=\"canonical\" href=\"https:\/\/valokuvakeskusnykyaika.fi\/en\/tulevat-nayttelyt\/\" \/>\n<meta property=\"og:locale\" content=\"en_GB\" \/>\n<meta property=\"og:type\" content=\"article\" \/>\n<meta property=\"og:title\" content=\"Tulevat n\u00e4yttelyt - Valokuvakeskus Nykyaika\" \/>\n<meta property=\"og:description\" content=\"N\u00c4YTTELYT 2026 Nyt esill\u00e4: Maaliskuu-huhtikuu21.3.\u201319.4.Mari Hokkanen: The Grand TourJahanz Haroon: Phisherman Dreams of Squander Tulossa: Huhti-toukokuu25.4.\u201325.5.Sari Soininen: Shallow Waters, Misty WavesMiia Autio: Kirjeet Touko-kes\u00e4kuu31.5.\u201328.6.Matleena J\u00e4nis: Saaren aika Hein\u00e4-Elokuu4.7.-23.8.Marja Piril\u00e4\" \/>\n<meta property=\"og:url\" content=\"https:\/\/valokuvakeskusnykyaika.fi\/en\/tulevat-nayttelyt\/\" \/>\n<meta property=\"og:site_name\" content=\"Valokuvakeskus Nykyaika\" \/>\n<meta property=\"article:publisher\" content=\"https:\/\/www.facebook.com\/valokuvakeskus.nykyaika\/\" \/>\n<meta property=\"article:modified_time\" content=\"2026-03-27T10:45:58+00:00\" \/>\n<meta name=\"twitter:card\" content=\"summary_large_image\" \/>\n<meta name=\"twitter:site\" content=\"@nykyaika\" \/>\n<meta name=\"twitter:label1\" content=\"Estimated reading time\" \/>\n\t<meta name=\"twitter:data1\" content=\"1 minute\" \/>\n<script type=\"application\/ld+json\" class=\"yoast-schema-graph\">{\"@context\":\"https:\\\/\\\/schema.org\",\"@graph\":[{\"@type\":\"WebPage\",\"@id\":\"https:\\\/\\\/valokuvakeskusnykyaika.fi\\\/tulevat-nayttelyt\\\/\",\"url\":\"https:\\\/\\\/valokuvakeskusnykyaika.fi\\\/tulevat-nayttelyt\\\/\",\"name\":\"Tulevat n\u00e4yttelyt - Valokuvakeskus Nykyaika\",\"isPartOf\":{\"@id\":\"https:\\\/\\\/valokuvakeskusnykyaika.fi\\\/#website\"},\"datePublished\":\"2017-05-09T09:58:19+00:00\",\"dateModified\":\"2026-03-27T10:45:58+00:00\",\"breadcrumb\":{\"@id\":\"https:\\\/\\\/valokuvakeskusnykyaika.fi\\\/tulevat-nayttelyt\\\/#breadcrumb\"},\"inLanguage\":\"en-GB\",\"potentialAction\":[{\"@type\":\"ReadAction\",\"target\":[\"https:\\\/\\\/valokuvakeskusnykyaika.fi\\\/tulevat-nayttelyt\\\/\"]}]},{\"@type\":\"BreadcrumbList\",\"@id\":\"https:\\\/\\\/valokuvakeskusnykyaika.fi\\\/tulevat-nayttelyt\\\/#breadcrumb\",\"itemListElement\":[{\"@type\":\"ListItem\",\"position\":1,\"name\":\"Etusivu\",\"item\":\"https:\\\/\\\/valokuvakeskusnykyaika.fi\\\/\"},{\"@type\":\"ListItem\",\"position\":2,\"name\":\"Tulevat n\u00e4yttelyt\"}]},{\"@type\":\"WebSite\",\"@id\":\"https:\\\/\\\/valokuvakeskusnykyaika.fi\\\/#website\",\"url\":\"https:\\\/\\\/valokuvakeskusnykyaika.fi\\\/\",\"name\":\"Valokuvakeskus Nykyaika\",\"description\":\"Nykyaika on avoin kohtaamispaikka kaikille valokuvataiteen yst\u00e4ville\",\"publisher\":{\"@id\":\"https:\\\/\\\/valokuvakeskusnykyaika.fi\\\/#organization\"},\"potentialAction\":[{\"@type\":\"SearchAction\",\"target\":{\"@type\":\"EntryPoint\",\"urlTemplate\":\"https:\\\/\\\/valokuvakeskusnykyaika.fi\\\/?s={search_term_string}\"},\"query-input\":{\"@type\":\"PropertyValueSpecification\",\"valueRequired\":true,\"valueName\":\"search_term_string\"}}],\"inLanguage\":\"en-GB\"},{\"@type\":\"Organization\",\"@id\":\"https:\\\/\\\/valokuvakeskusnykyaika.fi\\\/#organization\",\"name\":\"Valokuvakeskus Nykyaika\",\"url\":\"https:\\\/\\\/valokuvakeskusnykyaika.fi\\\/\",\"logo\":{\"@type\":\"ImageObject\",\"inLanguage\":\"en-GB\",\"@id\":\"https:\\\/\\\/valokuvakeskusnykyaika.fi\\\/#\\\/schema\\\/logo\\\/image\\\/\",\"url\":\"https:\\\/\\\/valokuvakeskusnykyaika.fi\\\/wp-content\\\/uploads\\\/2019\\\/01\\\/NY-Valokuvakeskus-logo-pieni.png\",\"contentUrl\":\"https:\\\/\\\/valokuvakeskusnykyaika.fi\\\/wp-content\\\/uploads\\\/2019\\\/01\\\/NY-Valokuvakeskus-logo-pieni.png\",\"width\":300,\"height\":314,\"caption\":\"Valokuvakeskus Nykyaika\"},\"image\":{\"@id\":\"https:\\\/\\\/valokuvakeskusnykyaika.fi\\\/#\\\/schema\\\/logo\\\/image\\\/\"},\"sameAs\":[\"https:\\\/\\\/www.facebook.com\\\/valokuvakeskus.nykyaika\\\/\",\"https:\\\/\\\/x.com\\\/nykyaika\",\"https:\\\/\\\/www.instagram.com\\\/nykyaika\\\/\"]}]}<\/script>\n<!-- \/ Yoast SEO plugin. -->","yoast_head_json":{"title":"Tulevat n\u00e4yttelyt - Valokuvakeskus Nykyaika","robots":{"index":"index","follow":"follow","max-snippet":"max-snippet:-1","max-image-preview":"max-image-preview:large","max-video-preview":"max-video-preview:-1"},"canonical":"https:\/\/valokuvakeskusnykyaika.fi\/en\/tulevat-nayttelyt\/","og_locale":"en_GB","og_type":"article","og_title":"Tulevat n\u00e4yttelyt - Valokuvakeskus Nykyaika","og_description":"N\u00c4YTTELYT 2026 Nyt esill\u00e4: Maaliskuu-huhtikuu21.3.\u201319.4.Mari Hokkanen: The Grand TourJahanz Haroon: Phisherman Dreams of Squander Tulossa: Huhti-toukokuu25.4.\u201325.5.Sari Soininen: Shallow Waters, Misty WavesMiia Autio: Kirjeet Touko-kes\u00e4kuu31.5.\u201328.6.Matleena J\u00e4nis: Saaren aika Hein\u00e4-Elokuu4.7.-23.8.Marja Piril\u00e4","og_url":"https:\/\/valokuvakeskusnykyaika.fi\/en\/tulevat-nayttelyt\/","og_site_name":"Valokuvakeskus Nykyaika","article_publisher":"https:\/\/www.facebook.com\/valokuvakeskus.nykyaika\/","article_modified_time":"2026-03-27T10:45:58+00:00","twitter_card":"summary_large_image","twitter_site":"@nykyaika","twitter_misc":{"Estimated reading time":"1 minute"},"schema":{"@context":"https:\/\/schema.org","@graph":[{"@type":"WebPage","@id":"https:\/\/valokuvakeskusnykyaika.fi\/tulevat-nayttelyt\/","url":"https:\/\/valokuvakeskusnykyaika.fi\/tulevat-nayttelyt\/","name":"Tulevat n\u00e4yttelyt - Valokuvakeskus Nykyaika","isPartOf":{"@id":"https:\/\/valokuvakeskusnykyaika.fi\/#website"},"datePublished":"2017-05-09T09:58:19+00:00","dateModified":"2026-03-27T10:45:58+00:00","breadcrumb":{"@id":"https:\/\/valokuvakeskusnykyaika.fi\/tulevat-nayttelyt\/#breadcrumb"},"inLanguage":"en-GB","potentialAction":[{"@type":"ReadAction","target":["https:\/\/valokuvakeskusnykyaika.fi\/tulevat-nayttelyt\/"]}]},{"@type":"BreadcrumbList","@id":"https:\/\/valokuvakeskusnykyaika.fi\/tulevat-nayttelyt\/#breadcrumb","itemListElement":[{"@type":"ListItem","position":1,"name":"Etusivu","item":"https:\/\/valokuvakeskusnykyaika.fi\/"},{"@type":"ListItem","position":2,"name":"Tulevat n\u00e4yttelyt"}]},{"@type":"WebSite","@id":"https:\/\/valokuvakeskusnykyaika.fi\/#website","url":"https:\/\/valokuvakeskusnykyaika.fi\/","name":"Photographic Centre Nykyaika","description":"Nykyaika on avoin kohtaamispaikka kaikille valokuvataiteen yst\u00e4ville","publisher":{"@id":"https:\/\/valokuvakeskusnykyaika.fi\/#organization"},"potentialAction":[{"@type":"SearchAction","target":{"@type":"EntryPoint","urlTemplate":"https:\/\/valokuvakeskusnykyaika.fi\/?s={search_term_string}"},"query-input":{"@type":"PropertyValueSpecification","valueRequired":true,"valueName":"search_term_string"}}],"inLanguage":"en-GB"},{"@type":"Organization","@id":"https:\/\/valokuvakeskusnykyaika.fi\/#organization","name":"Photographic Centre Nykyaika","url":"https:\/\/valokuvakeskusnykyaika.fi\/","logo":{"@type":"ImageObject","inLanguage":"en-GB","@id":"https:\/\/valokuvakeskusnykyaika.fi\/#\/schema\/logo\/image\/","url":"https:\/\/valokuvakeskusnykyaika.fi\/wp-content\/uploads\/2019\/01\/NY-Valokuvakeskus-logo-pieni.png","contentUrl":"https:\/\/valokuvakeskusnykyaika.fi\/wp-content\/uploads\/2019\/01\/NY-Valokuvakeskus-logo-pieni.png","width":300,"height":314,"caption":"Valokuvakeskus Nykyaika"},"image":{"@id":"https:\/\/valokuvakeskusnykyaika.fi\/#\/schema\/logo\/image\/"},"sameAs":["https:\/\/www.facebook.com\/valokuvakeskus.nykyaika\/","https:\/\/x.com\/nykyaika","https:\/\/www.instagram.com\/nykyaika\/"]}]}},"_links":{"self":[{"href":"https:\/\/valokuvakeskusnykyaika.fi\/en\/wp-json\/wp\/v2\/pages\/1972","targetHints":{"allow":["GET"]}}],"collection":[{"href":"https:\/\/valokuvakeskusnykyaika.fi\/en\/wp-json\/wp\/v2\/pages"}],"about":[{"href":"https:\/\/valokuvakeskusnykyaika.fi\/en\/wp-json\/wp\/v2\/types\/page"}],"author":[{"embeddable":true,"href":"https:\/\/valokuvakeskusnykyaika.fi\/en\/wp-json\/wp\/v2\/users\/6"}],"replies":[{"embeddable":true,"href":"https:\/\/valokuvakeskusnykyaika.fi\/en\/wp-json\/wp\/v2\/comments?post=1972"}],"version-history":[{"count":185,"href":"https:\/\/valokuvakeskusnykyaika.fi\/en\/wp-json\/wp\/v2\/pages\/1972\/revisions"}],"predecessor-version":[{"id":6819,"href":"https:\/\/valokuvakeskusnykyaika.fi\/en\/wp-json\/wp\/v2\/pages\/1972\/revisions\/6819"}],"wp:attachment":[{"href":"https:\/\/valokuvakeskusnykyaika.fi\/en\/wp-json\/wp\/v2\/media?parent=1972"}],"curies":[{"name":"wp","href":"https:\/\/api.w.org\/{rel}","templated":true}]}}