{"id":2563,"date":"2018-06-18T14:45:06","date_gmt":"2018-06-18T11:45:06","guid":{"rendered":"http:\/\/valokuvakeskusnykyaika.fi\/?page_id=2563"},"modified":"2018-06-27T10:50:24","modified_gmt":"2018-06-27T07:50:24","slug":"tietosuojakaytanto","status":"publish","type":"page","link":"https:\/\/valokuvakeskusnykyaika.fi\/en\/tietosuojakaytanto\/","title":{"rendered":"Data protection practices"},"content":{"rendered":"<p>The EU's general data procection regulation (GDPR) came into effect on May 25th of 2018, and we have updated our policies to correspond those privacy settings. We will only use your email to inform you of events of the photographic centre, and we will not release it to third parties. You may view the updated data procection and privacy policies here:<\/p>\n<ol>\n<li>Data controller<br \/>\nPhotographic Centre Nykyaika<br \/>\nKauppakatu 14<br \/>\n33210 Tampere<\/li>\n<li>Contact information in issues regarding privacy policy<br \/>\nWe will answer inquiries by email at director.nykyaika@backlight.fi. We aim to answer all emails within three business days.<\/li>\n<li>Name of register<br \/>\nValokuvakeskus Nykyajan tiedotusrekisteri.<\/li>\n<li>The purpose of handling personal information<br \/>\nThe purpose of this register is to function as<br \/>\na register for invited guests for opening day celebrations at Photographic Centre Nykyaika<br \/>\nand for events held at\/by Nykyaika.<br \/>\nPersonal information will be handled in regards to informing<br \/>\nabout exhibitions in Photographic Centre Nykyaika and about others<br \/>\nevents open to the public.<\/li>\n<li>Information content of the register<br \/>\nThe invited guest register of Photographic Centre Nykyaika contains the following information:<br \/>\nName<br \/>\nContact information: address, email address<\/li>\n<li>Consistent sources of information and maintaining of information<br \/>\nThe information in the register is gained by:<br \/>\n- the registered person by their request<br \/>\n- in instances of cities, counties and other officials serving the public<br \/>\nby work contacts found on websites (museums and other cultural institutes,<br \/>\nart operators, art teachers, art societies and associations)<br \/>\n- in the instance of collaborative efforts from collaborators<br \/>\n- as a membership perk of being a supporting member of Photographic Centre Nykyaika<br \/>\npalveluna<br \/>\n- from members of the press, from websites and by the registered person's own request<br \/>\nThe information will be saved in the marketing register until the registered party<br \/>\ninform they wish to be removed from the marketing register,<br \/>\nor until information is found to be invalid\/outdated.<\/li>\n<li>Regular disclosures of information<br \/>\nInformation will not be disclosed to third parties.<\/li>\n<li style=\"text-align: left;\">Removing information<br \/>\nInformation may be removed from the register by the request of the owner of the address.<\/li>\n<li>Principles of register protection<br \/>\nInformation associated with the email list are held on the servers of our service provider, Gruppo.<\/li>\n<li>Personal data retention period<br \/>\nWe only store data for as long as it is necessary according to the<br \/>\npurposes as dictated above and according to the relevant laws.<br \/>\nPersonal data will be manually removed by request<br \/>\nof a person from all systems the information is stored on.<br \/>\ntieto on tallennettuna.<\/li>\n<\/ol>\n<p>&nbsp;<\/p>\n<p>There is a link provided at the end of emails sent through the Mailchimp service,<br \/>\nthat allows for discontinuing of emails anytime.<br \/>\nWe remove your information from our register once you cancel your subscription.<\/p>\n<p>Changes in the privacy statement<br \/>\nWe are constantly aiming to better our work and therefore reserve the right to change<br \/>\nthis privacy statement. Changes made may also be due to changes in legislation.<br \/>\nWe recommend you reacquaint yourself with the content of the privacy statement regularly.<br \/>\ns\u00e4\u00e4nn\u00f6llisesti.<\/p>","protected":false},"excerpt":{"rendered":"<p>EU:n yleinen tietosuoja-asetus eli GDPR astui voimaan 25.5.2018, ja olemme p\u00e4ivitt\u00e4neet k\u00e4yt\u00e4nt\u00f6mme vastaamaan tietosuoja-asetuksia. K\u00e4yt\u00e4mme s\u00e4hk\u00f6postiosoitettasi ainoastaan valokuvakeskuksen toiminnasta tiedottamiseen, emmek\u00e4 luovuta sit\u00e4 kolmansille osapuolille. P\u00e4ivitetyyn tietosuoja \u2013 ja rekisteriselosteeseen voit tutustua t\u00e4\u00e4ll\u00e4: Rekisterinpit\u00e4j\u00e4 Valokuvakeskus Nykyaika Kauppakatu 14 33210 Tampere Yhteydenotot rekisteri\u00e4 koskevissa asioissa Vastaamme tiedusteluihin s\u00e4hk\u00f6postitse osoitteessa director.nykyaika@backlight.fi. Pyrimme vastaamaan pyynt\u00f6ihin kolmen arkip\u00e4iv\u00e4n kuluessa. [&hellip;]<\/p>\n","protected":false},"author":6,"featured_media":0,"parent":0,"menu_order":0,"comment_status":"closed","ping_status":"closed","template":"","meta":{"iawp_total_views":41,"footnotes":""},"class_list":["post-2563","page","type-page","status-publish","hentry"],"yoast_head":"<!-- This site is optimized with the Yoast SEO plugin v27.4 - https:\/\/yoast.com\/product\/yoast-seo-wordpress\/ -->\n<title>Tietosuojak\u00e4yt\u00e4nt\u00f6 - Valokuvakeskus Nykyaika<\/title>\n<meta name=\"robots\" content=\"index, follow, max-snippet:-1, max-image-preview:large, max-video-preview:-1\" \/>\n<link rel=\"canonical\" href=\"https:\/\/valokuvakeskusnykyaika.fi\/en\/tietosuojakaytanto\/\" \/>\n<meta property=\"og:locale\" content=\"en_GB\" \/>\n<meta property=\"og:type\" content=\"article\" \/>\n<meta property=\"og:title\" content=\"Tietosuojak\u00e4yt\u00e4nt\u00f6 - Valokuvakeskus Nykyaika\" \/>\n<meta property=\"og:description\" content=\"EU:n yleinen tietosuoja-asetus eli GDPR astui voimaan 25.5.2018, ja olemme p\u00e4ivitt\u00e4neet k\u00e4yt\u00e4nt\u00f6mme vastaamaan tietosuoja-asetuksia. K\u00e4yt\u00e4mme s\u00e4hk\u00f6postiosoitettasi ainoastaan valokuvakeskuksen toiminnasta tiedottamiseen, emmek\u00e4 luovuta sit\u00e4 kolmansille osapuolille. P\u00e4ivitetyyn tietosuoja \u2013 ja rekisteriselosteeseen voit tutustua t\u00e4\u00e4ll\u00e4: Rekisterinpit\u00e4j\u00e4 Valokuvakeskus Nykyaika Kauppakatu 14 33210 Tampere Yhteydenotot rekisteri\u00e4 koskevissa asioissa Vastaamme tiedusteluihin s\u00e4hk\u00f6postitse osoitteessa director.nykyaika@backlight.fi. Pyrimme vastaamaan pyynt\u00f6ihin kolmen arkip\u00e4iv\u00e4n kuluessa. [&hellip;]\" \/>\n<meta property=\"og:url\" content=\"https:\/\/valokuvakeskusnykyaika.fi\/en\/tietosuojakaytanto\/\" \/>\n<meta property=\"og:site_name\" content=\"Valokuvakeskus Nykyaika\" \/>\n<meta property=\"article:publisher\" content=\"https:\/\/www.facebook.com\/valokuvakeskus.nykyaika\/\" \/>\n<meta property=\"article:modified_time\" content=\"2018-06-27T07:50:24+00:00\" \/>\n<meta name=\"twitter:card\" content=\"summary_large_image\" \/>\n<meta name=\"twitter:site\" content=\"@nykyaika\" \/>\n<meta name=\"twitter:label1\" content=\"Estimated reading time\" \/>\n\t<meta name=\"twitter:data1\" content=\"2 minutes\" \/>\n<script type=\"application\/ld+json\" class=\"yoast-schema-graph\">{\"@context\":\"https:\\\/\\\/schema.org\",\"@graph\":[{\"@type\":\"WebPage\",\"@id\":\"https:\\\/\\\/valokuvakeskusnykyaika.fi\\\/tietosuojakaytanto\\\/\",\"url\":\"https:\\\/\\\/valokuvakeskusnykyaika.fi\\\/tietosuojakaytanto\\\/\",\"name\":\"Tietosuojak\u00e4yt\u00e4nt\u00f6 - Valokuvakeskus Nykyaika\",\"isPartOf\":{\"@id\":\"https:\\\/\\\/valokuvakeskusnykyaika.fi\\\/#website\"},\"datePublished\":\"2018-06-18T11:45:06+00:00\",\"dateModified\":\"2018-06-27T07:50:24+00:00\",\"breadcrumb\":{\"@id\":\"https:\\\/\\\/valokuvakeskusnykyaika.fi\\\/tietosuojakaytanto\\\/#breadcrumb\"},\"inLanguage\":\"en-GB\",\"potentialAction\":[{\"@type\":\"ReadAction\",\"target\":[\"https:\\\/\\\/valokuvakeskusnykyaika.fi\\\/tietosuojakaytanto\\\/\"]}]},{\"@type\":\"BreadcrumbList\",\"@id\":\"https:\\\/\\\/valokuvakeskusnykyaika.fi\\\/tietosuojakaytanto\\\/#breadcrumb\",\"itemListElement\":[{\"@type\":\"ListItem\",\"position\":1,\"name\":\"Etusivu\",\"item\":\"https:\\\/\\\/valokuvakeskusnykyaika.fi\\\/\"},{\"@type\":\"ListItem\",\"position\":2,\"name\":\"Tietosuojak\u00e4yt\u00e4nt\u00f6\"}]},{\"@type\":\"WebSite\",\"@id\":\"https:\\\/\\\/valokuvakeskusnykyaika.fi\\\/#website\",\"url\":\"https:\\\/\\\/valokuvakeskusnykyaika.fi\\\/\",\"name\":\"Valokuvakeskus Nykyaika\",\"description\":\"Nykyaika on avoin kohtaamispaikka kaikille valokuvataiteen yst\u00e4ville\",\"publisher\":{\"@id\":\"https:\\\/\\\/valokuvakeskusnykyaika.fi\\\/#organization\"},\"potentialAction\":[{\"@type\":\"SearchAction\",\"target\":{\"@type\":\"EntryPoint\",\"urlTemplate\":\"https:\\\/\\\/valokuvakeskusnykyaika.fi\\\/?s={search_term_string}\"},\"query-input\":{\"@type\":\"PropertyValueSpecification\",\"valueRequired\":true,\"valueName\":\"search_term_string\"}}],\"inLanguage\":\"en-GB\"},{\"@type\":\"Organization\",\"@id\":\"https:\\\/\\\/valokuvakeskusnykyaika.fi\\\/#organization\",\"name\":\"Valokuvakeskus Nykyaika\",\"url\":\"https:\\\/\\\/valokuvakeskusnykyaika.fi\\\/\",\"logo\":{\"@type\":\"ImageObject\",\"inLanguage\":\"en-GB\",\"@id\":\"https:\\\/\\\/valokuvakeskusnykyaika.fi\\\/#\\\/schema\\\/logo\\\/image\\\/\",\"url\":\"https:\\\/\\\/valokuvakeskusnykyaika.fi\\\/wp-content\\\/uploads\\\/2019\\\/01\\\/NY-Valokuvakeskus-logo-pieni.png\",\"contentUrl\":\"https:\\\/\\\/valokuvakeskusnykyaika.fi\\\/wp-content\\\/uploads\\\/2019\\\/01\\\/NY-Valokuvakeskus-logo-pieni.png\",\"width\":300,\"height\":314,\"caption\":\"Valokuvakeskus Nykyaika\"},\"image\":{\"@id\":\"https:\\\/\\\/valokuvakeskusnykyaika.fi\\\/#\\\/schema\\\/logo\\\/image\\\/\"},\"sameAs\":[\"https:\\\/\\\/www.facebook.com\\\/valokuvakeskus.nykyaika\\\/\",\"https:\\\/\\\/x.com\\\/nykyaika\",\"https:\\\/\\\/www.instagram.com\\\/nykyaika\\\/\"]}]}<\/script>\n<!-- \/ Yoast SEO plugin. -->","yoast_head_json":{"title":"Tietosuojak\u00e4yt\u00e4nt\u00f6 - Valokuvakeskus Nykyaika","robots":{"index":"index","follow":"follow","max-snippet":"max-snippet:-1","max-image-preview":"max-image-preview:large","max-video-preview":"max-video-preview:-1"},"canonical":"https:\/\/valokuvakeskusnykyaika.fi\/en\/tietosuojakaytanto\/","og_locale":"en_GB","og_type":"article","og_title":"Tietosuojak\u00e4yt\u00e4nt\u00f6 - Valokuvakeskus Nykyaika","og_description":"EU:n yleinen tietosuoja-asetus eli GDPR astui voimaan 25.5.2018, ja olemme p\u00e4ivitt\u00e4neet k\u00e4yt\u00e4nt\u00f6mme vastaamaan tietosuoja-asetuksia. K\u00e4yt\u00e4mme s\u00e4hk\u00f6postiosoitettasi ainoastaan valokuvakeskuksen toiminnasta tiedottamiseen, emmek\u00e4 luovuta sit\u00e4 kolmansille osapuolille. P\u00e4ivitetyyn tietosuoja \u2013 ja rekisteriselosteeseen voit tutustua t\u00e4\u00e4ll\u00e4: Rekisterinpit\u00e4j\u00e4 Valokuvakeskus Nykyaika Kauppakatu 14 33210 Tampere Yhteydenotot rekisteri\u00e4 koskevissa asioissa Vastaamme tiedusteluihin s\u00e4hk\u00f6postitse osoitteessa director.nykyaika@backlight.fi. Pyrimme vastaamaan pyynt\u00f6ihin kolmen arkip\u00e4iv\u00e4n kuluessa. [&hellip;]","og_url":"https:\/\/valokuvakeskusnykyaika.fi\/en\/tietosuojakaytanto\/","og_site_name":"Valokuvakeskus Nykyaika","article_publisher":"https:\/\/www.facebook.com\/valokuvakeskus.nykyaika\/","article_modified_time":"2018-06-27T07:50:24+00:00","twitter_card":"summary_large_image","twitter_site":"@nykyaika","twitter_misc":{"Estimated reading time":"2 minutes"},"schema":{"@context":"https:\/\/schema.org","@graph":[{"@type":"WebPage","@id":"https:\/\/valokuvakeskusnykyaika.fi\/tietosuojakaytanto\/","url":"https:\/\/valokuvakeskusnykyaika.fi\/tietosuojakaytanto\/","name":"Tietosuojak\u00e4yt\u00e4nt\u00f6 - Valokuvakeskus Nykyaika","isPartOf":{"@id":"https:\/\/valokuvakeskusnykyaika.fi\/#website"},"datePublished":"2018-06-18T11:45:06+00:00","dateModified":"2018-06-27T07:50:24+00:00","breadcrumb":{"@id":"https:\/\/valokuvakeskusnykyaika.fi\/tietosuojakaytanto\/#breadcrumb"},"inLanguage":"en-GB","potentialAction":[{"@type":"ReadAction","target":["https:\/\/valokuvakeskusnykyaika.fi\/tietosuojakaytanto\/"]}]},{"@type":"BreadcrumbList","@id":"https:\/\/valokuvakeskusnykyaika.fi\/tietosuojakaytanto\/#breadcrumb","itemListElement":[{"@type":"ListItem","position":1,"name":"Etusivu","item":"https:\/\/valokuvakeskusnykyaika.fi\/"},{"@type":"ListItem","position":2,"name":"Tietosuojak\u00e4yt\u00e4nt\u00f6"}]},{"@type":"WebSite","@id":"https:\/\/valokuvakeskusnykyaika.fi\/#website","url":"https:\/\/valokuvakeskusnykyaika.fi\/","name":"Photographic Centre Nykyaika","description":"Nykyaika on avoin kohtaamispaikka kaikille valokuvataiteen yst\u00e4ville","publisher":{"@id":"https:\/\/valokuvakeskusnykyaika.fi\/#organization"},"potentialAction":[{"@type":"SearchAction","target":{"@type":"EntryPoint","urlTemplate":"https:\/\/valokuvakeskusnykyaika.fi\/?s={search_term_string}"},"query-input":{"@type":"PropertyValueSpecification","valueRequired":true,"valueName":"search_term_string"}}],"inLanguage":"en-GB"},{"@type":"Organization","@id":"https:\/\/valokuvakeskusnykyaika.fi\/#organization","name":"Photographic Centre Nykyaika","url":"https:\/\/valokuvakeskusnykyaika.fi\/","logo":{"@type":"ImageObject","inLanguage":"en-GB","@id":"https:\/\/valokuvakeskusnykyaika.fi\/#\/schema\/logo\/image\/","url":"https:\/\/valokuvakeskusnykyaika.fi\/wp-content\/uploads\/2019\/01\/NY-Valokuvakeskus-logo-pieni.png","contentUrl":"https:\/\/valokuvakeskusnykyaika.fi\/wp-content\/uploads\/2019\/01\/NY-Valokuvakeskus-logo-pieni.png","width":300,"height":314,"caption":"Valokuvakeskus Nykyaika"},"image":{"@id":"https:\/\/valokuvakeskusnykyaika.fi\/#\/schema\/logo\/image\/"},"sameAs":["https:\/\/www.facebook.com\/valokuvakeskus.nykyaika\/","https:\/\/x.com\/nykyaika","https:\/\/www.instagram.com\/nykyaika\/"]}]}},"_links":{"self":[{"href":"https:\/\/valokuvakeskusnykyaika.fi\/en\/wp-json\/wp\/v2\/pages\/2563","targetHints":{"allow":["GET"]}}],"collection":[{"href":"https:\/\/valokuvakeskusnykyaika.fi\/en\/wp-json\/wp\/v2\/pages"}],"about":[{"href":"https:\/\/valokuvakeskusnykyaika.fi\/en\/wp-json\/wp\/v2\/types\/page"}],"author":[{"embeddable":true,"href":"https:\/\/valokuvakeskusnykyaika.fi\/en\/wp-json\/wp\/v2\/users\/6"}],"replies":[{"embeddable":true,"href":"https:\/\/valokuvakeskusnykyaika.fi\/en\/wp-json\/wp\/v2\/comments?post=2563"}],"version-history":[{"count":9,"href":"https:\/\/valokuvakeskusnykyaika.fi\/en\/wp-json\/wp\/v2\/pages\/2563\/revisions"}],"predecessor-version":[{"id":2578,"href":"https:\/\/valokuvakeskusnykyaika.fi\/en\/wp-json\/wp\/v2\/pages\/2563\/revisions\/2578"}],"wp:attachment":[{"href":"https:\/\/valokuvakeskusnykyaika.fi\/en\/wp-json\/wp\/v2\/media?parent=2563"}],"curies":[{"name":"wp","href":"https:\/\/api.w.org\/{rel}","templated":true}]}}