{"id":6437,"date":"2025-05-05T15:43:28","date_gmt":"2025-05-05T12:43:28","guid":{"rendered":"https:\/\/valokuvakeskusnykyaika.fi\/?page_id=6437"},"modified":"2026-03-03T14:02:40","modified_gmt":"2026-03-03T12:02:40","slug":"galleriakauppa-soppi","status":"publish","type":"page","link":"https:\/\/valokuvakeskusnykyaika.fi\/en\/galleriakauppa-soppi\/","title":{"rendered":"Gallery Shop Soppi"},"content":{"rendered":"<p><\/p>\n\n\n\n<p><\/p>\n\n\n\n<div class=\"wp-block-group\"><div class=\"wp-block-group__inner-container is-layout-constrained wp-block-group-is-layout-constrained\">\n<div class=\"wp-block-group is-nowrap is-layout-flex wp-container-core-group-is-layout-ad2f72ca wp-block-group-is-layout-flex\">\n<figure class=\"wp-block-image size-large is-resized\"><img loading=\"lazy\" decoding=\"async\" width=\"640\" height=\"640\" src=\"https:\/\/valokuvakeskusnykyaika.fi\/wp-content\/uploads\/2025\/05\/soppi-copy_tranparent-640x640.png\" alt=\"\" class=\"wp-image-6445\" style=\"width:564px;height:auto\"\/><\/figure>\n\n\n\n<figure class=\"wp-block-image size-large is-resized\"><img loading=\"lazy\" decoding=\"async\" width=\"427\" height=\"640\" src=\"https:\/\/valokuvakeskusnykyaika.fi\/wp-content\/uploads\/2025\/05\/valmis-9698-427x640.jpg\" alt=\"\" class=\"wp-image-6452\" style=\"width:413px;height:auto\"\/><\/figure>\n\n\n\n<p><\/p>\n<\/div>\n<\/div><\/div>\n\n\n\n<div style=\"height:100px\" aria-hidden=\"true\" class=\"wp-block-spacer\"><\/div>\n\n\n\n<p>Soppi is a shop run by Nykyaika specialising in art products, including books, postcards and art prints.<\/p>\n\n\n\n<p>The shop is open during gallery opening hours: Mon-Fri 12-18, Sat-Sun 12-16 and is located on the bottom floor of the gallery.<\/p>\n\n\n\n<p>We include a wide range of products in our range. Feel free to offer your own. Nykyaika ry will charge a 25% commission on all products sold, which will be used to cover the costs of the shop. Our activities are non-profit. We account the proceeds of sales to the authors at the end of the sales period.<\/p>\n\n\n\n<p>We accept product suggestions via email. Please send a free description of your proposed product with a picture to: info(dot)nykyaika(at)backlight(dot)fi<\/p>\n\n\n\n<p>We will decide and announce our choices as soon as possible. A separate contract will be drawn up for the transmission of the works. We always select products for one year at a time.<\/p>\n\n\n\n<p><\/p>","protected":false},"excerpt":{"rendered":"<p>Valokuvakeskus Nykyajan tiloissa toimii taidetuotteisiin erikoistunut kauppa, jonka valikoimaan kuuluu esimerkiksi kirjoja, postikortteja ja taideprinttej\u00e4. Nykyajan kauppa on auki gallerian aukioloaikojen mukaan: ma\u2013pe 12\u201318, la\u2013su 12\u201316 ja se sijaitsee gallerian pohjakerroksessa. Otamme valikoimiimme monenlaisia tuotteita. Tarjoa rohkeasti omiasi. Valokuvakeskus Nykyaika ry perii myydyist\u00e4 tuotteista 25% v\u00e4lityskorvauksen, mik\u00e4 k\u00e4ytet\u00e4\u00e4n kaupan kulujen kattamiseen. Toiminta on meille voittoa [&hellip;]<\/p>\n","protected":false},"author":6,"featured_media":0,"parent":0,"menu_order":0,"comment_status":"closed","ping_status":"closed","template":"","meta":{"iawp_total_views":155,"footnotes":""},"class_list":["post-6437","page","type-page","status-publish","hentry"],"yoast_head":"<!-- This site is optimized with the Yoast SEO plugin v27.3 - https:\/\/yoast.com\/product\/yoast-seo-wordpress\/ -->\n<title>Galleriakauppa Soppi - Valokuvakeskus Nykyaika<\/title>\n<meta name=\"robots\" content=\"index, follow, max-snippet:-1, max-image-preview:large, max-video-preview:-1\" \/>\n<link rel=\"canonical\" href=\"https:\/\/valokuvakeskusnykyaika.fi\/en\/galleriakauppa-soppi\/\" \/>\n<meta property=\"og:locale\" content=\"en_GB\" \/>\n<meta property=\"og:type\" content=\"article\" \/>\n<meta property=\"og:title\" content=\"Galleriakauppa Soppi - Valokuvakeskus Nykyaika\" \/>\n<meta property=\"og:description\" content=\"Valokuvakeskus Nykyajan tiloissa toimii taidetuotteisiin erikoistunut kauppa, jonka valikoimaan kuuluu esimerkiksi kirjoja, postikortteja ja taideprinttej\u00e4. Nykyajan kauppa on auki gallerian aukioloaikojen mukaan: ma\u2013pe 12\u201318, la\u2013su 12\u201316 ja se sijaitsee gallerian pohjakerroksessa. Otamme valikoimiimme monenlaisia tuotteita. Tarjoa rohkeasti omiasi. Valokuvakeskus Nykyaika ry perii myydyist\u00e4 tuotteista 25% v\u00e4lityskorvauksen, mik\u00e4 k\u00e4ytet\u00e4\u00e4n kaupan kulujen kattamiseen. Toiminta on meille voittoa [&hellip;]\" \/>\n<meta property=\"og:url\" content=\"https:\/\/valokuvakeskusnykyaika.fi\/en\/galleriakauppa-soppi\/\" \/>\n<meta property=\"og:site_name\" content=\"Valokuvakeskus Nykyaika\" \/>\n<meta property=\"article:publisher\" content=\"https:\/\/www.facebook.com\/valokuvakeskus.nykyaika\/\" \/>\n<meta property=\"article:modified_time\" content=\"2026-03-03T12:02:40+00:00\" \/>\n<meta property=\"og:image\" content=\"https:\/\/valokuvakeskusnykyaika.fi\/wp-content\/uploads\/2025\/05\/soppi-copy_tranparent.png\" \/>\n\t<meta property=\"og:image:width\" content=\"8090\" \/>\n\t<meta property=\"og:image:height\" content=\"8090\" \/>\n\t<meta property=\"og:image:type\" content=\"image\/png\" \/>\n<meta name=\"twitter:card\" content=\"summary_large_image\" \/>\n<meta name=\"twitter:site\" content=\"@nykyaika\" \/>\n<meta name=\"twitter:label1\" content=\"Estimated reading time\" \/>\n\t<meta name=\"twitter:data1\" content=\"1 minute\" \/>\n<script type=\"application\/ld+json\" class=\"yoast-schema-graph\">{\"@context\":\"https:\\\/\\\/schema.org\",\"@graph\":[{\"@type\":\"WebPage\",\"@id\":\"https:\\\/\\\/valokuvakeskusnykyaika.fi\\\/galleriakauppa-soppi\\\/\",\"url\":\"https:\\\/\\\/valokuvakeskusnykyaika.fi\\\/galleriakauppa-soppi\\\/\",\"name\":\"Galleriakauppa Soppi - Valokuvakeskus Nykyaika\",\"isPartOf\":{\"@id\":\"https:\\\/\\\/valokuvakeskusnykyaika.fi\\\/#website\"},\"primaryImageOfPage\":{\"@id\":\"https:\\\/\\\/valokuvakeskusnykyaika.fi\\\/galleriakauppa-soppi\\\/#primaryimage\"},\"image\":{\"@id\":\"https:\\\/\\\/valokuvakeskusnykyaika.fi\\\/galleriakauppa-soppi\\\/#primaryimage\"},\"thumbnailUrl\":\"https:\\\/\\\/valokuvakeskusnykyaika.fi\\\/wp-content\\\/uploads\\\/2025\\\/05\\\/soppi-copy_tranparent-640x640.png\",\"datePublished\":\"2025-05-05T12:43:28+00:00\",\"dateModified\":\"2026-03-03T12:02:40+00:00\",\"breadcrumb\":{\"@id\":\"https:\\\/\\\/valokuvakeskusnykyaika.fi\\\/galleriakauppa-soppi\\\/#breadcrumb\"},\"inLanguage\":\"en-GB\",\"potentialAction\":[{\"@type\":\"ReadAction\",\"target\":[\"https:\\\/\\\/valokuvakeskusnykyaika.fi\\\/galleriakauppa-soppi\\\/\"]}]},{\"@type\":\"ImageObject\",\"inLanguage\":\"en-GB\",\"@id\":\"https:\\\/\\\/valokuvakeskusnykyaika.fi\\\/galleriakauppa-soppi\\\/#primaryimage\",\"url\":\"https:\\\/\\\/valokuvakeskusnykyaika.fi\\\/wp-content\\\/uploads\\\/2025\\\/05\\\/soppi-copy_tranparent-640x640.png\",\"contentUrl\":\"https:\\\/\\\/valokuvakeskusnykyaika.fi\\\/wp-content\\\/uploads\\\/2025\\\/05\\\/soppi-copy_tranparent-640x640.png\"},{\"@type\":\"BreadcrumbList\",\"@id\":\"https:\\\/\\\/valokuvakeskusnykyaika.fi\\\/galleriakauppa-soppi\\\/#breadcrumb\",\"itemListElement\":[{\"@type\":\"ListItem\",\"position\":1,\"name\":\"Etusivu\",\"item\":\"https:\\\/\\\/valokuvakeskusnykyaika.fi\\\/\"},{\"@type\":\"ListItem\",\"position\":2,\"name\":\"Galleriakauppa Soppi\"}]},{\"@type\":\"WebSite\",\"@id\":\"https:\\\/\\\/valokuvakeskusnykyaika.fi\\\/#website\",\"url\":\"https:\\\/\\\/valokuvakeskusnykyaika.fi\\\/\",\"name\":\"Valokuvakeskus Nykyaika\",\"description\":\"Nykyaika on avoin kohtaamispaikka kaikille valokuvataiteen yst\u00e4ville\",\"publisher\":{\"@id\":\"https:\\\/\\\/valokuvakeskusnykyaika.fi\\\/#organization\"},\"potentialAction\":[{\"@type\":\"SearchAction\",\"target\":{\"@type\":\"EntryPoint\",\"urlTemplate\":\"https:\\\/\\\/valokuvakeskusnykyaika.fi\\\/?s={search_term_string}\"},\"query-input\":{\"@type\":\"PropertyValueSpecification\",\"valueRequired\":true,\"valueName\":\"search_term_string\"}}],\"inLanguage\":\"en-GB\"},{\"@type\":\"Organization\",\"@id\":\"https:\\\/\\\/valokuvakeskusnykyaika.fi\\\/#organization\",\"name\":\"Valokuvakeskus Nykyaika\",\"url\":\"https:\\\/\\\/valokuvakeskusnykyaika.fi\\\/\",\"logo\":{\"@type\":\"ImageObject\",\"inLanguage\":\"en-GB\",\"@id\":\"https:\\\/\\\/valokuvakeskusnykyaika.fi\\\/#\\\/schema\\\/logo\\\/image\\\/\",\"url\":\"https:\\\/\\\/valokuvakeskusnykyaika.fi\\\/wp-content\\\/uploads\\\/2019\\\/01\\\/NY-Valokuvakeskus-logo-pieni.png\",\"contentUrl\":\"https:\\\/\\\/valokuvakeskusnykyaika.fi\\\/wp-content\\\/uploads\\\/2019\\\/01\\\/NY-Valokuvakeskus-logo-pieni.png\",\"width\":300,\"height\":314,\"caption\":\"Valokuvakeskus Nykyaika\"},\"image\":{\"@id\":\"https:\\\/\\\/valokuvakeskusnykyaika.fi\\\/#\\\/schema\\\/logo\\\/image\\\/\"},\"sameAs\":[\"https:\\\/\\\/www.facebook.com\\\/valokuvakeskus.nykyaika\\\/\",\"https:\\\/\\\/x.com\\\/nykyaika\",\"https:\\\/\\\/www.instagram.com\\\/nykyaika\\\/\"]}]}<\/script>\n<!-- \/ Yoast SEO plugin. -->","yoast_head_json":{"title":"Galleriakauppa Soppi - Valokuvakeskus Nykyaika","robots":{"index":"index","follow":"follow","max-snippet":"max-snippet:-1","max-image-preview":"max-image-preview:large","max-video-preview":"max-video-preview:-1"},"canonical":"https:\/\/valokuvakeskusnykyaika.fi\/en\/galleriakauppa-soppi\/","og_locale":"en_GB","og_type":"article","og_title":"Galleriakauppa Soppi - Valokuvakeskus Nykyaika","og_description":"Valokuvakeskus Nykyajan tiloissa toimii taidetuotteisiin erikoistunut kauppa, jonka valikoimaan kuuluu esimerkiksi kirjoja, postikortteja ja taideprinttej\u00e4. Nykyajan kauppa on auki gallerian aukioloaikojen mukaan: ma\u2013pe 12\u201318, la\u2013su 12\u201316 ja se sijaitsee gallerian pohjakerroksessa. Otamme valikoimiimme monenlaisia tuotteita. Tarjoa rohkeasti omiasi. Valokuvakeskus Nykyaika ry perii myydyist\u00e4 tuotteista 25% v\u00e4lityskorvauksen, mik\u00e4 k\u00e4ytet\u00e4\u00e4n kaupan kulujen kattamiseen. Toiminta on meille voittoa [&hellip;]","og_url":"https:\/\/valokuvakeskusnykyaika.fi\/en\/galleriakauppa-soppi\/","og_site_name":"Valokuvakeskus Nykyaika","article_publisher":"https:\/\/www.facebook.com\/valokuvakeskus.nykyaika\/","article_modified_time":"2026-03-03T12:02:40+00:00","og_image":[{"width":8090,"height":8090,"url":"https:\/\/valokuvakeskusnykyaika.fi\/wp-content\/uploads\/2025\/05\/soppi-copy_tranparent.png","type":"image\/png"}],"twitter_card":"summary_large_image","twitter_site":"@nykyaika","twitter_misc":{"Estimated reading time":"1 minute"},"schema":{"@context":"https:\/\/schema.org","@graph":[{"@type":"WebPage","@id":"https:\/\/valokuvakeskusnykyaika.fi\/galleriakauppa-soppi\/","url":"https:\/\/valokuvakeskusnykyaika.fi\/galleriakauppa-soppi\/","name":"Galleriakauppa Soppi - Valokuvakeskus Nykyaika","isPartOf":{"@id":"https:\/\/valokuvakeskusnykyaika.fi\/#website"},"primaryImageOfPage":{"@id":"https:\/\/valokuvakeskusnykyaika.fi\/galleriakauppa-soppi\/#primaryimage"},"image":{"@id":"https:\/\/valokuvakeskusnykyaika.fi\/galleriakauppa-soppi\/#primaryimage"},"thumbnailUrl":"https:\/\/valokuvakeskusnykyaika.fi\/wp-content\/uploads\/2025\/05\/soppi-copy_tranparent-640x640.png","datePublished":"2025-05-05T12:43:28+00:00","dateModified":"2026-03-03T12:02:40+00:00","breadcrumb":{"@id":"https:\/\/valokuvakeskusnykyaika.fi\/galleriakauppa-soppi\/#breadcrumb"},"inLanguage":"en-GB","potentialAction":[{"@type":"ReadAction","target":["https:\/\/valokuvakeskusnykyaika.fi\/galleriakauppa-soppi\/"]}]},{"@type":"ImageObject","inLanguage":"en-GB","@id":"https:\/\/valokuvakeskusnykyaika.fi\/galleriakauppa-soppi\/#primaryimage","url":"https:\/\/valokuvakeskusnykyaika.fi\/wp-content\/uploads\/2025\/05\/soppi-copy_tranparent-640x640.png","contentUrl":"https:\/\/valokuvakeskusnykyaika.fi\/wp-content\/uploads\/2025\/05\/soppi-copy_tranparent-640x640.png"},{"@type":"BreadcrumbList","@id":"https:\/\/valokuvakeskusnykyaika.fi\/galleriakauppa-soppi\/#breadcrumb","itemListElement":[{"@type":"ListItem","position":1,"name":"Etusivu","item":"https:\/\/valokuvakeskusnykyaika.fi\/"},{"@type":"ListItem","position":2,"name":"Galleriakauppa Soppi"}]},{"@type":"WebSite","@id":"https:\/\/valokuvakeskusnykyaika.fi\/#website","url":"https:\/\/valokuvakeskusnykyaika.fi\/","name":"Photographic Centre Nykyaika","description":"Nykyaika on avoin kohtaamispaikka kaikille valokuvataiteen yst\u00e4ville","publisher":{"@id":"https:\/\/valokuvakeskusnykyaika.fi\/#organization"},"potentialAction":[{"@type":"SearchAction","target":{"@type":"EntryPoint","urlTemplate":"https:\/\/valokuvakeskusnykyaika.fi\/?s={search_term_string}"},"query-input":{"@type":"PropertyValueSpecification","valueRequired":true,"valueName":"search_term_string"}}],"inLanguage":"en-GB"},{"@type":"Organization","@id":"https:\/\/valokuvakeskusnykyaika.fi\/#organization","name":"Photographic Centre Nykyaika","url":"https:\/\/valokuvakeskusnykyaika.fi\/","logo":{"@type":"ImageObject","inLanguage":"en-GB","@id":"https:\/\/valokuvakeskusnykyaika.fi\/#\/schema\/logo\/image\/","url":"https:\/\/valokuvakeskusnykyaika.fi\/wp-content\/uploads\/2019\/01\/NY-Valokuvakeskus-logo-pieni.png","contentUrl":"https:\/\/valokuvakeskusnykyaika.fi\/wp-content\/uploads\/2019\/01\/NY-Valokuvakeskus-logo-pieni.png","width":300,"height":314,"caption":"Valokuvakeskus Nykyaika"},"image":{"@id":"https:\/\/valokuvakeskusnykyaika.fi\/#\/schema\/logo\/image\/"},"sameAs":["https:\/\/www.facebook.com\/valokuvakeskus.nykyaika\/","https:\/\/x.com\/nykyaika","https:\/\/www.instagram.com\/nykyaika\/"]}]}},"_links":{"self":[{"href":"https:\/\/valokuvakeskusnykyaika.fi\/en\/wp-json\/wp\/v2\/pages\/6437","targetHints":{"allow":["GET"]}}],"collection":[{"href":"https:\/\/valokuvakeskusnykyaika.fi\/en\/wp-json\/wp\/v2\/pages"}],"about":[{"href":"https:\/\/valokuvakeskusnykyaika.fi\/en\/wp-json\/wp\/v2\/types\/page"}],"author":[{"embeddable":true,"href":"https:\/\/valokuvakeskusnykyaika.fi\/en\/wp-json\/wp\/v2\/users\/6"}],"replies":[{"embeddable":true,"href":"https:\/\/valokuvakeskusnykyaika.fi\/en\/wp-json\/wp\/v2\/comments?post=6437"}],"version-history":[{"count":18,"href":"https:\/\/valokuvakeskusnykyaika.fi\/en\/wp-json\/wp\/v2\/pages\/6437\/revisions"}],"predecessor-version":[{"id":6783,"href":"https:\/\/valokuvakeskusnykyaika.fi\/en\/wp-json\/wp\/v2\/pages\/6437\/revisions\/6783"}],"wp:attachment":[{"href":"https:\/\/valokuvakeskusnykyaika.fi\/en\/wp-json\/wp\/v2\/media?parent=6437"}],"curies":[{"name":"wp","href":"https:\/\/api.w.org\/{rel}","templated":true}]}}